{"id":460415,"date":"2026-04-02T04:11:14","date_gmt":"2026-04-02T02:11:14","guid":{"rendered":"https:\/\/interiorposter.com\/product\/obraz-na-plotnie-wzburzone-morze-w-turkusowych-tonach\/"},"modified":"2026-04-05T01:10:48","modified_gmt":"2026-04-04T23:10:48","slug":"obraz-na-plotnie-wzburzone-morze-w-turkusowych-tonach","status":"publish","type":"product","link":"https:\/\/interiorposter.com\/de\/product\/obraz-na-plotnie-wzburzone-morze-w-turkusowych-tonach\/","title":{"rendered":"Leinwandbild Aufgew\u00fchltes Meer in T\u00fcrkist\u00f6nen"},"content":{"rendered":"<p>Dieses Leinwandbild mit dem Motiv eines aufgew\u00fchlten Meeres begeistert mit der Kraft der Natur, dynamischer Bewegung und einer au\u00dfergew\u00f6hnlichen Farbtiefe. Sch\u00e4umende Wellen in T\u00fcrkis, Meeresgr\u00fcn, Wei\u00df und Grau schaffen eine eindrucksvolle Komposition, die alle Blicke auf sich zieht und dem Raum einen markanten, modernen Charakter verleiht. Es ist eine stilvolle Dekoration f\u00fcr Wohnzimmer, B\u00fcro, Hotel, Restaurant oder Flur und ideal f\u00fcr moderne, industrielle und von der Natur inspirierte Einrichtungen. Dieses Wandbild bringt Energie, Frische und eine elegante Atmosph\u00e4re in den Raum und wird zu einem starken Akzent f\u00fcr Interieurs, die Eindruck machen sollen.<\/p>\n","protected":false},"excerpt":{"rendered":"<p>Ausdrucksstarkes Leinwandbild mit einem aufgew\u00fchlten Meer in T\u00fcrkis und Grau. Eine moderne Dekoration f\u00fcr Wohnzimmer, B\u00fcro oder Hotel, die Energie, Tiefe und maritimes Flair in den Raum bringt.<\/p>\n","protected":false},"featured_media":336823,"comment_status":"closed","ping_status":"closed","template":"","meta":[],"product_brand":[],"product_cat":[87,72,75,136,298,142,90,84],"product_tag":[181,697,594,703],"class_list":{"0":"post-460415","1":"product","2":"type-product","3":"status-publish","4":"has-post-thumbnail","6":"product_cat-buero","7":"product_cat-flur","8":"product_cat-hotel-de","9":"product_cat-landschaften","10":"product_cat-malerei","11":"product_cat-meer-kuste","12":"product_cat-restaurant-de","13":"product_cat-wohnzimmer","14":"product_tag-grau","15":"product_tag-moderne-bilder","16":"product_tag-multicolor-de","17":"product_tag-querformat","18":"pa_size-finishing-30x20-standard-de","19":"pa_size-finishing-30x20-na-ptnie-woskim-de","20":"pa_size-finishing-30x20-premium-print-de","21":"pa_size-finishing-30x20-akustyczny-de","22":"pa_size-finishing-60x40-standard-de","23":"pa_size-finishing-60x40-na-ptnie-woskim-de","24":"pa_size-finishing-60x40-premium-print-de","25":"pa_size-finishing-60x40-akustyczny-de","26":"pa_size-finishing-60x40-w-ramie-drewnianej-naturalnej-de","27":"pa_size-finishing-60x40-w-ramie-drewnianej-czarnej-de","28":"pa_size-finishing-90x60-standard-de","29":"pa_size-finishing-90x60-na-ptnie-woskim-de","30":"pa_size-finishing-90x60-premium-print-de","31":"pa_size-finishing-90x60-akustyczny-de","32":"pa_size-finishing-90x60-w-ramie-drewnianej-naturalnej-de","33":"pa_size-finishing-90x60-w-ramie-drewnianej-czarnej-de","34":"pa_size-finishing-120x80-standard-de","35":"pa_size-finishing-120x80-na-ptnie-woskim-de","36":"pa_size-finishing-120x80-premium-print-de","37":"pa_size-finishing-120x80-akustyczny-de","38":"pa_size-finishing-120x80-w-ramie-drewnianej-naturalnej-de","39":"pa_size-finishing-120x80-w-ramie-drewnianej-czarnej-de","41":"first","42":"instock","43":"purchasable","44":"product-type-variable","45":"has-default-attributes"},"aioseo_notices":[],"_links":{"self":[{"href":"https:\/\/interiorposter.com\/de\/wp-json\/wp\/v2\/product\/460415","targetHints":{"allow":["GET"]}}],"collection":[{"href":"https:\/\/interiorposter.com\/de\/wp-json\/wp\/v2\/product"}],"about":[{"href":"https:\/\/interiorposter.com\/de\/wp-json\/wp\/v2\/types\/product"}],"replies":[{"embeddable":true,"href":"https:\/\/interiorposter.com\/de\/wp-json\/wp\/v2\/comments?post=460415"}],"wp:featuredmedia":[{"embeddable":true,"href":"https:\/\/interiorposter.com\/de\/wp-json\/wp\/v2\/media\/336823"}],"wp:attachment":[{"href":"https:\/\/interiorposter.com\/de\/wp-json\/wp\/v2\/media?parent=460415"}],"wp:term":[{"taxonomy":"product_brand","embeddable":true,"href":"https:\/\/interiorposter.com\/de\/wp-json\/wp\/v2\/product_brand?post=460415"},{"taxonomy":"product_cat","embeddable":true,"href":"https:\/\/interiorposter.com\/de\/wp-json\/wp\/v2\/product_cat?post=460415"},{"taxonomy":"product_tag","embeddable":true,"href":"https:\/\/interiorposter.com\/de\/wp-json\/wp\/v2\/product_tag?post=460415"}],"curies":[{"name":"wp","href":"https:\/\/api.w.org\/{rel}","templated":true}]}}