{"id":460137,"date":"2026-04-02T04:02:59","date_gmt":"2026-04-02T02:02:59","guid":{"rendered":"https:\/\/interiorposter.com\/product\/obraz-na-plotnie-mglista-wyspa-nad-spokojnym-jeziorem\/"},"modified":"2026-04-05T01:06:23","modified_gmt":"2026-04-04T23:06:23","slug":"obraz-na-plotnie-mglista-wyspa-nad-spokojnym-jeziorem","status":"publish","type":"product","link":"https:\/\/interiorposter.com\/de\/product\/obraz-na-plotnie-mglista-wyspa-nad-spokojnym-jeziorem\/","title":{"rendered":"Leinwandbild Nebelinsel auf einem ruhigen See"},"content":{"rendered":"<p>Dieses Leinwandbild mit dem Motiv einer nebligen Insel, die von der ruhigen Oberfl\u00e4che eines Sees umgeben ist, begeistert mit nat\u00fcrlicher Ruhe und subtiler Eleganz. Zarte T\u00f6ne von gedecktem Gr\u00fcn, Beige, Grau und gebrochenem Wei\u00df schaffen eine harmonische Komposition, die eine Atmosph\u00e4re von Gelassenheit und Naturn\u00e4he in den Raum bringt. Dieses Bild f\u00fcr das Wohnzimmer eignet sich auch hervorragend f\u00fcr Schlafzimmer, B\u00fcro, Hotel oder Flur, besonders in skandinavischen, minimalistischen und modernen Einrichtungen. Es ist eine stilvolle Wanddekoration, die den Raum optisch beruhigt, ihm Leichtigkeit verleiht und zu einem zeitlosen Akzent wird, der von einer Seenlandschaft und einer bewaldeten Insel inspiriert ist.<\/p>\n","protected":false},"excerpt":{"rendered":"<p>Subtiles Leinwandbild mit einer nebligen Insel und einem ruhigen See in Grau, Beige und Gr\u00fcnt\u00f6nen. Eine elegante Dekoration f\u00fcr Wohnzimmer, Schlafzimmer oder B\u00fcro, die Harmonie, Leichtigkeit und nat\u00fcrliche Atmosph\u00e4re in den Raum bringt.<\/p>\n","protected":false},"featured_media":336166,"comment_status":"closed","ping_status":"closed","template":"","meta":[],"product_brand":[],"product_cat":[87,72,109,75,136,124,69,112,84],"product_tag":[705,697,594],"class_list":{"0":"post-460137","1":"product","2":"type-product","3":"status-publish","4":"has-post-thumbnail","6":"product_cat-buero","7":"product_cat-flur","8":"product_cat-fotografie-de","9":"product_cat-hotel-de","10":"product_cat-landschaften","11":"product_cat-blumen","12":"product_cat-schlafzimmer","13":"product_cat-skandinavisch","14":"product_cat-wohnzimmer","15":"product_tag-hochformat","16":"product_tag-moderne-bilder","17":"product_tag-multicolor-de","18":"pa_size-finishing-20x30-standard-de","19":"pa_size-finishing-20x30-na-ptnie-woskim-de","20":"pa_size-finishing-20x30-premium-print-de","21":"pa_size-finishing-20x30-akustyczny-de","22":"pa_size-finishing-40x60-standard-de","23":"pa_size-finishing-40x60-na-ptnie-woskim-de","24":"pa_size-finishing-40x60-premium-print-de","25":"pa_size-finishing-40x60-akustyczny-de","26":"pa_size-finishing-40x60-w-ramie-drewnianej-naturalnej-de","27":"pa_size-finishing-40x60-w-ramie-drewnianej-czarnej-de","28":"pa_size-finishing-60x90-standard-de","29":"pa_size-finishing-60x90-na-ptnie-woskim-de","30":"pa_size-finishing-60x90-premium-print-de","31":"pa_size-finishing-60x90-akustyczny-de","32":"pa_size-finishing-60x90-w-ramie-drewnianej-naturalnej-de","33":"pa_size-finishing-60x90-w-ramie-drewnianej-czarnej-de","34":"pa_size-finishing-80x120-standard-de","35":"pa_size-finishing-80x120-na-ptnie-woskim-de","36":"pa_size-finishing-80x120-premium-print-de","37":"pa_size-finishing-80x120-akustyczny-de","38":"pa_size-finishing-80x120-w-ramie-drewnianej-naturalnej-de","39":"pa_size-finishing-80x120-w-ramie-drewnianej-czarnej-de","41":"first","42":"instock","43":"purchasable","44":"product-type-variable","45":"has-default-attributes"},"aioseo_notices":[],"_links":{"self":[{"href":"https:\/\/interiorposter.com\/de\/wp-json\/wp\/v2\/product\/460137","targetHints":{"allow":["GET"]}}],"collection":[{"href":"https:\/\/interiorposter.com\/de\/wp-json\/wp\/v2\/product"}],"about":[{"href":"https:\/\/interiorposter.com\/de\/wp-json\/wp\/v2\/types\/product"}],"replies":[{"embeddable":true,"href":"https:\/\/interiorposter.com\/de\/wp-json\/wp\/v2\/comments?post=460137"}],"wp:featuredmedia":[{"embeddable":true,"href":"https:\/\/interiorposter.com\/de\/wp-json\/wp\/v2\/media\/336166"}],"wp:attachment":[{"href":"https:\/\/interiorposter.com\/de\/wp-json\/wp\/v2\/media?parent=460137"}],"wp:term":[{"taxonomy":"product_brand","embeddable":true,"href":"https:\/\/interiorposter.com\/de\/wp-json\/wp\/v2\/product_brand?post=460137"},{"taxonomy":"product_cat","embeddable":true,"href":"https:\/\/interiorposter.com\/de\/wp-json\/wp\/v2\/product_cat?post=460137"},{"taxonomy":"product_tag","embeddable":true,"href":"https:\/\/interiorposter.com\/de\/wp-json\/wp\/v2\/product_tag?post=460137"}],"curies":[{"name":"wp","href":"https:\/\/api.w.org\/{rel}","templated":true}]}}