{"id":459547,"date":"2026-04-03T05:25:10","date_gmt":"2026-04-03T03:25:10","guid":{"rendered":"https:\/\/interiorposter.com\/product\/obraz-na-plotnie-drzewo-o-zlotej-koronie-nad-woda\/"},"modified":"2026-04-05T00:56:06","modified_gmt":"2026-04-04T22:56:06","slug":"obraz-na-plotnie-drzewo-o-zlotej-koronie-nad-woda","status":"publish","type":"product","link":"https:\/\/interiorposter.com\/de\/product\/obraz-na-plotnie-drzewo-o-zlotej-koronie-nad-woda\/","title":{"rendered":"Leinwandbild Baum mit goldener Krone am Wasser"},"content":{"rendered":"<p>Dieses Leinwandbild mit dem Motiv eines ausladenden Baumes mit einer leuchtenden gold orangefarbenen Krone begeistert mit intensiver Farbigkeit und malerischer Energie. Spiegelungen im Wasser, feine Vogelsilhouetten und die Verbindung warmer Sonnenuntergangst\u00f6ne mit Akzenten in Violett, Blau und Rosa schaffen eine au\u00dfergew\u00f6hnliche Dekoration voller Tiefe und Emotion. Es ist eine eindrucksvolle Wahl f\u00fcr Wohnzimmer, Schlafzimmer, B\u00fcro, Hotel oder Restaurant und ideal f\u00fcr moderne und k\u00fcnstlerisch inspirierte Einrichtungen. Dieses Wandbild zieht die Blicke auf sich, belebt den Raum und bringt eine Atmosph\u00e4re von Ruhe, Licht und inspirierender Naturn\u00e4he in die Einrichtung.<\/p>\n","protected":false},"excerpt":{"rendered":"<p>Malerisches Leinwandbild mit einem Baum mit goldener Krone am Wasser in warmen Orange, Violett und Blaut\u00f6nen. Eine eindrucksvolle Dekoration f\u00fcr Wohnzimmer, Schlafzimmer oder B\u00fcro, die Energie, Licht und eine k\u00fcnstlerische Atmosph\u00e4re in den Raum bringt.<\/p>\n","protected":false},"featured_media":398237,"comment_status":"closed","ping_status":"closed","template":"","meta":[],"product_brand":[],"product_cat":[87,75,290,136,298,106,124,90,69,255,84],"product_tag":[272,697,594,703],"class_list":{"0":"post-459547","1":"product","2":"type-product","3":"status-publish","4":"has-post-thumbnail","6":"product_cat-buero","7":"product_cat-hotel-de","8":"product_cat-illustrationen","9":"product_cat-landschaften","10":"product_cat-malerei","11":"product_cat-modern-de","12":"product_cat-blumen","13":"product_cat-restaurant-de","14":"product_cat-schlafzimmer","15":"product_cat-tiere-natur","16":"product_cat-wohnzimmer","17":"product_tag-dunkel","18":"product_tag-moderne-bilder","19":"product_tag-multicolor-de","20":"product_tag-querformat","21":"pa_size-finishing-30x20-standard-de","22":"pa_size-finishing-30x20-na-ptnie-woskim-de","23":"pa_size-finishing-30x20-premium-print-de","24":"pa_size-finishing-30x20-akustyczny-de","25":"pa_size-finishing-60x40-standard-de","26":"pa_size-finishing-60x40-na-ptnie-woskim-de","27":"pa_size-finishing-60x40-premium-print-de","28":"pa_size-finishing-60x40-akustyczny-de","29":"pa_size-finishing-60x40-w-ramie-drewnianej-naturalnej-de","30":"pa_size-finishing-60x40-w-ramie-drewnianej-czarnej-de","31":"pa_size-finishing-90x60-standard-de","32":"pa_size-finishing-90x60-na-ptnie-woskim-de","33":"pa_size-finishing-90x60-premium-print-de","34":"pa_size-finishing-90x60-akustyczny-de","35":"pa_size-finishing-90x60-w-ramie-drewnianej-naturalnej-de","36":"pa_size-finishing-90x60-w-ramie-drewnianej-czarnej-de","37":"pa_size-finishing-120x80-standard-de","38":"pa_size-finishing-120x80-na-ptnie-woskim-de","39":"pa_size-finishing-120x80-premium-print-de","40":"pa_size-finishing-120x80-akustyczny-de","41":"pa_size-finishing-120x80-w-ramie-drewnianej-naturalnej-de","42":"pa_size-finishing-120x80-w-ramie-drewnianej-czarnej-de","44":"first","45":"instock","46":"purchasable","47":"product-type-variable","48":"has-default-attributes"},"aioseo_notices":[],"_links":{"self":[{"href":"https:\/\/interiorposter.com\/de\/wp-json\/wp\/v2\/product\/459547","targetHints":{"allow":["GET"]}}],"collection":[{"href":"https:\/\/interiorposter.com\/de\/wp-json\/wp\/v2\/product"}],"about":[{"href":"https:\/\/interiorposter.com\/de\/wp-json\/wp\/v2\/types\/product"}],"replies":[{"embeddable":true,"href":"https:\/\/interiorposter.com\/de\/wp-json\/wp\/v2\/comments?post=459547"}],"wp:featuredmedia":[{"embeddable":true,"href":"https:\/\/interiorposter.com\/de\/wp-json\/wp\/v2\/media\/398237"}],"wp:attachment":[{"href":"https:\/\/interiorposter.com\/de\/wp-json\/wp\/v2\/media?parent=459547"}],"wp:term":[{"taxonomy":"product_brand","embeddable":true,"href":"https:\/\/interiorposter.com\/de\/wp-json\/wp\/v2\/product_brand?post=459547"},{"taxonomy":"product_cat","embeddable":true,"href":"https:\/\/interiorposter.com\/de\/wp-json\/wp\/v2\/product_cat?post=459547"},{"taxonomy":"product_tag","embeddable":true,"href":"https:\/\/interiorposter.com\/de\/wp-json\/wp\/v2\/product_tag?post=459547"}],"curies":[{"name":"wp","href":"https:\/\/api.w.org\/{rel}","templated":true}]}}