{"id":459257,"date":"2026-04-03T05:16:00","date_gmt":"2026-04-03T03:16:00","guid":{"rendered":"https:\/\/interiorposter.com\/product\/obraz-na-plotnie-subtelny-las-w-bezowej-tonacji\/"},"modified":"2026-04-05T00:51:29","modified_gmt":"2026-04-04T22:51:29","slug":"obraz-na-plotnie-subtelny-las-w-bezowej-tonacji","status":"publish","type":"product","link":"https:\/\/interiorposter.com\/de\/product\/obraz-na-plotnie-subtelny-las-w-bezowej-tonacji\/","title":{"rendered":"Leinwandbild Zarter Wald in Beiget\u00f6nen"},"content":{"rendered":"<p>Dieses Leinwandbild mit dem Motiv zarter, schlanker B\u00e4ume begeistert mit Ruhe, Leichtigkeit und minimalistischer Eleganz. Die helle Komposition in Beige, gebrochenem Wei\u00df und dezenten Graut\u00f6nen schafft eine harmonische Dekoration, die den Raum auf sch\u00f6ne Weise aufhellt und ihm eine beruhigende Ausstrahlung verleiht. Es ist eine stilvolle Wahl f\u00fcr Wohnzimmer, Schlafzimmer, Flur, B\u00fcro oder Hotel und ideal f\u00fcr moderne, skandinavische und minimalistische Einrichtungen. Dieses Wandbild schafft eine ruhige Atmosph\u00e4re, ordnet den Raum optisch und wird zu einem zeitlosen Akzent, der von der Natur und einer feinen \u00c4sthetik inspiriert ist.<\/p>\n","protected":false},"excerpt":{"rendered":"<p>Helles Leinwandbild mit dem Motiv eines zarten Waldes in Beige und Grau. Eine elegante Dekoration f\u00fcr Wohnzimmer, Schlafzimmer oder B\u00fcro, die Harmonie, Leichtigkeit und eine ruhige Atmosph\u00e4re in den Raum bringt.<\/p>\n","protected":false},"featured_media":397815,"comment_status":"closed","ping_status":"closed","template":"","meta":[],"product_brand":[],"product_cat":[87,72,75,136,298,103,106,124,69,112,84],"product_tag":[181,275,697,278,703],"class_list":{"0":"post-459257","1":"product","2":"type-product","3":"status-publish","4":"has-post-thumbnail","6":"product_cat-buero","7":"product_cat-flur","8":"product_cat-hotel-de","9":"product_cat-landschaften","10":"product_cat-malerei","11":"product_cat-minimalistisch","12":"product_cat-modern-de","13":"product_cat-blumen","14":"product_cat-schlafzimmer","15":"product_cat-skandinavisch","16":"product_cat-wohnzimmer","17":"product_tag-grau","18":"product_tag-helle","19":"product_tag-moderne-bilder","20":"product_tag-pastellfarben","21":"product_tag-querformat","22":"pa_size-finishing-30x20-standard-de","23":"pa_size-finishing-30x20-na-ptnie-woskim-de","24":"pa_size-finishing-30x20-premium-print-de","25":"pa_size-finishing-30x20-akustyczny-de","26":"pa_size-finishing-60x40-standard-de","27":"pa_size-finishing-60x40-na-ptnie-woskim-de","28":"pa_size-finishing-60x40-premium-print-de","29":"pa_size-finishing-60x40-akustyczny-de","30":"pa_size-finishing-60x40-w-ramie-drewnianej-naturalnej-de","31":"pa_size-finishing-60x40-w-ramie-drewnianej-czarnej-de","32":"pa_size-finishing-90x60-standard-de","33":"pa_size-finishing-90x60-na-ptnie-woskim-de","34":"pa_size-finishing-90x60-premium-print-de","35":"pa_size-finishing-90x60-akustyczny-de","36":"pa_size-finishing-90x60-w-ramie-drewnianej-naturalnej-de","37":"pa_size-finishing-90x60-w-ramie-drewnianej-czarnej-de","38":"pa_size-finishing-120x80-standard-de","39":"pa_size-finishing-120x80-na-ptnie-woskim-de","40":"pa_size-finishing-120x80-premium-print-de","41":"pa_size-finishing-120x80-akustyczny-de","42":"pa_size-finishing-120x80-w-ramie-drewnianej-naturalnej-de","43":"pa_size-finishing-120x80-w-ramie-drewnianej-czarnej-de","45":"first","46":"instock","47":"purchasable","48":"product-type-variable","49":"has-default-attributes"},"aioseo_notices":[],"_links":{"self":[{"href":"https:\/\/interiorposter.com\/de\/wp-json\/wp\/v2\/product\/459257","targetHints":{"allow":["GET"]}}],"collection":[{"href":"https:\/\/interiorposter.com\/de\/wp-json\/wp\/v2\/product"}],"about":[{"href":"https:\/\/interiorposter.com\/de\/wp-json\/wp\/v2\/types\/product"}],"replies":[{"embeddable":true,"href":"https:\/\/interiorposter.com\/de\/wp-json\/wp\/v2\/comments?post=459257"}],"wp:featuredmedia":[{"embeddable":true,"href":"https:\/\/interiorposter.com\/de\/wp-json\/wp\/v2\/media\/397815"}],"wp:attachment":[{"href":"https:\/\/interiorposter.com\/de\/wp-json\/wp\/v2\/media?parent=459257"}],"wp:term":[{"taxonomy":"product_brand","embeddable":true,"href":"https:\/\/interiorposter.com\/de\/wp-json\/wp\/v2\/product_brand?post=459257"},{"taxonomy":"product_cat","embeddable":true,"href":"https:\/\/interiorposter.com\/de\/wp-json\/wp\/v2\/product_cat?post=459257"},{"taxonomy":"product_tag","embeddable":true,"href":"https:\/\/interiorposter.com\/de\/wp-json\/wp\/v2\/product_tag?post=459257"}],"curies":[{"name":"wp","href":"https:\/\/api.w.org\/{rel}","templated":true}]}}