{"id":458960,"date":"2026-04-03T05:11:23","date_gmt":"2026-04-03T03:11:23","guid":{"rendered":"https:\/\/interiorposter.com\/product\/obraz-na-plotnie-mglisty-las-z-ptakami-w-szarosciach\/"},"modified":"2026-04-05T00:47:06","modified_gmt":"2026-04-04T22:47:06","slug":"obraz-na-plotnie-mglisty-las-z-ptakami-w-szarosciach","status":"publish","type":"product","link":"https:\/\/interiorposter.com\/de\/product\/obraz-na-plotnie-mglisty-las-z-ptakami-w-szarosciach\/","title":{"rendered":"Leinwandbild Nebelwald mit V\u00f6geln in Graut\u00f6nen"},"content":{"rendered":"<p>Dieses Leinwandbild mit dem Motiv eines nebligen Waldes und eines Vogelschwarms \u00fcber den B\u00e4umen begeistert mit Leichtigkeit, Stille und einem subtilen k\u00fcnstlerischen Charakter. Die zarte Komposition in Grau, Wei\u00df und hellen T\u00f6nen schafft eine elegante Dekoration, die Ruhe und ein Gef\u00fchl von Weite in den Raum bringt. Es ist eine stilvolle Wahl f\u00fcr Wohnzimmer, Schlafzimmer, B\u00fcro, Hotel oder Flur und ideal f\u00fcr moderne, minimalistische und skandinavische Einrichtungen. Dieses Wandbild unterstreicht auf sch\u00f6ne Weise die beruhigende Atmosph\u00e4re des Raumes, bringt Harmonie hinein und wird zu einem zeitlosen Akzent, der von der Natur inspiriert ist.<\/p>\n","protected":false},"excerpt":{"rendered":"<p>Subtiles Leinwandbild mit einem Nebelwald und V\u00f6geln in Grau und Wei\u00df. Eine elegante Dekoration f\u00fcr Wohnzimmer, Schlafzimmer oder B\u00fcro, die Ruhe, Leichtigkeit und modernen Stil in den Raum bringt.<\/p>\n","protected":false},"featured_media":397604,"comment_status":"closed","ping_status":"closed","template":"","meta":[],"product_brand":[],"product_cat":[87,72,75,136,298,103,106,124,69,112,255,84],"product_tag":[181,275,697,703],"class_list":{"0":"post-458960","1":"product","2":"type-product","3":"status-publish","4":"has-post-thumbnail","6":"product_cat-buero","7":"product_cat-flur","8":"product_cat-hotel-de","9":"product_cat-landschaften","10":"product_cat-malerei","11":"product_cat-minimalistisch","12":"product_cat-modern-de","13":"product_cat-blumen","14":"product_cat-schlafzimmer","15":"product_cat-skandinavisch","16":"product_cat-tiere-natur","17":"product_cat-wohnzimmer","18":"product_tag-grau","19":"product_tag-helle","20":"product_tag-moderne-bilder","21":"product_tag-querformat","22":"pa_size-finishing-30x20-standard-de","23":"pa_size-finishing-30x20-na-ptnie-woskim-de","24":"pa_size-finishing-30x20-premium-print-de","25":"pa_size-finishing-30x20-akustyczny-de","26":"pa_size-finishing-60x40-standard-de","27":"pa_size-finishing-60x40-na-ptnie-woskim-de","28":"pa_size-finishing-60x40-premium-print-de","29":"pa_size-finishing-60x40-akustyczny-de","30":"pa_size-finishing-60x40-w-ramie-drewnianej-naturalnej-de","31":"pa_size-finishing-60x40-w-ramie-drewnianej-czarnej-de","32":"pa_size-finishing-90x60-standard-de","33":"pa_size-finishing-90x60-na-ptnie-woskim-de","34":"pa_size-finishing-90x60-premium-print-de","35":"pa_size-finishing-90x60-akustyczny-de","36":"pa_size-finishing-90x60-w-ramie-drewnianej-naturalnej-de","37":"pa_size-finishing-90x60-w-ramie-drewnianej-czarnej-de","38":"pa_size-finishing-120x80-standard-de","39":"pa_size-finishing-120x80-na-ptnie-woskim-de","40":"pa_size-finishing-120x80-premium-print-de","41":"pa_size-finishing-120x80-akustyczny-de","42":"pa_size-finishing-120x80-w-ramie-drewnianej-naturalnej-de","43":"pa_size-finishing-120x80-w-ramie-drewnianej-czarnej-de","45":"first","46":"instock","47":"purchasable","48":"product-type-variable","49":"has-default-attributes"},"aioseo_notices":[],"_links":{"self":[{"href":"https:\/\/interiorposter.com\/de\/wp-json\/wp\/v2\/product\/458960","targetHints":{"allow":["GET"]}}],"collection":[{"href":"https:\/\/interiorposter.com\/de\/wp-json\/wp\/v2\/product"}],"about":[{"href":"https:\/\/interiorposter.com\/de\/wp-json\/wp\/v2\/types\/product"}],"replies":[{"embeddable":true,"href":"https:\/\/interiorposter.com\/de\/wp-json\/wp\/v2\/comments?post=458960"}],"wp:featuredmedia":[{"embeddable":true,"href":"https:\/\/interiorposter.com\/de\/wp-json\/wp\/v2\/media\/397604"}],"wp:attachment":[{"href":"https:\/\/interiorposter.com\/de\/wp-json\/wp\/v2\/media?parent=458960"}],"wp:term":[{"taxonomy":"product_brand","embeddable":true,"href":"https:\/\/interiorposter.com\/de\/wp-json\/wp\/v2\/product_brand?post=458960"},{"taxonomy":"product_cat","embeddable":true,"href":"https:\/\/interiorposter.com\/de\/wp-json\/wp\/v2\/product_cat?post=458960"},{"taxonomy":"product_tag","embeddable":true,"href":"https:\/\/interiorposter.com\/de\/wp-json\/wp\/v2\/product_tag?post=458960"}],"curies":[{"name":"wp","href":"https:\/\/api.w.org\/{rel}","templated":true}]}}