{"id":458387,"date":"2026-04-02T22:24:05","date_gmt":"2026-04-02T20:24:05","guid":{"rendered":"https:\/\/interiorposter.com\/product\/szeroki-obraz-na-plotnie-panorama-nowego-jorku-w-czerni-i-bieli\/"},"modified":"2026-04-05T00:35:09","modified_gmt":"2026-04-04T22:35:09","slug":"szeroki-obraz-na-plotnie-panorama-nowego-jorku-w-czerni-i-bieli","status":"publish","type":"product","link":"https:\/\/interiorposter.com\/de\/product\/szeroki-obraz-na-plotnie-panorama-nowego-jorku-w-czerni-i-bieli\/","title":{"rendered":"Breites Leinwandbild Panorama von New York in Schwarz Wei\u00df"},"content":{"rendered":"<p>Dieses breite Leinwandbild mit dem Panorama von New York in Schwarz Wei\u00df begeistert mit Eleganz, modernem Charakter und zeitlosem Stil. Monumentale Wolkenkratzer Manhattans, die Br\u00fccke und die ruhige Wasserfl\u00e4che schaffen eine eindrucksvolle Komposition, die den Charakter von Loft und minimalistischen Einrichtungen perfekt unterstreicht. Kontrastreiche T\u00f6ne von Schwarz, Wei\u00df und Grau verleihen der Dekoration Ausdrucksst\u00e4rke und machen sie zugleich vielseitig kombinierbar. Es ist eine stilvolle Dekoration f\u00fcr Wohnzimmer, B\u00fcro, Hotel, Restaurant oder Flur, die alle Blicke auf sich zieht und urbane Eleganz, Harmonie sowie die besondere Atmosph\u00e4re von New York in den Raum bringt.<\/p>\n","protected":false},"excerpt":{"rendered":"<p>Breites Leinwandbild mit dem Panorama von New York in Schwarz Wei\u00df. Eine moderne Dekoration f\u00fcr Wohnzimmer, B\u00fcro oder Hotel, die Eleganz, urbanen Charakter und zeitlosen Stil in den Raum bringt.<\/p>\n","protected":false},"featured_media":380877,"comment_status":"closed","ping_status":"closed","template":"","meta":[],"product_brand":[],"product_cat":[87,72,109,75,133,136,106,90,69,121,84],"product_tag":[181,697,916,703],"class_list":{"0":"post-458387","1":"product","2":"type-product","3":"status-publish","4":"has-post-thumbnail","6":"product_cat-buero","7":"product_cat-flur","8":"product_cat-fotografie-de","9":"product_cat-hotel-de","10":"product_cat-industrie","11":"product_cat-landschaften","12":"product_cat-modern-de","13":"product_cat-restaurant-de","14":"product_cat-schlafzimmer","15":"product_cat-staedte-und-bruecken","16":"product_cat-wohnzimmer","17":"product_tag-grau","18":"product_tag-moderne-bilder","19":"product_tag-panoramisch","20":"product_tag-querformat","21":"pa_size-finishing-120x40-akustyczny-de","22":"pa_size-finishing-120x40-na-ptnie-woskim-de","23":"pa_size-finishing-120x40-premium-print-de","24":"pa_size-finishing-120x40-standard-de","25":"pa_size-finishing-120x40-w-ramie-drewnianej-czarnej-de","26":"pa_size-finishing-120x40-w-ramie-drewnianej-naturalnej-de","27":"pa_size-finishing-135x45-akustyczny-de","28":"pa_size-finishing-135x45-na-ptnie-woskim-de","29":"pa_size-finishing-135x45-premium-print-de","30":"pa_size-finishing-135x45-standard-de","31":"pa_size-finishing-150x50-akustyczny-de","32":"pa_size-finishing-150x50-na-ptnie-woskim-de","33":"pa_size-finishing-150x50-premium-print-de","34":"pa_size-finishing-150x50-standard-de","35":"pa_size-finishing-150x50-w-ramie-drewnianej-czarnej-de","36":"pa_size-finishing-150x50-w-ramie-drewnianej-naturalnej-de","37":"pa_size-finishing-90x30-w-ramie-drewnianej-czarnej-de","38":"pa_size-finishing-90x30-w-ramie-drewnianej-naturalnej-de","40":"first","41":"instock","42":"purchasable","43":"product-type-variable","44":"has-default-attributes"},"aioseo_notices":[],"_links":{"self":[{"href":"https:\/\/interiorposter.com\/de\/wp-json\/wp\/v2\/product\/458387","targetHints":{"allow":["GET"]}}],"collection":[{"href":"https:\/\/interiorposter.com\/de\/wp-json\/wp\/v2\/product"}],"about":[{"href":"https:\/\/interiorposter.com\/de\/wp-json\/wp\/v2\/types\/product"}],"replies":[{"embeddable":true,"href":"https:\/\/interiorposter.com\/de\/wp-json\/wp\/v2\/comments?post=458387"}],"wp:featuredmedia":[{"embeddable":true,"href":"https:\/\/interiorposter.com\/de\/wp-json\/wp\/v2\/media\/380877"}],"wp:attachment":[{"href":"https:\/\/interiorposter.com\/de\/wp-json\/wp\/v2\/media?parent=458387"}],"wp:term":[{"taxonomy":"product_brand","embeddable":true,"href":"https:\/\/interiorposter.com\/de\/wp-json\/wp\/v2\/product_brand?post=458387"},{"taxonomy":"product_cat","embeddable":true,"href":"https:\/\/interiorposter.com\/de\/wp-json\/wp\/v2\/product_cat?post=458387"},{"taxonomy":"product_tag","embeddable":true,"href":"https:\/\/interiorposter.com\/de\/wp-json\/wp\/v2\/product_tag?post=458387"}],"curies":[{"name":"wp","href":"https:\/\/api.w.org\/{rel}","templated":true}]}}