{"id":457950,"date":"2026-04-02T22:28:00","date_gmt":"2026-04-02T20:28:00","guid":{"rendered":"https:\/\/interiorposter.com\/product\/szeroki-obraz-na-plotnie-panorama-nowego-jorku-noca\/"},"modified":"2026-04-05T00:25:22","modified_gmt":"2026-04-04T22:25:22","slug":"szeroki-obraz-na-plotnie-panorama-nowego-jorku-noca","status":"publish","type":"product","link":"https:\/\/interiorposter.com\/de\/product\/szeroki-obraz-na-plotnie-panorama-nowego-jorku-noca\/","title":{"rendered":"Breites Leinwandbild Panorama von New York bei Nacht"},"content":{"rendered":"<p>Dieses breite Leinwandbild mit dem Panorama von New York bei Nacht begeistert mit modernem Charakter und einem spektakul\u00e4ren Lichteffekt. Beleuchtete Wolkenkratzer Manhattans, die Br\u00fccke und die Spiegelungen farbiger Lichter im Wasser schaffen eine dynamische Komposition voller Energie, Eleganz und Gro\u00dfstadtflair. Intensive T\u00f6ne von Dunkelblau, Violett, Blau und warmen Lichtreflexen beleben den Raum auf sch\u00f6ne Weise und verleihen ihm Ausdruckskraft sowie einen modernen Stil. Es ist eine eindrucksvolle Dekoration f\u00fcr Wohnzimmer, B\u00fcro, Hotel, Restaurant oder Flur und ideal f\u00fcr Loft, moderne und industrielle Einrichtungen. Dieses Wandbild zieht die Blicke auf sich und schafft die besondere Atmosph\u00e4re von New York, der Stadt, die niemals schl\u00e4ft.<\/p>\n","protected":false},"excerpt":{"rendered":"<p>Breites Leinwandbild mit dem n\u00e4chtlichen Panorama von New York, einer Br\u00fccke und Lichtspiegelungen im Wasser. Eine moderne Dekoration f\u00fcr Wohnzimmer, B\u00fcro oder Hotel, die Energie, Eleganz und Gro\u00dfstadtflair in den Raum bringt.<\/p>\n","protected":false},"featured_media":381076,"comment_status":"closed","ping_status":"closed","template":"","meta":[],"product_brand":[],"product_cat":[87,72,109,75,133,106,266,90,69,121,84],"product_tag":[272,697,594,916,703],"class_list":{"0":"post-457950","1":"product","2":"type-product","3":"status-publish","4":"has-post-thumbnail","6":"product_cat-buero","7":"product_cat-flur","8":"product_cat-fotografie-de","9":"product_cat-hotel-de","10":"product_cat-industrie","11":"product_cat-modern-de","12":"product_cat-nachtmotive","13":"product_cat-restaurant-de","14":"product_cat-schlafzimmer","15":"product_cat-staedte-und-bruecken","16":"product_cat-wohnzimmer","17":"product_tag-dunkel","18":"product_tag-moderne-bilder","19":"product_tag-multicolor-de","20":"product_tag-panoramisch","21":"product_tag-querformat","22":"pa_size-finishing-120x40-akustyczny-de","23":"pa_size-finishing-120x40-na-ptnie-woskim-de","24":"pa_size-finishing-120x40-premium-print-de","25":"pa_size-finishing-120x40-standard-de","26":"pa_size-finishing-120x40-w-ramie-drewnianej-czarnej-de","27":"pa_size-finishing-120x40-w-ramie-drewnianej-naturalnej-de","28":"pa_size-finishing-135x45-akustyczny-de","29":"pa_size-finishing-135x45-na-ptnie-woskim-de","30":"pa_size-finishing-135x45-premium-print-de","31":"pa_size-finishing-135x45-standard-de","32":"pa_size-finishing-150x50-akustyczny-de","33":"pa_size-finishing-150x50-na-ptnie-woskim-de","34":"pa_size-finishing-150x50-premium-print-de","35":"pa_size-finishing-150x50-standard-de","36":"pa_size-finishing-150x50-w-ramie-drewnianej-czarnej-de","37":"pa_size-finishing-150x50-w-ramie-drewnianej-naturalnej-de","38":"pa_size-finishing-90x30-w-ramie-drewnianej-czarnej-de","39":"pa_size-finishing-90x30-w-ramie-drewnianej-naturalnej-de","41":"first","42":"instock","43":"purchasable","44":"product-type-variable","45":"has-default-attributes"},"aioseo_notices":[],"_links":{"self":[{"href":"https:\/\/interiorposter.com\/de\/wp-json\/wp\/v2\/product\/457950","targetHints":{"allow":["GET"]}}],"collection":[{"href":"https:\/\/interiorposter.com\/de\/wp-json\/wp\/v2\/product"}],"about":[{"href":"https:\/\/interiorposter.com\/de\/wp-json\/wp\/v2\/types\/product"}],"replies":[{"embeddable":true,"href":"https:\/\/interiorposter.com\/de\/wp-json\/wp\/v2\/comments?post=457950"}],"wp:featuredmedia":[{"embeddable":true,"href":"https:\/\/interiorposter.com\/de\/wp-json\/wp\/v2\/media\/381076"}],"wp:attachment":[{"href":"https:\/\/interiorposter.com\/de\/wp-json\/wp\/v2\/media?parent=457950"}],"wp:term":[{"taxonomy":"product_brand","embeddable":true,"href":"https:\/\/interiorposter.com\/de\/wp-json\/wp\/v2\/product_brand?post=457950"},{"taxonomy":"product_cat","embeddable":true,"href":"https:\/\/interiorposter.com\/de\/wp-json\/wp\/v2\/product_cat?post=457950"},{"taxonomy":"product_tag","embeddable":true,"href":"https:\/\/interiorposter.com\/de\/wp-json\/wp\/v2\/product_tag?post=457950"}],"curies":[{"name":"wp","href":"https:\/\/api.w.org\/{rel}","templated":true}]}}