{"id":457824,"date":"2026-04-02T07:59:39","date_gmt":"2026-04-02T05:59:39","guid":{"rendered":"https:\/\/interiorposter.com\/product\/obraz-na-plotnie-kieliszki-wina-nad-brzegiem-morza\/"},"modified":"2026-04-05T00:19:38","modified_gmt":"2026-04-04T22:19:38","slug":"obraz-na-plotnie-kieliszki-wina-nad-brzegiem-morza","status":"publish","type":"product","link":"https:\/\/interiorposter.com\/de\/product\/obraz-na-plotnie-kieliszki-wina-nad-brzegiem-morza\/","title":{"rendered":"Leinwandbild Weingl\u00e4ser am Meer"},"content":{"rendered":"<p>Dieses Leinwandbild mit dem Motiv von zwei Gl\u00e4sern Rotwein am Meeresufer begeistert mit Eleganz, Ruhe und einer Atmosph\u00e4re luxuri\u00f6ser Entspannung. Warmes Licht, das sanfte Blau des Wassers, der nat\u00fcrliche Holzton und subtile florale Akzente schaffen eine harmonische Komposition voller sommerlichem Charme. Es ist eine besondere Dekoration f\u00fcr Wohnzimmer, K\u00fcche, Restaurant, Hotel oder den Essbereich im B\u00fcro und ideal f\u00fcr moderne, stilvolle Einrichtungen mit Urlaubsflair. Dieses Wandbild bringt Leichtigkeit, eine angenehme Stimmung und einen eleganten Charakter in den Raum und weckt Assoziationen von Erholung, Genuss und einem Moment nur f\u00fcr sich.<\/p>\n","protected":false},"excerpt":{"rendered":"<p>Elegantes Leinwandbild mit Gl\u00e4sern Rotwein am Meer. Eine stilvolle Dekoration f\u00fcr K\u00fcche, Wohnzimmer, Restaurant oder Hotel, die Entspannung, W\u00e4rme und Urlaubsstimmung in den Raum bringt.<\/p>\n","protected":false},"featured_media":353052,"comment_status":"closed","ping_status":"closed","template":"","meta":[],"product_brand":[],"product_cat":[87,127,109,100,75,81,142,106,90,84],"product_tag":[705,697,594],"class_list":{"0":"post-457824","1":"product","2":"type-product","3":"status-publish","4":"has-post-thumbnail","6":"product_cat-buero","7":"product_cat-essen","8":"product_cat-fotografie-de","9":"product_cat-glamour-de","10":"product_cat-hotel-de","11":"product_cat-kueche","12":"product_cat-meer-kuste","13":"product_cat-modern-de","14":"product_cat-restaurant-de","15":"product_cat-wohnzimmer","16":"product_tag-hochformat","17":"product_tag-moderne-bilder","18":"product_tag-multicolor-de","19":"pa_size-finishing-20x30-standard-de","20":"pa_size-finishing-20x30-na-ptnie-woskim-de","21":"pa_size-finishing-20x30-premium-print-de","22":"pa_size-finishing-20x30-akustyczny-de","23":"pa_size-finishing-40x60-standard-de","24":"pa_size-finishing-40x60-na-ptnie-woskim-de","25":"pa_size-finishing-40x60-premium-print-de","26":"pa_size-finishing-40x60-akustyczny-de","27":"pa_size-finishing-40x60-w-ramie-drewnianej-naturalnej-de","28":"pa_size-finishing-40x60-w-ramie-drewnianej-czarnej-de","29":"pa_size-finishing-60x90-standard-de","30":"pa_size-finishing-60x90-na-ptnie-woskim-de","31":"pa_size-finishing-60x90-premium-print-de","32":"pa_size-finishing-60x90-akustyczny-de","33":"pa_size-finishing-60x90-w-ramie-drewnianej-naturalnej-de","34":"pa_size-finishing-60x90-w-ramie-drewnianej-czarnej-de","35":"pa_size-finishing-80x120-standard-de","36":"pa_size-finishing-80x120-na-ptnie-woskim-de","37":"pa_size-finishing-80x120-premium-print-de","38":"pa_size-finishing-80x120-akustyczny-de","39":"pa_size-finishing-80x120-w-ramie-drewnianej-naturalnej-de","40":"pa_size-finishing-80x120-w-ramie-drewnianej-czarnej-de","42":"first","43":"instock","44":"purchasable","45":"product-type-variable","46":"has-default-attributes"},"aioseo_notices":[],"_links":{"self":[{"href":"https:\/\/interiorposter.com\/de\/wp-json\/wp\/v2\/product\/457824","targetHints":{"allow":["GET"]}}],"collection":[{"href":"https:\/\/interiorposter.com\/de\/wp-json\/wp\/v2\/product"}],"about":[{"href":"https:\/\/interiorposter.com\/de\/wp-json\/wp\/v2\/types\/product"}],"replies":[{"embeddable":true,"href":"https:\/\/interiorposter.com\/de\/wp-json\/wp\/v2\/comments?post=457824"}],"wp:featuredmedia":[{"embeddable":true,"href":"https:\/\/interiorposter.com\/de\/wp-json\/wp\/v2\/media\/353052"}],"wp:attachment":[{"href":"https:\/\/interiorposter.com\/de\/wp-json\/wp\/v2\/media?parent=457824"}],"wp:term":[{"taxonomy":"product_brand","embeddable":true,"href":"https:\/\/interiorposter.com\/de\/wp-json\/wp\/v2\/product_brand?post=457824"},{"taxonomy":"product_cat","embeddable":true,"href":"https:\/\/interiorposter.com\/de\/wp-json\/wp\/v2\/product_cat?post=457824"},{"taxonomy":"product_tag","embeddable":true,"href":"https:\/\/interiorposter.com\/de\/wp-json\/wp\/v2\/product_tag?post=457824"}],"curies":[{"name":"wp","href":"https:\/\/api.w.org\/{rel}","templated":true}]}}