{"id":457589,"date":"2026-04-02T07:56:34","date_gmt":"2026-04-02T05:56:34","guid":{"rendered":"https:\/\/interiorposter.com\/product\/obraz-na-plotnie-ptaki-na-tle-malarskiego-nieba\/"},"modified":"2026-04-05T00:13:55","modified_gmt":"2026-04-04T22:13:55","slug":"obraz-na-plotnie-ptaki-na-tle-malarskiego-nieba","status":"publish","type":"product","link":"https:\/\/interiorposter.com\/de\/product\/obraz-na-plotnie-ptaki-na-tle-malarskiego-nieba\/","title":{"rendered":"Leinwandbild V\u00f6gel vor malerischem Himmel"},"content":{"rendered":"<p>Dieses Leinwandbild mit dem Motiv eines Vogelschwarms vor einem ausdrucksstarken Himmel begeistert mit Freiheit, Leichtigkeit und k\u00fcnstlerischer Energie. Die dynamische Komposition in Blau, Dunkelblau, Wei\u00df, Violett und zarten Rosat\u00f6nen mit sanften gelblichen Akzenten schafft eine besondere Dekoration, die Weite, Licht und einen markanten Charakter in den Raum bringt. Es ist eine stilvolle Wahl f\u00fcr Wohnzimmer, Schlafzimmer, B\u00fcro, Hotel oder Restaurant und ideal f\u00fcr moderne, malerische und von der Natur inspirierte Einrichtungen. Dieses Wandbild zieht die Blicke auf sich, belebt den Raum und schafft eine Atmosph\u00e4re von Freiheit, Ruhe und subtiler Eleganz.<\/p>\n","protected":false},"excerpt":{"rendered":"<p>K\u00fcnstlerisches Leinwandbild mit V\u00f6geln vor einem blau violetten Himmel. Eine wirkungsvolle Dekoration f\u00fcr Wohnzimmer, Schlafzimmer oder B\u00fcro, die Leichtigkeit, Weite und eine moderne Atmosph\u00e4re in den Raum bringt.<\/p>\n","protected":false},"featured_media":352841,"comment_status":"closed","ping_status":"closed","template":"","meta":[],"product_brand":[],"product_cat":[87,75,136,298,103,90,69,255,84],"product_tag":[697,594,703],"class_list":{"0":"post-457589","1":"product","2":"type-product","3":"status-publish","4":"has-post-thumbnail","6":"product_cat-buero","7":"product_cat-hotel-de","8":"product_cat-landschaften","9":"product_cat-malerei","10":"product_cat-minimalistisch","11":"product_cat-restaurant-de","12":"product_cat-schlafzimmer","13":"product_cat-tiere-natur","14":"product_cat-wohnzimmer","15":"product_tag-moderne-bilder","16":"product_tag-multicolor-de","17":"product_tag-querformat","18":"pa_size-finishing-30x20-standard-de","19":"pa_size-finishing-30x20-na-ptnie-woskim-de","20":"pa_size-finishing-30x20-premium-print-de","21":"pa_size-finishing-30x20-akustyczny-de","22":"pa_size-finishing-60x40-standard-de","23":"pa_size-finishing-60x40-na-ptnie-woskim-de","24":"pa_size-finishing-60x40-premium-print-de","25":"pa_size-finishing-60x40-akustyczny-de","26":"pa_size-finishing-60x40-w-ramie-drewnianej-naturalnej-de","27":"pa_size-finishing-60x40-w-ramie-drewnianej-czarnej-de","28":"pa_size-finishing-90x60-standard-de","29":"pa_size-finishing-90x60-na-ptnie-woskim-de","30":"pa_size-finishing-90x60-premium-print-de","31":"pa_size-finishing-90x60-akustyczny-de","32":"pa_size-finishing-90x60-w-ramie-drewnianej-naturalnej-de","33":"pa_size-finishing-90x60-w-ramie-drewnianej-czarnej-de","34":"pa_size-finishing-120x80-standard-de","35":"pa_size-finishing-120x80-na-ptnie-woskim-de","36":"pa_size-finishing-120x80-premium-print-de","37":"pa_size-finishing-120x80-akustyczny-de","38":"pa_size-finishing-120x80-w-ramie-drewnianej-naturalnej-de","39":"pa_size-finishing-120x80-w-ramie-drewnianej-czarnej-de","41":"first","42":"instock","43":"purchasable","44":"product-type-variable","45":"has-default-attributes"},"aioseo_notices":[],"_links":{"self":[{"href":"https:\/\/interiorposter.com\/de\/wp-json\/wp\/v2\/product\/457589","targetHints":{"allow":["GET"]}}],"collection":[{"href":"https:\/\/interiorposter.com\/de\/wp-json\/wp\/v2\/product"}],"about":[{"href":"https:\/\/interiorposter.com\/de\/wp-json\/wp\/v2\/types\/product"}],"replies":[{"embeddable":true,"href":"https:\/\/interiorposter.com\/de\/wp-json\/wp\/v2\/comments?post=457589"}],"wp:featuredmedia":[{"embeddable":true,"href":"https:\/\/interiorposter.com\/de\/wp-json\/wp\/v2\/media\/352841"}],"wp:attachment":[{"href":"https:\/\/interiorposter.com\/de\/wp-json\/wp\/v2\/media?parent=457589"}],"wp:term":[{"taxonomy":"product_brand","embeddable":true,"href":"https:\/\/interiorposter.com\/de\/wp-json\/wp\/v2\/product_brand?post=457589"},{"taxonomy":"product_cat","embeddable":true,"href":"https:\/\/interiorposter.com\/de\/wp-json\/wp\/v2\/product_cat?post=457589"},{"taxonomy":"product_tag","embeddable":true,"href":"https:\/\/interiorposter.com\/de\/wp-json\/wp\/v2\/product_tag?post=457589"}],"curies":[{"name":"wp","href":"https:\/\/api.w.org\/{rel}","templated":true}]}}