{"id":456771,"date":"2026-04-02T07:53:38","date_gmt":"2026-04-02T05:53:38","guid":{"rendered":"https:\/\/interiorposter.com\/product\/uliczka-paryza-obraz-na-plotnie-inspirowany-stylem-vincenta-van-gogha\/"},"modified":"2026-04-05T00:03:21","modified_gmt":"2026-04-04T22:03:21","slug":"uliczka-paryza-obraz-na-plotnie-inspirowany-stylem-vincenta-van-gogha","status":"publish","type":"product","link":"https:\/\/interiorposter.com\/de\/product\/uliczka-paryza-obraz-na-plotnie-inspirowany-stylem-vincenta-van-gogha\/","title":{"rendered":"Pariser Gasse &#8211; Leinwandbild inspiriert vom Stil Vincent van Goghs"},"content":{"rendered":"<p>Dieses Leinwandbild mit dem Motiv einer stimmungsvollen Gasse mit Caf\u00e9s im abendlichen Licht begeistert mit seinem k\u00fcnstlerischen Charakter und der besonderen Atmosph\u00e4re einer n\u00e4chtlichen Stadt. Tiefe T\u00f6ne von Dunkelblau, Blau und Schwarz, durchbrochen vom warmen Schein der Laternen und goldenen Fenster, schaffen eine ausdrucksstarke Komposition voller Emotionen, Eleganz und urbanem Charme. Es ist eine stilvolle Dekoration f\u00fcr Wohnzimmer, B\u00fcro, Restaurant, Hotel oder Flur und ideal f\u00fcr moderne, k\u00fcnstlerische und vom Stadtleben inspirierte Einrichtungen. Dieses Wandbild zieht die Blicke auf sich, schafft eine stimmungsvolle Atmosph\u00e4re und verleiht dem Raum Ausdruck, W\u00e4rme und einen unverwechselbaren Charakter.<\/p>\n","protected":false},"excerpt":{"rendered":"<p>Stimmungsvolles Leinwandbild mit n\u00e4chtlicher Gasse, Caf\u00e9s und sternenklarem Himmel in dunkelblauen und goldenen T\u00f6nen. Eine stilvolle Dekoration f\u00fcr Wohnzimmer, B\u00fcro oder Restaurant, die Eleganz, W\u00e4rme und urbanes Flair in den Raum bringt.<\/p>\n","protected":false},"featured_media":352688,"comment_status":"closed","ping_status":"closed","template":"","meta":[],"product_brand":[],"product_cat":[87,72,75,290,136,298,304,90,121,84],"product_tag":[272,697,594,703],"class_list":{"0":"post-456771","1":"product","2":"type-product","3":"status-publish","4":"has-post-thumbnail","6":"product_cat-buero","7":"product_cat-flur","8":"product_cat-hotel-de","9":"product_cat-illustrationen","10":"product_cat-landschaften","11":"product_cat-malerei","12":"product_cat-menschen","13":"product_cat-restaurant-de","14":"product_cat-staedte-und-bruecken","15":"product_cat-wohnzimmer","16":"product_tag-dunkel","17":"product_tag-moderne-bilder","18":"product_tag-multicolor-de","19":"product_tag-querformat","20":"pa_size-finishing-30x20-standard-de","21":"pa_size-finishing-30x20-na-ptnie-woskim-de","22":"pa_size-finishing-30x20-premium-print-de","23":"pa_size-finishing-30x20-akustyczny-de","24":"pa_size-finishing-60x40-standard-de","25":"pa_size-finishing-60x40-na-ptnie-woskim-de","26":"pa_size-finishing-60x40-premium-print-de","27":"pa_size-finishing-60x40-akustyczny-de","28":"pa_size-finishing-60x40-w-ramie-drewnianej-naturalnej-de","29":"pa_size-finishing-60x40-w-ramie-drewnianej-czarnej-de","30":"pa_size-finishing-90x60-standard-de","31":"pa_size-finishing-90x60-na-ptnie-woskim-de","32":"pa_size-finishing-90x60-premium-print-de","33":"pa_size-finishing-90x60-akustyczny-de","34":"pa_size-finishing-90x60-w-ramie-drewnianej-naturalnej-de","35":"pa_size-finishing-90x60-w-ramie-drewnianej-czarnej-de","36":"pa_size-finishing-120x80-standard-de","37":"pa_size-finishing-120x80-na-ptnie-woskim-de","38":"pa_size-finishing-120x80-premium-print-de","39":"pa_size-finishing-120x80-akustyczny-de","40":"pa_size-finishing-120x80-w-ramie-drewnianej-naturalnej-de","41":"pa_size-finishing-120x80-w-ramie-drewnianej-czarnej-de","43":"first","44":"instock","45":"purchasable","46":"product-type-variable","47":"has-default-attributes"},"aioseo_notices":[],"_links":{"self":[{"href":"https:\/\/interiorposter.com\/de\/wp-json\/wp\/v2\/product\/456771","targetHints":{"allow":["GET"]}}],"collection":[{"href":"https:\/\/interiorposter.com\/de\/wp-json\/wp\/v2\/product"}],"about":[{"href":"https:\/\/interiorposter.com\/de\/wp-json\/wp\/v2\/types\/product"}],"replies":[{"embeddable":true,"href":"https:\/\/interiorposter.com\/de\/wp-json\/wp\/v2\/comments?post=456771"}],"wp:featuredmedia":[{"embeddable":true,"href":"https:\/\/interiorposter.com\/de\/wp-json\/wp\/v2\/media\/352688"}],"wp:attachment":[{"href":"https:\/\/interiorposter.com\/de\/wp-json\/wp\/v2\/media?parent=456771"}],"wp:term":[{"taxonomy":"product_brand","embeddable":true,"href":"https:\/\/interiorposter.com\/de\/wp-json\/wp\/v2\/product_brand?post=456771"},{"taxonomy":"product_cat","embeddable":true,"href":"https:\/\/interiorposter.com\/de\/wp-json\/wp\/v2\/product_cat?post=456771"},{"taxonomy":"product_tag","embeddable":true,"href":"https:\/\/interiorposter.com\/de\/wp-json\/wp\/v2\/product_tag?post=456771"}],"curies":[{"name":"wp","href":"https:\/\/api.w.org\/{rel}","templated":true}]}}