{"id":456314,"date":"2026-04-02T07:45:54","date_gmt":"2026-04-02T05:45:54","guid":{"rendered":"https:\/\/interiorposter.com\/product\/obraz-na-plotnie-stonehenge-pod-dramatycznym-niebem\/"},"modified":"2026-04-04T23:44:04","modified_gmt":"2026-04-04T21:44:04","slug":"obraz-na-plotnie-stonehenge-pod-dramatycznym-niebem","status":"publish","type":"product","link":"https:\/\/interiorposter.com\/de\/product\/obraz-na-plotnie-stonehenge-pod-dramatycznym-niebem\/","title":{"rendered":"Leinwandbild Stonehenge unter dramatischem Himmel"},"content":{"rendered":"<p>Dieses Leinwandbild mit dem Motiv von Stonehenge zieht mit seinem monumentalen Charakter und seiner au\u00dfergew\u00f6hnlich stimmungsvollen Atmosph\u00e4re alle Blicke auf sich. Das historische Steingebilde vor einem weiten dramatischen Himmel in Braun, Beige und gedecktem Gr\u00fcn schafft eine markante Komposition voller Geheimnis und Kraft. Es ist eine eindrucksvolle Dekoration f\u00fcr Wohnzimmer, B\u00fcro, Flur, Hotel oder Restaurant und ideal f\u00fcr moderne, industrielle und von Reisen inspirierte Einrichtungen. Dieses Wandbild verleiht dem Raum Tiefe, einen starken Charakter und eine besondere Stimmung und wird zu einer Dekoration, die Aufmerksamkeit auf sich zieht und Emotionen weckt.<\/p>\n","protected":false},"excerpt":{"rendered":"<p>Ausdrucksstarkes Leinwandbild mit Stonehenge unter dramatischem Himmel in Beige und Braunt\u00f6nen. Eine eindrucksvolle Dekoration f\u00fcr Wohnzimmer, B\u00fcro oder Hotel, die geheimnisvolle Stimmung und starken Charakter in den Raum bringt.<\/p>\n","protected":false},"featured_media":352157,"comment_status":"closed","ping_status":"closed","template":"","meta":[],"product_brand":[],"product_cat":[87,72,109,75,290,208,136,106,90,84],"product_tag":[705,697,594],"class_list":{"0":"post-456314","1":"product","2":"type-product","3":"status-publish","4":"has-post-thumbnail","6":"product_cat-buero","7":"product_cat-flur","8":"product_cat-fotografie-de","9":"product_cat-hotel-de","10":"product_cat-illustrationen","11":"product_cat-konzeptkunst","12":"product_cat-landschaften","13":"product_cat-modern-de","14":"product_cat-restaurant-de","15":"product_cat-wohnzimmer","16":"product_tag-hochformat","17":"product_tag-moderne-bilder","18":"product_tag-multicolor-de","19":"pa_size-finishing-20x30-standard-de","20":"pa_size-finishing-20x30-na-ptnie-woskim-de","21":"pa_size-finishing-20x30-premium-print-de","22":"pa_size-finishing-20x30-akustyczny-de","23":"pa_size-finishing-40x60-standard-de","24":"pa_size-finishing-40x60-na-ptnie-woskim-de","25":"pa_size-finishing-40x60-premium-print-de","26":"pa_size-finishing-40x60-akustyczny-de","27":"pa_size-finishing-40x60-w-ramie-drewnianej-naturalnej-de","28":"pa_size-finishing-40x60-w-ramie-drewnianej-czarnej-de","29":"pa_size-finishing-60x90-standard-de","30":"pa_size-finishing-60x90-na-ptnie-woskim-de","31":"pa_size-finishing-60x90-premium-print-de","32":"pa_size-finishing-60x90-akustyczny-de","33":"pa_size-finishing-60x90-w-ramie-drewnianej-naturalnej-de","34":"pa_size-finishing-60x90-w-ramie-drewnianej-czarnej-de","35":"pa_size-finishing-80x120-standard-de","36":"pa_size-finishing-80x120-na-ptnie-woskim-de","37":"pa_size-finishing-80x120-premium-print-de","38":"pa_size-finishing-80x120-akustyczny-de","39":"pa_size-finishing-80x120-w-ramie-drewnianej-naturalnej-de","40":"pa_size-finishing-80x120-w-ramie-drewnianej-czarnej-de","42":"first","43":"instock","44":"purchasable","45":"product-type-variable","46":"has-default-attributes"},"aioseo_notices":[],"_links":{"self":[{"href":"https:\/\/interiorposter.com\/de\/wp-json\/wp\/v2\/product\/456314","targetHints":{"allow":["GET"]}}],"collection":[{"href":"https:\/\/interiorposter.com\/de\/wp-json\/wp\/v2\/product"}],"about":[{"href":"https:\/\/interiorposter.com\/de\/wp-json\/wp\/v2\/types\/product"}],"replies":[{"embeddable":true,"href":"https:\/\/interiorposter.com\/de\/wp-json\/wp\/v2\/comments?post=456314"}],"wp:featuredmedia":[{"embeddable":true,"href":"https:\/\/interiorposter.com\/de\/wp-json\/wp\/v2\/media\/352157"}],"wp:attachment":[{"href":"https:\/\/interiorposter.com\/de\/wp-json\/wp\/v2\/media?parent=456314"}],"wp:term":[{"taxonomy":"product_brand","embeddable":true,"href":"https:\/\/interiorposter.com\/de\/wp-json\/wp\/v2\/product_brand?post=456314"},{"taxonomy":"product_cat","embeddable":true,"href":"https:\/\/interiorposter.com\/de\/wp-json\/wp\/v2\/product_cat?post=456314"},{"taxonomy":"product_tag","embeddable":true,"href":"https:\/\/interiorposter.com\/de\/wp-json\/wp\/v2\/product_tag?post=456314"}],"curies":[{"name":"wp","href":"https:\/\/api.w.org\/{rel}","templated":true}]}}