{"id":455901,"date":"2026-04-02T07:12:14","date_gmt":"2026-04-02T05:12:14","guid":{"rendered":"https:\/\/interiorposter.com\/product\/obraz-na-plotnie-kwiaty-na-wydmach-nad-morzem\/"},"modified":"2026-04-04T23:33:08","modified_gmt":"2026-04-04T21:33:08","slug":"obraz-na-plotnie-kwiaty-na-wydmach-nad-morzem","status":"publish","type":"product","link":"https:\/\/interiorposter.com\/de\/product\/obraz-na-plotnie-kwiaty-na-wydmach-nad-morzem\/","title":{"rendered":"Leinwandbild Blumen auf D\u00fcnen am Meer"},"content":{"rendered":"<p>Dieses Leinwandbild mit dem Motiv farbenfroher Blumen auf D\u00fcnen am Meer begeistert mit Frische, Licht und dem malerischen Charme einer sommerlichen Landschaft. Die Verbindung von blauem Meer, warmen Sandt\u00f6nen, gr\u00fcnem Gras und bunten Bl\u00fcten schafft eine fr\u00f6hliche, energievolle Komposition, die den Raum auf sch\u00f6ne Weise belebt. Es ist eine besondere Dekoration f\u00fcr Wohnzimmer, Schlafzimmer, Flur, Hotel oder Restaurant und ideal f\u00fcr moderne, romantische und von der Natur inspirierte Einrichtungen. Dieses Wandbild bringt Leichtigkeit, Urlaubsstimmung und eine heitere Atmosph\u00e4re in den Raum und wird zu einem ausdrucksstarken Akzent voller Farbe und positiver Emotionen.<\/p>\n","protected":false},"excerpt":{"rendered":"<p>Malerisches Leinwandbild mit farbenfrohen Blumen auf D\u00fcnen am Meer. Eine fr\u00f6hliche Dekoration f\u00fcr Wohnzimmer, Schlafzimmer oder Hotel, die Licht, Frische und sommerliche Stimmung in den Raum bringt.<\/p>\n","protected":false},"featured_media":350046,"comment_status":"closed","ping_status":"closed","template":"","meta":[],"product_brand":[],"product_cat":[72,75,136,298,142,124,90,69,84],"product_tag":[697,594,703],"class_list":{"0":"post-455901","1":"product","2":"type-product","3":"status-publish","4":"has-post-thumbnail","6":"product_cat-flur","7":"product_cat-hotel-de","8":"product_cat-landschaften","9":"product_cat-malerei","10":"product_cat-meer-kuste","11":"product_cat-blumen","12":"product_cat-restaurant-de","13":"product_cat-schlafzimmer","14":"product_cat-wohnzimmer","15":"product_tag-moderne-bilder","16":"product_tag-multicolor-de","17":"product_tag-querformat","18":"pa_size-finishing-30x20-standard-de","19":"pa_size-finishing-30x20-na-ptnie-woskim-de","20":"pa_size-finishing-30x20-premium-print-de","21":"pa_size-finishing-30x20-akustyczny-de","22":"pa_size-finishing-60x40-standard-de","23":"pa_size-finishing-60x40-na-ptnie-woskim-de","24":"pa_size-finishing-60x40-premium-print-de","25":"pa_size-finishing-60x40-akustyczny-de","26":"pa_size-finishing-60x40-w-ramie-drewnianej-naturalnej-de","27":"pa_size-finishing-60x40-w-ramie-drewnianej-czarnej-de","28":"pa_size-finishing-90x60-standard-de","29":"pa_size-finishing-90x60-na-ptnie-woskim-de","30":"pa_size-finishing-90x60-premium-print-de","31":"pa_size-finishing-90x60-akustyczny-de","32":"pa_size-finishing-90x60-w-ramie-drewnianej-naturalnej-de","33":"pa_size-finishing-90x60-w-ramie-drewnianej-czarnej-de","34":"pa_size-finishing-120x80-standard-de","35":"pa_size-finishing-120x80-na-ptnie-woskim-de","36":"pa_size-finishing-120x80-premium-print-de","37":"pa_size-finishing-120x80-akustyczny-de","38":"pa_size-finishing-120x80-w-ramie-drewnianej-naturalnej-de","39":"pa_size-finishing-120x80-w-ramie-drewnianej-czarnej-de","41":"first","42":"instock","43":"purchasable","44":"product-type-variable","45":"has-default-attributes"},"aioseo_notices":[],"_links":{"self":[{"href":"https:\/\/interiorposter.com\/de\/wp-json\/wp\/v2\/product\/455901","targetHints":{"allow":["GET"]}}],"collection":[{"href":"https:\/\/interiorposter.com\/de\/wp-json\/wp\/v2\/product"}],"about":[{"href":"https:\/\/interiorposter.com\/de\/wp-json\/wp\/v2\/types\/product"}],"replies":[{"embeddable":true,"href":"https:\/\/interiorposter.com\/de\/wp-json\/wp\/v2\/comments?post=455901"}],"wp:featuredmedia":[{"embeddable":true,"href":"https:\/\/interiorposter.com\/de\/wp-json\/wp\/v2\/media\/350046"}],"wp:attachment":[{"href":"https:\/\/interiorposter.com\/de\/wp-json\/wp\/v2\/media?parent=455901"}],"wp:term":[{"taxonomy":"product_brand","embeddable":true,"href":"https:\/\/interiorposter.com\/de\/wp-json\/wp\/v2\/product_brand?post=455901"},{"taxonomy":"product_cat","embeddable":true,"href":"https:\/\/interiorposter.com\/de\/wp-json\/wp\/v2\/product_cat?post=455901"},{"taxonomy":"product_tag","embeddable":true,"href":"https:\/\/interiorposter.com\/de\/wp-json\/wp\/v2\/product_tag?post=455901"}],"curies":[{"name":"wp","href":"https:\/\/api.w.org\/{rel}","templated":true}]}}