{"id":455539,"date":"2026-04-02T07:08:07","date_gmt":"2026-04-02T05:08:07","guid":{"rendered":"https:\/\/interiorposter.com\/product\/obraz-na-plotnie-kobieta-w-ogrodzie-nad-morzem\/"},"modified":"2026-04-04T23:20:36","modified_gmt":"2026-04-04T21:20:36","slug":"obraz-na-plotnie-kobieta-w-ogrodzie-nad-morzem","status":"publish","type":"product","link":"https:\/\/interiorposter.com\/de\/product\/obraz-na-plotnie-kobieta-w-ogrodzie-nad-morzem\/","title":{"rendered":"Leinwandbild Frau im Garten am Meer"},"content":{"rendered":"<p>Dieses Leinwandbild mit dem Motiv einer Frau, die durch einen bl\u00fchenden Garten am Meer spaziert, begeistert mit malerischer Leichtigkeit und romantischer Stimmung. Die lichtvolle Komposition verbindet das Blau des Wassers, sattes Gr\u00fcn und farbenreiche Blumen zu einer Dekoration, die Frische, Eleganz und k\u00fcnstlerischen Charme in den Raum bringt. Es ist eine besondere Wahl f\u00fcr Wohnzimmer, Schlafzimmer, Hotel oder Restaurant und ideal f\u00fcr klassische, feminine und von der Natur inspirierte Einrichtungen. Dieses Wandbild belebt den Raum auf sch\u00f6ne Weise, bringt Farbe hinein und schafft eine Atmosph\u00e4re von Ruhe, sommerlicher Freiheit und zeitloser Sch\u00f6nheit.<\/p>\n","protected":false},"excerpt":{"rendered":"<p>Malerisches Leinwandbild mit einer Frau in einem bl\u00fchenden Garten am Meer. Eine romantische Dekoration f\u00fcr Wohnzimmer, Schlafzimmer oder Hotel, die Licht, Farbe und eine elegante Stimmung in den Raum bringt.<\/p>\n","protected":false},"featured_media":349790,"comment_status":"closed","ping_status":"closed","template":"","meta":[],"product_brand":[],"product_cat":[75,136,298,142,304,124,90,69,84],"product_tag":[697,594,703],"class_list":{"0":"post-455539","1":"product","2":"type-product","3":"status-publish","4":"has-post-thumbnail","6":"product_cat-hotel-de","7":"product_cat-landschaften","8":"product_cat-malerei","9":"product_cat-meer-kuste","10":"product_cat-menschen","11":"product_cat-blumen","12":"product_cat-restaurant-de","13":"product_cat-schlafzimmer","14":"product_cat-wohnzimmer","15":"product_tag-moderne-bilder","16":"product_tag-multicolor-de","17":"product_tag-querformat","18":"pa_size-finishing-30x20-standard-de","19":"pa_size-finishing-30x20-na-ptnie-woskim-de","20":"pa_size-finishing-30x20-premium-print-de","21":"pa_size-finishing-30x20-akustyczny-de","22":"pa_size-finishing-60x40-standard-de","23":"pa_size-finishing-60x40-na-ptnie-woskim-de","24":"pa_size-finishing-60x40-premium-print-de","25":"pa_size-finishing-60x40-akustyczny-de","26":"pa_size-finishing-60x40-w-ramie-drewnianej-naturalnej-de","27":"pa_size-finishing-60x40-w-ramie-drewnianej-czarnej-de","28":"pa_size-finishing-90x60-standard-de","29":"pa_size-finishing-90x60-na-ptnie-woskim-de","30":"pa_size-finishing-90x60-premium-print-de","31":"pa_size-finishing-90x60-akustyczny-de","32":"pa_size-finishing-90x60-w-ramie-drewnianej-naturalnej-de","33":"pa_size-finishing-90x60-w-ramie-drewnianej-czarnej-de","34":"pa_size-finishing-120x80-standard-de","35":"pa_size-finishing-120x80-na-ptnie-woskim-de","36":"pa_size-finishing-120x80-premium-print-de","37":"pa_size-finishing-120x80-akustyczny-de","38":"pa_size-finishing-120x80-w-ramie-drewnianej-naturalnej-de","39":"pa_size-finishing-120x80-w-ramie-drewnianej-czarnej-de","41":"first","42":"instock","43":"purchasable","44":"product-type-variable","45":"has-default-attributes"},"aioseo_notices":[],"_links":{"self":[{"href":"https:\/\/interiorposter.com\/de\/wp-json\/wp\/v2\/product\/455539","targetHints":{"allow":["GET"]}}],"collection":[{"href":"https:\/\/interiorposter.com\/de\/wp-json\/wp\/v2\/product"}],"about":[{"href":"https:\/\/interiorposter.com\/de\/wp-json\/wp\/v2\/types\/product"}],"replies":[{"embeddable":true,"href":"https:\/\/interiorposter.com\/de\/wp-json\/wp\/v2\/comments?post=455539"}],"wp:featuredmedia":[{"embeddable":true,"href":"https:\/\/interiorposter.com\/de\/wp-json\/wp\/v2\/media\/349790"}],"wp:attachment":[{"href":"https:\/\/interiorposter.com\/de\/wp-json\/wp\/v2\/media?parent=455539"}],"wp:term":[{"taxonomy":"product_brand","embeddable":true,"href":"https:\/\/interiorposter.com\/de\/wp-json\/wp\/v2\/product_brand?post=455539"},{"taxonomy":"product_cat","embeddable":true,"href":"https:\/\/interiorposter.com\/de\/wp-json\/wp\/v2\/product_cat?post=455539"},{"taxonomy":"product_tag","embeddable":true,"href":"https:\/\/interiorposter.com\/de\/wp-json\/wp\/v2\/product_tag?post=455539"}],"curies":[{"name":"wp","href":"https:\/\/api.w.org\/{rel}","templated":true}]}}