{"id":453310,"date":"2026-04-02T06:40:02","date_gmt":"2026-04-02T04:40:02","guid":{"rendered":"https:\/\/interiorposter.com\/product\/obraz-na-plotnie-samotne-drzewo-w-pastelowym-pejzazu\/"},"modified":"2026-04-04T22:32:27","modified_gmt":"2026-04-04T20:32:27","slug":"obraz-na-plotnie-samotne-drzewo-w-pastelowym-pejzazu","status":"publish","type":"product","link":"https:\/\/interiorposter.com\/de\/product\/obraz-na-plotnie-samotne-drzewo-w-pastelowym-pejzazu\/","title":{"rendered":"Leinwandbild Einsamer Baum in pastelliger Landschaft"},"content":{"rendered":"<p>Dieses Leinwandbild mit dem Motiv eines einsamen Baumes, der sich in der ruhigen Wasseroberfl\u00e4che spiegelt, begeistert mit Leichtigkeit, Stille und subtiler Eleganz. Die zarte Komposition in Pudert\u00f6nen von Rosa, hellem Beige, Grau und sanftem Blau bringt Harmonie und ein Gef\u00fchl von Weite in den Raum. Es ist eine besondere Dekoration f\u00fcr Wohnzimmer, Schlafzimmer, Flur, B\u00fcro oder Hotel und ideal f\u00fcr moderne, minimalistische und skandinavische Einrichtungen. Dieses Wandbild hilft dabei, eine ruhige und stilvolle Atmosph\u00e4re zu schaffen, und wird zu einem sch\u00f6nen Akzent f\u00fcr R\u00e4ume, die von der Natur und sanften Farbwelten inspiriert sind.<\/p>\n","protected":false},"excerpt":{"rendered":"<p>Subtiles Leinwandbild mit einem einsamen Baum und seiner Spiegelung im Wasser in pastelligen Rosa, Beige und Blaut\u00f6nen. Eine elegante Dekoration f\u00fcr Wohnzimmer, Schlafzimmer oder B\u00fcro, die Ruhe und Leichtigkeit in den Raum bringt.<\/p>\n","protected":false},"featured_media":347984,"comment_status":"closed","ping_status":"closed","template":"","meta":[],"product_brand":[],"product_cat":[87,72,75,136,298,103,106,124,69,112,84],"product_tag":[275,705,697,278],"class_list":{"0":"post-453310","1":"product","2":"type-product","3":"status-publish","4":"has-post-thumbnail","6":"product_cat-buero","7":"product_cat-flur","8":"product_cat-hotel-de","9":"product_cat-landschaften","10":"product_cat-malerei","11":"product_cat-minimalistisch","12":"product_cat-modern-de","13":"product_cat-blumen","14":"product_cat-schlafzimmer","15":"product_cat-skandinavisch","16":"product_cat-wohnzimmer","17":"product_tag-helle","18":"product_tag-hochformat","19":"product_tag-moderne-bilder","20":"product_tag-pastellfarben","21":"pa_size-finishing-20x30-standard-de","22":"pa_size-finishing-20x30-na-ptnie-woskim-de","23":"pa_size-finishing-20x30-premium-print-de","24":"pa_size-finishing-20x30-akustyczny-de","25":"pa_size-finishing-40x60-standard-de","26":"pa_size-finishing-40x60-na-ptnie-woskim-de","27":"pa_size-finishing-40x60-premium-print-de","28":"pa_size-finishing-40x60-akustyczny-de","29":"pa_size-finishing-40x60-w-ramie-drewnianej-naturalnej-de","30":"pa_size-finishing-40x60-w-ramie-drewnianej-czarnej-de","31":"pa_size-finishing-60x90-standard-de","32":"pa_size-finishing-60x90-na-ptnie-woskim-de","33":"pa_size-finishing-60x90-premium-print-de","34":"pa_size-finishing-60x90-akustyczny-de","35":"pa_size-finishing-60x90-w-ramie-drewnianej-naturalnej-de","36":"pa_size-finishing-60x90-w-ramie-drewnianej-czarnej-de","37":"pa_size-finishing-80x120-standard-de","38":"pa_size-finishing-80x120-na-ptnie-woskim-de","39":"pa_size-finishing-80x120-premium-print-de","40":"pa_size-finishing-80x120-akustyczny-de","41":"pa_size-finishing-80x120-w-ramie-drewnianej-naturalnej-de","42":"pa_size-finishing-80x120-w-ramie-drewnianej-czarnej-de","44":"first","45":"instock","46":"purchasable","47":"product-type-variable","48":"has-default-attributes"},"aioseo_notices":[],"_links":{"self":[{"href":"https:\/\/interiorposter.com\/de\/wp-json\/wp\/v2\/product\/453310","targetHints":{"allow":["GET"]}}],"collection":[{"href":"https:\/\/interiorposter.com\/de\/wp-json\/wp\/v2\/product"}],"about":[{"href":"https:\/\/interiorposter.com\/de\/wp-json\/wp\/v2\/types\/product"}],"replies":[{"embeddable":true,"href":"https:\/\/interiorposter.com\/de\/wp-json\/wp\/v2\/comments?post=453310"}],"wp:featuredmedia":[{"embeddable":true,"href":"https:\/\/interiorposter.com\/de\/wp-json\/wp\/v2\/media\/347984"}],"wp:attachment":[{"href":"https:\/\/interiorposter.com\/de\/wp-json\/wp\/v2\/media?parent=453310"}],"wp:term":[{"taxonomy":"product_brand","embeddable":true,"href":"https:\/\/interiorposter.com\/de\/wp-json\/wp\/v2\/product_brand?post=453310"},{"taxonomy":"product_cat","embeddable":true,"href":"https:\/\/interiorposter.com\/de\/wp-json\/wp\/v2\/product_cat?post=453310"},{"taxonomy":"product_tag","embeddable":true,"href":"https:\/\/interiorposter.com\/de\/wp-json\/wp\/v2\/product_tag?post=453310"}],"curies":[{"name":"wp","href":"https:\/\/api.w.org\/{rel}","templated":true}]}}