{"id":453022,"date":"2026-04-02T06:37:07","date_gmt":"2026-04-02T04:37:07","guid":{"rendered":"https:\/\/interiorposter.com\/product\/szeroki-obraz-na-plotnie-mglisty-las-nad-jeziorem\/"},"modified":"2026-04-04T22:25:38","modified_gmt":"2026-04-04T20:25:38","slug":"szeroki-obraz-na-plotnie-mglisty-las-nad-jeziorem","status":"publish","type":"product","link":"https:\/\/interiorposter.com\/de\/product\/szeroki-obraz-na-plotnie-mglisty-las-nad-jeziorem\/","title":{"rendered":"Breites Leinwandbild Nebelwald am See"},"content":{"rendered":"<p>Dieses breite Leinwandbild mit einem nebligen Wald, der sich in der ruhigen Oberfl\u00e4che eines Sees spiegelt, bringt eine Atmosph\u00e4re von Stille, Harmonie und nat\u00fcrlicher Eleganz in den Raum. Zarte \u00dcberg\u00e4nge von Grau, gebrochenem Wei\u00df, Beige und gedecktem Gr\u00fcn schaffen eine helle, subtile Komposition, die den Charakter moderner Einrichtungen stilvoll unterstreicht. Ein solches Bild f\u00fcr das Wohnzimmer eignet sich auch hervorragend f\u00fcr Schlafzimmer, B\u00fcro, Flur, Hotel oder Restaurant und verleiht dem Raum Leichtigkeit sowie eine raffinierte Ausstrahlung. Es ist eine stilvolle Wanddekoration f\u00fcr alle, die Natur, Ruhe und zeitlose Sch\u00f6nheit sch\u00e4tzen.<\/p>\n","protected":false},"excerpt":{"rendered":"<p>Breites Leinwandbild mit einem nebligen Wald am See in grau beigefarbenen T\u00f6nen. Eine elegante Dekoration f\u00fcr Wohnzimmer, Schlafzimmer oder B\u00fcro, die Ruhe, Harmonie und eine nat\u00fcrliche Atmosph\u00e4re in den Raum bringt.<\/p>\n","protected":false},"featured_media":347773,"comment_status":"closed","ping_status":"closed","template":"","meta":[],"product_brand":[],"product_cat":[87,72,109,75,136,298,106,124,90,69,112,255,84],"product_tag":[181,697,916,703],"class_list":{"0":"post-453022","1":"product","2":"type-product","3":"status-publish","4":"has-post-thumbnail","6":"product_cat-buero","7":"product_cat-flur","8":"product_cat-fotografie-de","9":"product_cat-hotel-de","10":"product_cat-landschaften","11":"product_cat-malerei","12":"product_cat-modern-de","13":"product_cat-blumen","14":"product_cat-restaurant-de","15":"product_cat-schlafzimmer","16":"product_cat-skandinavisch","17":"product_cat-tiere-natur","18":"product_cat-wohnzimmer","19":"product_tag-grau","20":"product_tag-moderne-bilder","21":"product_tag-panoramisch","22":"product_tag-querformat","23":"pa_size-finishing-120x40-akustyczny-de","24":"pa_size-finishing-120x40-na-ptnie-woskim-de","25":"pa_size-finishing-120x40-premium-print-de","26":"pa_size-finishing-120x40-standard-de","27":"pa_size-finishing-120x40-w-ramie-drewnianej-czarnej-de","28":"pa_size-finishing-120x40-w-ramie-drewnianej-naturalnej-de","29":"pa_size-finishing-135x45-akustyczny-de","30":"pa_size-finishing-135x45-na-ptnie-woskim-de","31":"pa_size-finishing-135x45-premium-print-de","32":"pa_size-finishing-135x45-standard-de","33":"pa_size-finishing-150x50-akustyczny-de","34":"pa_size-finishing-150x50-na-ptnie-woskim-de","35":"pa_size-finishing-150x50-premium-print-de","36":"pa_size-finishing-150x50-standard-de","37":"pa_size-finishing-150x50-w-ramie-drewnianej-czarnej-de","38":"pa_size-finishing-150x50-w-ramie-drewnianej-naturalnej-de","39":"pa_size-finishing-90x30-akustyczny-de","40":"pa_size-finishing-90x30-na-ptnie-woskim-de","41":"pa_size-finishing-90x30-premium-print-de","42":"pa_size-finishing-90x30-standard-de","43":"pa_size-finishing-90x30-w-ramie-drewnianej-czarnej-de","44":"pa_size-finishing-90x30-w-ramie-drewnianej-naturalnej-de","46":"first","47":"instock","48":"purchasable","49":"product-type-variable","50":"has-default-attributes"},"aioseo_notices":[],"_links":{"self":[{"href":"https:\/\/interiorposter.com\/de\/wp-json\/wp\/v2\/product\/453022","targetHints":{"allow":["GET"]}}],"collection":[{"href":"https:\/\/interiorposter.com\/de\/wp-json\/wp\/v2\/product"}],"about":[{"href":"https:\/\/interiorposter.com\/de\/wp-json\/wp\/v2\/types\/product"}],"replies":[{"embeddable":true,"href":"https:\/\/interiorposter.com\/de\/wp-json\/wp\/v2\/comments?post=453022"}],"wp:featuredmedia":[{"embeddable":true,"href":"https:\/\/interiorposter.com\/de\/wp-json\/wp\/v2\/media\/347773"}],"wp:attachment":[{"href":"https:\/\/interiorposter.com\/de\/wp-json\/wp\/v2\/media?parent=453022"}],"wp:term":[{"taxonomy":"product_brand","embeddable":true,"href":"https:\/\/interiorposter.com\/de\/wp-json\/wp\/v2\/product_brand?post=453022"},{"taxonomy":"product_cat","embeddable":true,"href":"https:\/\/interiorposter.com\/de\/wp-json\/wp\/v2\/product_cat?post=453022"},{"taxonomy":"product_tag","embeddable":true,"href":"https:\/\/interiorposter.com\/de\/wp-json\/wp\/v2\/product_tag?post=453022"}],"curies":[{"name":"wp","href":"https:\/\/api.w.org\/{rel}","templated":true}]}}