{"id":452885,"date":"2026-04-02T06:19:30","date_gmt":"2026-04-02T04:19:30","guid":{"rendered":"https:\/\/interiorposter.com\/product\/obraz-na-plotnie-pustynne-wydmy-w-bezowych-tonach\/"},"modified":"2026-04-04T22:18:55","modified_gmt":"2026-04-04T20:18:55","slug":"obraz-na-plotnie-pustynne-wydmy-w-bezowych-tonach","status":"publish","type":"product","link":"https:\/\/interiorposter.com\/de\/product\/obraz-na-plotnie-pustynne-wydmy-w-bezowych-tonach\/","title":{"rendered":"Leinwandbild W\u00fcsten\u00add\u00fcnen in Beiget\u00f6nen"},"content":{"rendered":"<p>Dieses Leinwandbild mit dem Motiv sanfter W\u00fcstend\u00fcnen begeistert mit Ruhe, Leichtigkeit und subtiler Eleganz. Flie\u00dfende Linien des Sandes und zarte \u00dcberg\u00e4nge von Beige, sandigem Braun und hellen Nude-T\u00f6nen schaffen eine harmonische Komposition, die den Raum optisch beruhigt und ihm einen modernen Charakter verleiht. Es ist eine stilvolle Wanddekoration f\u00fcr Wohnzimmer, Schlafzimmer, Flur, B\u00fcro, Hotel oder Restaurant und ideal f\u00fcr minimalistische, skandinavische und moderne Einrichtungen. Dieses Bild f\u00fcr die Wand w\u00e4rmt den Raum optisch auf, bringt eine entspannende Atmosph\u00e4re hinein und setzt einen eleganten, von der Natur inspirierten Akzent.<\/p>\n","protected":false},"excerpt":{"rendered":"<p>Subtiles Leinwandbild mit dem Motiv von W\u00fcstend\u00fcnen in Beige- und Sandt\u00f6nen. Eine elegante Dekoration f\u00fcr Wohnzimmer, Schlafzimmer oder B\u00fcro, die Ruhe, Leichtigkeit und modernen Stil in den Raum bringt.<\/p>\n","protected":false},"featured_media":346491,"comment_status":"closed","ping_status":"closed","template":"","meta":[],"product_brand":[],"product_cat":[87,72,109,75,136,103,106,90,69,112,255,84],"product_tag":[275,705,697,278],"class_list":{"0":"post-452885","1":"product","2":"type-product","3":"status-publish","4":"has-post-thumbnail","6":"product_cat-buero","7":"product_cat-flur","8":"product_cat-fotografie-de","9":"product_cat-hotel-de","10":"product_cat-landschaften","11":"product_cat-minimalistisch","12":"product_cat-modern-de","13":"product_cat-restaurant-de","14":"product_cat-schlafzimmer","15":"product_cat-skandinavisch","16":"product_cat-tiere-natur","17":"product_cat-wohnzimmer","18":"product_tag-helle","19":"product_tag-hochformat","20":"product_tag-moderne-bilder","21":"product_tag-pastellfarben","22":"pa_size-finishing-20x30-standard-de","23":"pa_size-finishing-20x30-na-ptnie-woskim-de","24":"pa_size-finishing-20x30-premium-print-de","25":"pa_size-finishing-20x30-akustyczny-de","26":"pa_size-finishing-40x60-standard-de","27":"pa_size-finishing-40x60-na-ptnie-woskim-de","28":"pa_size-finishing-40x60-premium-print-de","29":"pa_size-finishing-40x60-akustyczny-de","30":"pa_size-finishing-40x60-w-ramie-drewnianej-naturalnej-de","31":"pa_size-finishing-40x60-w-ramie-drewnianej-czarnej-de","32":"pa_size-finishing-60x90-standard-de","33":"pa_size-finishing-60x90-na-ptnie-woskim-de","34":"pa_size-finishing-60x90-premium-print-de","35":"pa_size-finishing-60x90-akustyczny-de","36":"pa_size-finishing-60x90-w-ramie-drewnianej-naturalnej-de","37":"pa_size-finishing-60x90-w-ramie-drewnianej-czarnej-de","38":"pa_size-finishing-80x120-standard-de","39":"pa_size-finishing-80x120-na-ptnie-woskim-de","40":"pa_size-finishing-80x120-premium-print-de","41":"pa_size-finishing-80x120-akustyczny-de","42":"pa_size-finishing-80x120-w-ramie-drewnianej-naturalnej-de","43":"pa_size-finishing-80x120-w-ramie-drewnianej-czarnej-de","45":"first","46":"instock","47":"product-type-variable","48":"has-default-attributes"},"aioseo_notices":[],"_links":{"self":[{"href":"https:\/\/interiorposter.com\/de\/wp-json\/wp\/v2\/product\/452885","targetHints":{"allow":["GET"]}}],"collection":[{"href":"https:\/\/interiorposter.com\/de\/wp-json\/wp\/v2\/product"}],"about":[{"href":"https:\/\/interiorposter.com\/de\/wp-json\/wp\/v2\/types\/product"}],"replies":[{"embeddable":true,"href":"https:\/\/interiorposter.com\/de\/wp-json\/wp\/v2\/comments?post=452885"}],"wp:featuredmedia":[{"embeddable":true,"href":"https:\/\/interiorposter.com\/de\/wp-json\/wp\/v2\/media\/346491"}],"wp:attachment":[{"href":"https:\/\/interiorposter.com\/de\/wp-json\/wp\/v2\/media?parent=452885"}],"wp:term":[{"taxonomy":"product_brand","embeddable":true,"href":"https:\/\/interiorposter.com\/de\/wp-json\/wp\/v2\/product_brand?post=452885"},{"taxonomy":"product_cat","embeddable":true,"href":"https:\/\/interiorposter.com\/de\/wp-json\/wp\/v2\/product_cat?post=452885"},{"taxonomy":"product_tag","embeddable":true,"href":"https:\/\/interiorposter.com\/de\/wp-json\/wp\/v2\/product_tag?post=452885"}],"curies":[{"name":"wp","href":"https:\/\/api.w.org\/{rel}","templated":true}]}}