{"id":452592,"date":"2026-04-02T05:55:38","date_gmt":"2026-04-02T03:55:38","guid":{"rendered":"https:\/\/interiorposter.com\/product\/obraz-na-plotnie-falochron-o-swicie-nad-morzem\/"},"modified":"2026-04-04T22:13:27","modified_gmt":"2026-04-04T20:13:27","slug":"obraz-na-plotnie-falochron-o-swicie-nad-morzem","status":"publish","type":"product","link":"https:\/\/interiorposter.com\/de\/product\/obraz-na-plotnie-falochron-o-swicie-nad-morzem\/","title":{"rendered":"Leinwandbild Wellenbrecher bei Sonnenaufgang am Meer"},"content":{"rendered":"<p>Dieses Leinwandbild mit dem Motiv h\u00f6lzerner Pf\u00e4hle eines Wellenbrechers im ruhigen Wasser zieht mit seiner minimalistischen Form und einer au\u00dfergew\u00f6hnlich beruhigenden Atmosph\u00e4re die Blicke auf sich. Sanfte \u00dcberg\u00e4nge von Beige, Braun und Grau schaffen eine elegante, helle Komposition, die vom Meer und der K\u00fcste inspiriert ist. Diese Wanddekoration unterstreicht stilvoll den Charakter von Wohnzimmer, Schlafzimmer, Flur, B\u00fcro, Hotel oder Restaurant und bringt Harmonie sowie eine subtile Tiefe in den Raum. Das Bild passt perfekt zu modernen, skandinavischen und minimalistischen Einrichtungen und verleiht dem Interieur Ruhe, Eleganz und zeitlosen Stil.<\/p>\n","protected":false},"excerpt":{"rendered":"<p>Elegantes Leinwandbild mit h\u00f6lzernen Pf\u00e4hlen eines Wellenbrechers am ruhigen Meer in Beige und Braunt\u00f6nen. Stilvolle Wanddekoration f\u00fcr Wohnzimmer, Schlafzimmer oder B\u00fcro, die Harmonie und eine beruhigende Atmosph\u00e4re in den Raum bringt.<\/p>\n","protected":false},"featured_media":344747,"comment_status":"closed","ping_status":"closed","template":"","meta":[],"product_brand":[],"product_cat":[87,72,109,75,133,136,142,103,106,90,69,112,84],"product_tag":[705,697,594],"class_list":{"0":"post-452592","1":"product","2":"type-product","3":"status-publish","4":"has-post-thumbnail","6":"product_cat-buero","7":"product_cat-flur","8":"product_cat-fotografie-de","9":"product_cat-hotel-de","10":"product_cat-industrie","11":"product_cat-landschaften","12":"product_cat-meer-kuste","13":"product_cat-minimalistisch","14":"product_cat-modern-de","15":"product_cat-restaurant-de","16":"product_cat-schlafzimmer","17":"product_cat-skandinavisch","18":"product_cat-wohnzimmer","19":"product_tag-hochformat","20":"product_tag-moderne-bilder","21":"product_tag-multicolor-de","22":"pa_size-finishing-20x30-standard-de","23":"pa_size-finishing-20x30-na-ptnie-woskim-de","24":"pa_size-finishing-20x30-premium-print-de","25":"pa_size-finishing-20x30-akustyczny-de","26":"pa_size-finishing-40x60-standard-de","27":"pa_size-finishing-40x60-na-ptnie-woskim-de","28":"pa_size-finishing-40x60-premium-print-de","29":"pa_size-finishing-40x60-akustyczny-de","30":"pa_size-finishing-40x60-w-ramie-drewnianej-naturalnej-de","31":"pa_size-finishing-40x60-w-ramie-drewnianej-czarnej-de","32":"pa_size-finishing-60x90-standard-de","33":"pa_size-finishing-60x90-na-ptnie-woskim-de","34":"pa_size-finishing-60x90-premium-print-de","35":"pa_size-finishing-60x90-akustyczny-de","36":"pa_size-finishing-60x90-w-ramie-drewnianej-naturalnej-de","37":"pa_size-finishing-60x90-w-ramie-drewnianej-czarnej-de","38":"pa_size-finishing-80x120-standard-de","39":"pa_size-finishing-80x120-na-ptnie-woskim-de","40":"pa_size-finishing-80x120-premium-print-de","41":"pa_size-finishing-80x120-akustyczny-de","42":"pa_size-finishing-80x120-w-ramie-drewnianej-naturalnej-de","43":"pa_size-finishing-80x120-w-ramie-drewnianej-czarnej-de","45":"first","46":"instock","47":"purchasable","48":"product-type-variable","49":"has-default-attributes"},"aioseo_notices":[],"_links":{"self":[{"href":"https:\/\/interiorposter.com\/de\/wp-json\/wp\/v2\/product\/452592","targetHints":{"allow":["GET"]}}],"collection":[{"href":"https:\/\/interiorposter.com\/de\/wp-json\/wp\/v2\/product"}],"about":[{"href":"https:\/\/interiorposter.com\/de\/wp-json\/wp\/v2\/types\/product"}],"replies":[{"embeddable":true,"href":"https:\/\/interiorposter.com\/de\/wp-json\/wp\/v2\/comments?post=452592"}],"wp:featuredmedia":[{"embeddable":true,"href":"https:\/\/interiorposter.com\/de\/wp-json\/wp\/v2\/media\/344747"}],"wp:attachment":[{"href":"https:\/\/interiorposter.com\/de\/wp-json\/wp\/v2\/media?parent=452592"}],"wp:term":[{"taxonomy":"product_brand","embeddable":true,"href":"https:\/\/interiorposter.com\/de\/wp-json\/wp\/v2\/product_brand?post=452592"},{"taxonomy":"product_cat","embeddable":true,"href":"https:\/\/interiorposter.com\/de\/wp-json\/wp\/v2\/product_cat?post=452592"},{"taxonomy":"product_tag","embeddable":true,"href":"https:\/\/interiorposter.com\/de\/wp-json\/wp\/v2\/product_tag?post=452592"}],"curies":[{"name":"wp","href":"https:\/\/api.w.org\/{rel}","templated":true}]}}