{"id":452185,"date":"2026-04-04T03:05:04","date_gmt":"2026-04-04T01:05:04","guid":{"rendered":"https:\/\/interiorposter.com\/?post_type=product&#038;p=452185"},"modified":"2026-04-05T01:20:25","modified_gmt":"2026-04-04T23:20:25","slug":"canvas-print-misty-forest-in-beige-and-brown","status":"publish","type":"product","link":"https:\/\/interiorposter.com\/de\/product\/canvas-print-misty-forest-in-beige-and-brown\/","title":{"rendered":"Leinwandbild Nebelwald in Beige und Braun"},"content":{"rendered":"<p>Dieses Leinwandbild mit einem nebligen Waldmotiv begeistert mit einer subtilen Atmosph\u00e4re voller Ruhe und nat\u00fcrlicher Eleganz. Sanft ineinander \u00fcbergehende B\u00e4ume, Gr\u00e4ser und weiches Licht schaffen eine Komposition, die Harmonie und Leichtigkeit in den Raum bringt. Die beige braune Farbpalette mit einem Hauch von Grau macht das Bild zu einer stilvollen Wahl f\u00fcr Wohnzimmer, Schlafzimmer, Flur, B\u00fcro, Hotel oder Restaurant. Es ist ideal f\u00fcr alle, die eine elegante Wanddekoration suchen, die Natur mit zeitlosem Charakter verbindet. Als Bild f\u00fcr das Wohnzimmer w\u00e4rmt es die Einrichtung optisch auf und schafft eine gem\u00fctliche, entspannende Stimmung.<\/p>\n","protected":false},"excerpt":{"rendered":"<p>Subtiles Leinwandbild mit einem nebligen Waldmotiv in Beige, Braun und Grau. Eine elegante Wanddekoration f\u00fcr Wohnzimmer, Schlafzimmer oder B\u00fcro, die Ruhe und nat\u00fcrliche Atmosph\u00e4re in den Raum bringt.<\/p>\n","protected":false},"featured_media":424470,"comment_status":"closed","ping_status":"closed","template":"","meta":[],"product_brand":[],"product_cat":[87,72,109,75,136,298,106,124,90,69,112,255,84],"product_tag":[697,594,703],"class_list":{"0":"post-452185","1":"product","2":"type-product","3":"status-publish","4":"has-post-thumbnail","6":"product_cat-buero","7":"product_cat-flur","8":"product_cat-fotografie-de","9":"product_cat-hotel-de","10":"product_cat-landschaften","11":"product_cat-malerei","12":"product_cat-modern-de","13":"product_cat-blumen","14":"product_cat-restaurant-de","15":"product_cat-schlafzimmer","16":"product_cat-skandinavisch","17":"product_cat-tiere-natur","18":"product_cat-wohnzimmer","19":"product_tag-moderne-bilder","20":"product_tag-multicolor-de","21":"product_tag-querformat","22":"pa_size-finishing-30x20-standard-de","23":"pa_size-finishing-30x20-na-ptnie-woskim-de","24":"pa_size-finishing-30x20-premium-print-de","25":"pa_size-finishing-30x20-akustyczny-de","26":"pa_size-finishing-60x40-standard-de","27":"pa_size-finishing-60x40-na-ptnie-woskim-de","28":"pa_size-finishing-60x40-premium-print-de","29":"pa_size-finishing-60x40-akustyczny-de","30":"pa_size-finishing-60x40-w-ramie-drewnianej-naturalnej-de","31":"pa_size-finishing-60x40-w-ramie-drewnianej-czarnej-de","32":"pa_size-finishing-90x60-standard-de","33":"pa_size-finishing-90x60-na-ptnie-woskim-de","34":"pa_size-finishing-90x60-premium-print-de","35":"pa_size-finishing-90x60-akustyczny-de","36":"pa_size-finishing-90x60-w-ramie-drewnianej-naturalnej-de","37":"pa_size-finishing-90x60-w-ramie-drewnianej-czarnej-de","38":"pa_size-finishing-120x80-standard-de","39":"pa_size-finishing-120x80-na-ptnie-woskim-de","40":"pa_size-finishing-120x80-premium-print-de","41":"pa_size-finishing-120x80-akustyczny-de","42":"pa_size-finishing-120x80-w-ramie-drewnianej-naturalnej-de","43":"pa_size-finishing-120x80-w-ramie-drewnianej-czarnej-de","45":"first","46":"instock","47":"purchasable","48":"product-type-variable","49":"has-default-attributes"},"aioseo_notices":[],"_links":{"self":[{"href":"https:\/\/interiorposter.com\/de\/wp-json\/wp\/v2\/product\/452185","targetHints":{"allow":["GET"]}}],"collection":[{"href":"https:\/\/interiorposter.com\/de\/wp-json\/wp\/v2\/product"}],"about":[{"href":"https:\/\/interiorposter.com\/de\/wp-json\/wp\/v2\/types\/product"}],"replies":[{"embeddable":true,"href":"https:\/\/interiorposter.com\/de\/wp-json\/wp\/v2\/comments?post=452185"}],"wp:featuredmedia":[{"embeddable":true,"href":"https:\/\/interiorposter.com\/de\/wp-json\/wp\/v2\/media\/424470"}],"wp:attachment":[{"href":"https:\/\/interiorposter.com\/de\/wp-json\/wp\/v2\/media?parent=452185"}],"wp:term":[{"taxonomy":"product_brand","embeddable":true,"href":"https:\/\/interiorposter.com\/de\/wp-json\/wp\/v2\/product_brand?post=452185"},{"taxonomy":"product_cat","embeddable":true,"href":"https:\/\/interiorposter.com\/de\/wp-json\/wp\/v2\/product_cat?post=452185"},{"taxonomy":"product_tag","embeddable":true,"href":"https:\/\/interiorposter.com\/de\/wp-json\/wp\/v2\/product_tag?post=452185"}],"curies":[{"name":"wp","href":"https:\/\/api.w.org\/{rel}","templated":true}]}}