{"id":425383,"date":"2026-04-02T04:00:14","date_gmt":"2026-04-02T02:00:14","guid":{"rendered":"https:\/\/interiorposter.com\/product\/obraz-na-plotnie-gorski-szczyt-wsrod-mgly\/"},"modified":"2026-04-04T03:24:50","modified_gmt":"2026-04-04T01:24:50","slug":"obraz-na-plotnie-gorski-szczyt-wsrod-mgly","status":"publish","type":"product","link":"https:\/\/interiorposter.com\/de\/product\/obraz-na-plotnie-gorski-szczyt-wsrod-mgly\/","title":{"rendered":"Leinwandbild Berggipfel im Nebel"},"content":{"rendered":"<p>Dieses stimmungsvolle Leinwandbild mit einem monumentalen Berggipfel, der aus dem Nebel hervortritt, begeistert mit Ruhe, der rauen Sch\u00f6nheit der Natur und eleganter Schlichtheit. Die helle, zur\u00fcckhaltende Komposition in Grau, Wei\u00df und sanft ged\u00e4mpften Beiget\u00f6nen bringt Harmonie, Weite und eine besondere Atmosph\u00e4re in den Raum. Es ist eine stilvolle Wahl f\u00fcr Wohnzimmer, Schlafzimmer, B\u00fcro, Hotel oder Flur und passt ideal zu modernen, minimalistischen und skandinavischen Einrichtungen. Die Berglandschaft in dieser dezenten Darstellung zieht die Blicke auf sich und l\u00e4dt zum Innehalten ein, w\u00e4hrend dieses Wandbild zu einem zeitlosen Akzent mit nat\u00fcrlichem und elegantem Charakter wird.<\/p>\n","protected":false},"excerpt":{"rendered":"<p>Helles Leinwandbild mit einem von Nebel umh\u00fcllten Berggipfel. Eine stilvolle Dekoration f\u00fcr Wohnzimmer, Schlafzimmer, B\u00fcro und R\u00e4ume im ruhigen nat\u00fcrlichen Stil.<\/p>\n","protected":false},"featured_media":335947,"comment_status":"closed","ping_status":"closed","template":"","meta":[],"product_brand":[],"product_cat":[87,72,109,75,136,103,106,69,112,84],"product_tag":[181,275,705,697,278],"class_list":{"0":"post-425383","1":"product","2":"type-product","3":"status-publish","4":"has-post-thumbnail","6":"product_cat-buero","7":"product_cat-flur","8":"product_cat-fotografie-de","9":"product_cat-hotel-de","10":"product_cat-landschaften","11":"product_cat-minimalistisch","12":"product_cat-modern-de","13":"product_cat-schlafzimmer","14":"product_cat-skandinavisch","15":"product_cat-wohnzimmer","16":"product_tag-grau","17":"product_tag-helle","18":"product_tag-hochformat","19":"product_tag-moderne-bilder","20":"product_tag-pastellfarben","21":"pa_size-finishing-20x30-standard-de","22":"pa_size-finishing-20x30-na-ptnie-woskim-de","23":"pa_size-finishing-20x30-premium-print-de","24":"pa_size-finishing-20x30-akustyczny-de","25":"pa_size-finishing-40x60-standard-de","26":"pa_size-finishing-40x60-na-ptnie-woskim-de","27":"pa_size-finishing-40x60-premium-print-de","28":"pa_size-finishing-40x60-akustyczny-de","29":"pa_size-finishing-40x60-w-ramie-drewnianej-naturalnej-de","30":"pa_size-finishing-40x60-w-ramie-drewnianej-czarnej-de","31":"pa_size-finishing-60x90-standard-de","32":"pa_size-finishing-60x90-na-ptnie-woskim-de","33":"pa_size-finishing-60x90-premium-print-de","34":"pa_size-finishing-60x90-akustyczny-de","35":"pa_size-finishing-60x90-w-ramie-drewnianej-naturalnej-de","36":"pa_size-finishing-60x90-w-ramie-drewnianej-czarnej-de","37":"pa_size-finishing-80x120-standard-de","38":"pa_size-finishing-80x120-na-ptnie-woskim-de","39":"pa_size-finishing-80x120-premium-print-de","40":"pa_size-finishing-80x120-akustyczny-de","41":"pa_size-finishing-80x120-w-ramie-drewnianej-naturalnej-de","42":"pa_size-finishing-80x120-w-ramie-drewnianej-czarnej-de","44":"first","45":"instock","46":"purchasable","47":"product-type-variable","48":"has-default-attributes"},"aioseo_notices":[],"_links":{"self":[{"href":"https:\/\/interiorposter.com\/de\/wp-json\/wp\/v2\/product\/425383","targetHints":{"allow":["GET"]}}],"collection":[{"href":"https:\/\/interiorposter.com\/de\/wp-json\/wp\/v2\/product"}],"about":[{"href":"https:\/\/interiorposter.com\/de\/wp-json\/wp\/v2\/types\/product"}],"replies":[{"embeddable":true,"href":"https:\/\/interiorposter.com\/de\/wp-json\/wp\/v2\/comments?post=425383"}],"wp:featuredmedia":[{"embeddable":true,"href":"https:\/\/interiorposter.com\/de\/wp-json\/wp\/v2\/media\/335947"}],"wp:attachment":[{"href":"https:\/\/interiorposter.com\/de\/wp-json\/wp\/v2\/media?parent=425383"}],"wp:term":[{"taxonomy":"product_brand","embeddable":true,"href":"https:\/\/interiorposter.com\/de\/wp-json\/wp\/v2\/product_brand?post=425383"},{"taxonomy":"product_cat","embeddable":true,"href":"https:\/\/interiorposter.com\/de\/wp-json\/wp\/v2\/product_cat?post=425383"},{"taxonomy":"product_tag","embeddable":true,"href":"https:\/\/interiorposter.com\/de\/wp-json\/wp\/v2\/product_tag?post=425383"}],"curies":[{"name":"wp","href":"https:\/\/api.w.org\/{rel}","templated":true}]}}