{"id":425098,"date":"2026-04-02T03:52:24","date_gmt":"2026-04-02T01:52:24","guid":{"rendered":"https:\/\/interiorposter.com\/product\/obraz-na-plotnie-refleksy-na-tafli-wody\/"},"modified":"2026-04-04T03:18:47","modified_gmt":"2026-04-04T01:18:47","slug":"obraz-na-plotnie-refleksy-na-tafli-wody","status":"publish","type":"product","link":"https:\/\/interiorposter.com\/de\/product\/obraz-na-plotnie-refleksy-na-tafli-wody\/","title":{"rendered":"Leinwandbild Reflexionen auf der Wasseroberfl\u00e4che"},"content":{"rendered":"<p>Dieses dezente Leinwandbild mit einer Wasseroberfl\u00e4che, feinen Reflexionen und sich ausbreitenden Kreisen bringt Ruhe, Leichtigkeit und elegante Harmonie in den Raum. Die helle, zur\u00fcckhaltende Komposition in Wei\u00df, Grau und sanft ged\u00e4mpften Schwarzt\u00f6nen schafft eine moderne Dekoration mit beruhigender Wirkung. Es ist eine stilvolle Wahl f\u00fcr Wohnzimmer, Schlafzimmer, Badezimmer, Hotel oder B\u00fcro und passt ideal zu minimalistischen, modernen und von der Spa \u00c4sthetik inspirierten Einrichtungen. Das Wassermotiv schafft eine entspannende Atmosph\u00e4re und unterstreicht auf subtile Weise den ruhigen und eleganten Charakter des Raumes.<\/p>\n","protected":false},"excerpt":{"rendered":"<p>Helles Leinwandbild mit Wasseroberfl\u00e4che, Reflexionen und feinen Kreisen. Eine elegante Dekoration f\u00fcr Wohnzimmer, Schlafzimmer, Badezimmer und moderne R\u00e4ume zum Entspannen.<\/p>\n","protected":false},"featured_media":335290,"comment_status":"closed","ping_status":"closed","template":"","meta":[],"product_brand":[],"product_cat":[66,87,109,211,75,133,142,103,69,84],"product_tag":[181,705,697],"class_list":{"0":"post-425098","1":"product","2":"type-product","3":"status-publish","4":"has-post-thumbnail","6":"product_cat-badezimmer","7":"product_cat-buero","8":"product_cat-fotografie-de","9":"product_cat-geometrisch","10":"product_cat-hotel-de","11":"product_cat-industrie","12":"product_cat-meer-kuste","13":"product_cat-minimalistisch","14":"product_cat-schlafzimmer","15":"product_cat-wohnzimmer","16":"product_tag-grau","17":"product_tag-hochformat","18":"product_tag-moderne-bilder","19":"pa_size-finishing-20x30-standard-de","20":"pa_size-finishing-20x30-na-ptnie-woskim-de","21":"pa_size-finishing-20x30-premium-print-de","22":"pa_size-finishing-20x30-akustyczny-de","23":"pa_size-finishing-40x60-standard-de","24":"pa_size-finishing-40x60-na-ptnie-woskim-de","25":"pa_size-finishing-40x60-premium-print-de","26":"pa_size-finishing-40x60-akustyczny-de","27":"pa_size-finishing-40x60-w-ramie-drewnianej-naturalnej-de","28":"pa_size-finishing-40x60-w-ramie-drewnianej-czarnej-de","29":"pa_size-finishing-60x90-standard-de","30":"pa_size-finishing-60x90-na-ptnie-woskim-de","31":"pa_size-finishing-60x90-premium-print-de","32":"pa_size-finishing-60x90-akustyczny-de","33":"pa_size-finishing-60x90-w-ramie-drewnianej-naturalnej-de","34":"pa_size-finishing-60x90-w-ramie-drewnianej-czarnej-de","35":"pa_size-finishing-80x120-standard-de","36":"pa_size-finishing-80x120-na-ptnie-woskim-de","37":"pa_size-finishing-80x120-premium-print-de","38":"pa_size-finishing-80x120-akustyczny-de","39":"pa_size-finishing-80x120-w-ramie-drewnianej-naturalnej-de","40":"pa_size-finishing-80x120-w-ramie-drewnianej-czarnej-de","42":"first","43":"instock","44":"purchasable","45":"product-type-variable","46":"has-default-attributes"},"aioseo_notices":[],"_links":{"self":[{"href":"https:\/\/interiorposter.com\/de\/wp-json\/wp\/v2\/product\/425098","targetHints":{"allow":["GET"]}}],"collection":[{"href":"https:\/\/interiorposter.com\/de\/wp-json\/wp\/v2\/product"}],"about":[{"href":"https:\/\/interiorposter.com\/de\/wp-json\/wp\/v2\/types\/product"}],"replies":[{"embeddable":true,"href":"https:\/\/interiorposter.com\/de\/wp-json\/wp\/v2\/comments?post=425098"}],"wp:featuredmedia":[{"embeddable":true,"href":"https:\/\/interiorposter.com\/de\/wp-json\/wp\/v2\/media\/335290"}],"wp:attachment":[{"href":"https:\/\/interiorposter.com\/de\/wp-json\/wp\/v2\/media?parent=425098"}],"wp:term":[{"taxonomy":"product_brand","embeddable":true,"href":"https:\/\/interiorposter.com\/de\/wp-json\/wp\/v2\/product_brand?post=425098"},{"taxonomy":"product_cat","embeddable":true,"href":"https:\/\/interiorposter.com\/de\/wp-json\/wp\/v2\/product_cat?post=425098"},{"taxonomy":"product_tag","embeddable":true,"href":"https:\/\/interiorposter.com\/de\/wp-json\/wp\/v2\/product_tag?post=425098"}],"curies":[{"name":"wp","href":"https:\/\/api.w.org\/{rel}","templated":true}]}}