{"id":420086,"date":"2026-04-03T00:30:49","date_gmt":"2026-04-02T22:30:49","guid":{"rendered":"https:\/\/interiorposter.com\/product\/obraz-na-plotnie-wieza-eiffla-w-artystycznej-odslonie\/"},"modified":"2026-04-04T01:42:51","modified_gmt":"2026-04-03T23:42:51","slug":"obraz-na-plotnie-wieza-eiffla-w-artystycznej-odslonie","status":"publish","type":"product","link":"https:\/\/interiorposter.com\/de\/product\/obraz-na-plotnie-wieza-eiffla-w-artystycznej-odslonie\/","title":{"rendered":"Leinwandbild Eiffelturm in k\u00fcnstlerischer Optik"},"content":{"rendered":"<p>Dieses stilvolle Leinwandbild mit dem Eiffelturm in malerischer Darstellung ist eine elegante Wanddekoration, die Reiselust, Leichtigkeit und den zeitlosen Charme der Pariser Architektur in den Raum bringt. Die sanft verschwommene Komposition in Blau, Beige, Braun und Wei\u00df schafft eine harmonische Wirkung und passt hervorragend in Wohnzimmer, Schlafzimmer, B\u00fcro, Hotel, Restaurant oder Flur. Dieses Wandbild ist die ideale Wahl f\u00fcr moderne, minimalistische und vom Stadtstil inspirierte Einrichtungen. Es zieht die Blicke auf sich und bewahrt zugleich einen zarten k\u00fcnstlerischen Charakter, wodurch es eine elegante Einrichtung wunderbar erg\u00e4nzt.<\/p>\n","protected":false},"excerpt":{"rendered":"<p>K\u00fcnstlerisches Leinwandbild mit dem Eiffelturm in einer hellen und stilvollen Komposition. Eine elegante Dekoration f\u00fcr Wohnzimmer, Schlafzimmer, B\u00fcro und reiseinspirierte R\u00e4ume.<\/p>\n","protected":false},"featured_media":386909,"comment_status":"closed","ping_status":"closed","template":"","meta":[],"product_brand":[],"product_cat":[87,72,75,298,103,106,90,69,121,84],"product_tag":[275,705,697,594,278],"class_list":{"0":"post-420086","1":"product","2":"type-product","3":"status-publish","4":"has-post-thumbnail","6":"product_cat-buero","7":"product_cat-flur","8":"product_cat-hotel-de","9":"product_cat-malerei","10":"product_cat-minimalistisch","11":"product_cat-modern-de","12":"product_cat-restaurant-de","13":"product_cat-schlafzimmer","14":"product_cat-staedte-und-bruecken","15":"product_cat-wohnzimmer","16":"product_tag-helle","17":"product_tag-hochformat","18":"product_tag-moderne-bilder","19":"product_tag-multicolor-de","20":"product_tag-pastellfarben","21":"pa_size-finishing-20x30-standard-de","22":"pa_size-finishing-20x30-na-ptnie-woskim-de","23":"pa_size-finishing-20x30-premium-print-de","24":"pa_size-finishing-20x30-akustyczny-de","25":"pa_size-finishing-40x60-standard-de","26":"pa_size-finishing-40x60-na-ptnie-woskim-de","27":"pa_size-finishing-40x60-premium-print-de","28":"pa_size-finishing-40x60-akustyczny-de","29":"pa_size-finishing-40x60-w-ramie-drewnianej-naturalnej-de","30":"pa_size-finishing-40x60-w-ramie-drewnianej-czarnej-de","31":"pa_size-finishing-60x90-standard-de","32":"pa_size-finishing-60x90-na-ptnie-woskim-de","33":"pa_size-finishing-60x90-premium-print-de","34":"pa_size-finishing-60x90-akustyczny-de","35":"pa_size-finishing-60x90-w-ramie-drewnianej-naturalnej-de","36":"pa_size-finishing-60x90-w-ramie-drewnianej-czarnej-de","37":"pa_size-finishing-80x120-standard-de","38":"pa_size-finishing-80x120-na-ptnie-woskim-de","39":"pa_size-finishing-80x120-premium-print-de","40":"pa_size-finishing-80x120-akustyczny-de","41":"pa_size-finishing-80x120-w-ramie-drewnianej-naturalnej-de","42":"pa_size-finishing-80x120-w-ramie-drewnianej-czarnej-de","44":"first","45":"instock","46":"purchasable","47":"product-type-variable","48":"has-default-attributes"},"aioseo_notices":[],"_links":{"self":[{"href":"https:\/\/interiorposter.com\/de\/wp-json\/wp\/v2\/product\/420086","targetHints":{"allow":["GET"]}}],"collection":[{"href":"https:\/\/interiorposter.com\/de\/wp-json\/wp\/v2\/product"}],"about":[{"href":"https:\/\/interiorposter.com\/de\/wp-json\/wp\/v2\/types\/product"}],"replies":[{"embeddable":true,"href":"https:\/\/interiorposter.com\/de\/wp-json\/wp\/v2\/comments?post=420086"}],"wp:featuredmedia":[{"embeddable":true,"href":"https:\/\/interiorposter.com\/de\/wp-json\/wp\/v2\/media\/386909"}],"wp:attachment":[{"href":"https:\/\/interiorposter.com\/de\/wp-json\/wp\/v2\/media?parent=420086"}],"wp:term":[{"taxonomy":"product_brand","embeddable":true,"href":"https:\/\/interiorposter.com\/de\/wp-json\/wp\/v2\/product_brand?post=420086"},{"taxonomy":"product_cat","embeddable":true,"href":"https:\/\/interiorposter.com\/de\/wp-json\/wp\/v2\/product_cat?post=420086"},{"taxonomy":"product_tag","embeddable":true,"href":"https:\/\/interiorposter.com\/de\/wp-json\/wp\/v2\/product_tag?post=420086"}],"curies":[{"name":"wp","href":"https:\/\/api.w.org\/{rel}","templated":true}]}}