{"id":419630,"date":"2026-04-02T16:31:05","date_gmt":"2026-04-02T14:31:05","guid":{"rendered":"https:\/\/interiorposter.com\/product\/obraz-na-plotnie-czerwone-usta-na-czarnym-tle\/"},"modified":"2026-04-04T01:32:44","modified_gmt":"2026-04-03T23:32:44","slug":"obraz-na-plotnie-czerwone-usta-na-czarnym-tle","status":"publish","type":"product","link":"https:\/\/interiorposter.com\/de\/product\/obraz-na-plotnie-czerwone-usta-na-czarnym-tle\/","title":{"rendered":"Leinwandbild Rote Lippen auf schwarzem Hintergrund"},"content":{"rendered":"<p>Dieses ausdrucksstarke Leinwandbild mit roten Lippen auf tiefschwarzem Hintergrund zieht sofort alle Blicke auf sich und verleiht dem Raum einen mutigen, modernen Charakter. Die kontrastreiche Komposition verbindet Sinnlichkeit, Eleganz und einen trendigen Glamour Stil und eignet sich dadurch hervorragend f\u00fcr Wohnzimmer, Schlafzimmer, B\u00fcro, Hotel oder ein stilvolles Restaurant. Das intensive Rot in Kombination mit Schwarz erzeugt eine luxuri\u00f6se Wirkung und setzt einen starken Akzent an der Wand. Dieses Wandbild ist ideal f\u00fcr moderne Einrichtungen, betont den individuellen Stil des Raumes und verleiht ihm eine besondere Energie.<\/p>\n","protected":false},"excerpt":{"rendered":"<p>Modernes Leinwandbild mit roten Lippen auf schwarzem Hintergrund. Eine sinnliche und wirkungsvolle Dekoration f\u00fcr Wohnzimmer, Schlafzimmer, B\u00fcro und Glamour Interieurs.<\/p>\n","protected":false},"featured_media":374947,"comment_status":"closed","ping_status":"closed","template":"","meta":[],"product_brand":[],"product_cat":[87,100,75,208,304,103,106,90,69,84],"product_tag":[272,705,697,594],"class_list":{"0":"post-419630","1":"product","2":"type-product","3":"status-publish","4":"has-post-thumbnail","6":"product_cat-buero","7":"product_cat-glamour-de","8":"product_cat-hotel-de","9":"product_cat-konzeptkunst","10":"product_cat-menschen","11":"product_cat-minimalistisch","12":"product_cat-modern-de","13":"product_cat-restaurant-de","14":"product_cat-schlafzimmer","15":"product_cat-wohnzimmer","16":"product_tag-dunkel","17":"product_tag-hochformat","18":"product_tag-moderne-bilder","19":"product_tag-multicolor-de","20":"pa_size-finishing-20x30-standard-de","21":"pa_size-finishing-20x30-na-ptnie-woskim-de","22":"pa_size-finishing-20x30-premium-print-de","23":"pa_size-finishing-20x30-akustyczny-de","24":"pa_size-finishing-40x60-standard-de","25":"pa_size-finishing-40x60-na-ptnie-woskim-de","26":"pa_size-finishing-40x60-premium-print-de","27":"pa_size-finishing-40x60-akustyczny-de","28":"pa_size-finishing-40x60-w-ramie-drewnianej-naturalnej-de","29":"pa_size-finishing-40x60-w-ramie-drewnianej-czarnej-de","30":"pa_size-finishing-60x90-standard-de","31":"pa_size-finishing-60x90-na-ptnie-woskim-de","32":"pa_size-finishing-60x90-premium-print-de","33":"pa_size-finishing-60x90-akustyczny-de","34":"pa_size-finishing-60x90-w-ramie-drewnianej-naturalnej-de","35":"pa_size-finishing-60x90-w-ramie-drewnianej-czarnej-de","36":"pa_size-finishing-80x120-standard-de","37":"pa_size-finishing-80x120-na-ptnie-woskim-de","38":"pa_size-finishing-80x120-premium-print-de","39":"pa_size-finishing-80x120-akustyczny-de","40":"pa_size-finishing-80x120-w-ramie-drewnianej-naturalnej-de","41":"pa_size-finishing-80x120-w-ramie-drewnianej-czarnej-de","43":"first","44":"instock","45":"purchasable","46":"product-type-variable","47":"has-default-attributes"},"aioseo_notices":[],"_links":{"self":[{"href":"https:\/\/interiorposter.com\/de\/wp-json\/wp\/v2\/product\/419630","targetHints":{"allow":["GET"]}}],"collection":[{"href":"https:\/\/interiorposter.com\/de\/wp-json\/wp\/v2\/product"}],"about":[{"href":"https:\/\/interiorposter.com\/de\/wp-json\/wp\/v2\/types\/product"}],"replies":[{"embeddable":true,"href":"https:\/\/interiorposter.com\/de\/wp-json\/wp\/v2\/comments?post=419630"}],"wp:featuredmedia":[{"embeddable":true,"href":"https:\/\/interiorposter.com\/de\/wp-json\/wp\/v2\/media\/374947"}],"wp:attachment":[{"href":"https:\/\/interiorposter.com\/de\/wp-json\/wp\/v2\/media?parent=419630"}],"wp:term":[{"taxonomy":"product_brand","embeddable":true,"href":"https:\/\/interiorposter.com\/de\/wp-json\/wp\/v2\/product_brand?post=419630"},{"taxonomy":"product_cat","embeddable":true,"href":"https:\/\/interiorposter.com\/de\/wp-json\/wp\/v2\/product_cat?post=419630"},{"taxonomy":"product_tag","embeddable":true,"href":"https:\/\/interiorposter.com\/de\/wp-json\/wp\/v2\/product_tag?post=419630"}],"curies":[{"name":"wp","href":"https:\/\/api.w.org\/{rel}","templated":true}]}}