{"id":417990,"date":"2026-04-03T08:47:41","date_gmt":"2026-04-03T06:47:41","guid":{"rendered":"https:\/\/interiorposter.com\/product\/obraz-na-plotnie-szyszka-w-zimowej-aurze\/"},"modified":"2026-04-04T00:57:24","modified_gmt":"2026-04-03T22:57:24","slug":"obraz-na-plotnie-szyszka-w-zimowej-aurze","status":"publish","type":"product","link":"https:\/\/interiorposter.com\/de\/product\/obraz-na-plotnie-szyszka-w-zimowej-aurze\/","title":{"rendered":"Leinwandbild Tannenzapfen in winterlicher Atmosph\u00e4re"},"content":{"rendered":"<p>Dieses stimmungsvolle Leinwandbild mit einem von Schnee umh\u00fcllten Tannenzapfen bringt W\u00e4rme, Ruhe und eine besondere, von der Natur inspirierte Atmosph\u00e4re in den Raum. Die detailreiche Aufnahme und das weiche Licht erzeugen den Eindruck einer gem\u00fctlichen und eleganten Dekoration, die sich ideal f\u00fcr Wohnzimmer, Schlafzimmer, Flur, Hotel oder B\u00fcro eignet. Der dunklere Hintergrund in Verbindung mit dem wei\u00dfen Schnee und warmen Braunt\u00f6nen verleiht der Komposition Tiefe und einen dezenten Kontrast. Dieses Wandbild passt hervorragend zu modernen, skandinavischen und naturnahen Einrichtungen, unterstreicht die ruhige Wirkung des Raumes und setzt einen stilvollen Akzent.<\/p>\n","protected":false},"excerpt":{"rendered":"<p>Stimmungsvolles Leinwandbild mit winterlichem Tannenzapfen und zartem Schnee. Eine stilvolle Dekoration f\u00fcr Wohnzimmer, Schlafzimmer, B\u00fcro und naturnahe R\u00e4ume.<\/p>\n","protected":false},"featured_media":407484,"comment_status":"closed","ping_status":"closed","template":"","meta":[],"product_brand":[],"product_cat":[87,72,109,75,139,103,106,124,69,112,84],"product_tag":[272,705,697,594],"class_list":{"0":"post-417990","1":"product","2":"type-product","3":"status-publish","4":"has-post-thumbnail","6":"product_cat-buero","7":"product_cat-flur","8":"product_cat-fotografie-de","9":"product_cat-hotel-de","10":"product_cat-makro-de","11":"product_cat-minimalistisch","12":"product_cat-modern-de","13":"product_cat-blumen","14":"product_cat-schlafzimmer","15":"product_cat-skandinavisch","16":"product_cat-wohnzimmer","17":"product_tag-dunkel","18":"product_tag-hochformat","19":"product_tag-moderne-bilder","20":"product_tag-multicolor-de","21":"pa_size-finishing-20x30-standard-de","22":"pa_size-finishing-20x30-na-ptnie-woskim-de","23":"pa_size-finishing-20x30-premium-print-de","24":"pa_size-finishing-20x30-akustyczny-de","25":"pa_size-finishing-40x60-standard-de","26":"pa_size-finishing-40x60-na-ptnie-woskim-de","27":"pa_size-finishing-40x60-premium-print-de","28":"pa_size-finishing-40x60-akustyczny-de","29":"pa_size-finishing-40x60-w-ramie-drewnianej-naturalnej-de","30":"pa_size-finishing-40x60-w-ramie-drewnianej-czarnej-de","31":"pa_size-finishing-60x90-standard-de","32":"pa_size-finishing-60x90-na-ptnie-woskim-de","33":"pa_size-finishing-60x90-premium-print-de","34":"pa_size-finishing-60x90-akustyczny-de","35":"pa_size-finishing-60x90-w-ramie-drewnianej-naturalnej-de","36":"pa_size-finishing-60x90-w-ramie-drewnianej-czarnej-de","37":"pa_size-finishing-80x120-standard-de","38":"pa_size-finishing-80x120-na-ptnie-woskim-de","39":"pa_size-finishing-80x120-premium-print-de","40":"pa_size-finishing-80x120-akustyczny-de","41":"pa_size-finishing-80x120-w-ramie-drewnianej-naturalnej-de","42":"pa_size-finishing-80x120-w-ramie-drewnianej-czarnej-de","44":"first","45":"instock","46":"purchasable","47":"product-type-variable","48":"has-default-attributes"},"aioseo_notices":[],"_links":{"self":[{"href":"https:\/\/interiorposter.com\/de\/wp-json\/wp\/v2\/product\/417990","targetHints":{"allow":["GET"]}}],"collection":[{"href":"https:\/\/interiorposter.com\/de\/wp-json\/wp\/v2\/product"}],"about":[{"href":"https:\/\/interiorposter.com\/de\/wp-json\/wp\/v2\/types\/product"}],"replies":[{"embeddable":true,"href":"https:\/\/interiorposter.com\/de\/wp-json\/wp\/v2\/comments?post=417990"}],"wp:featuredmedia":[{"embeddable":true,"href":"https:\/\/interiorposter.com\/de\/wp-json\/wp\/v2\/media\/407484"}],"wp:attachment":[{"href":"https:\/\/interiorposter.com\/de\/wp-json\/wp\/v2\/media?parent=417990"}],"wp:term":[{"taxonomy":"product_brand","embeddable":true,"href":"https:\/\/interiorposter.com\/de\/wp-json\/wp\/v2\/product_brand?post=417990"},{"taxonomy":"product_cat","embeddable":true,"href":"https:\/\/interiorposter.com\/de\/wp-json\/wp\/v2\/product_cat?post=417990"},{"taxonomy":"product_tag","embeddable":true,"href":"https:\/\/interiorposter.com\/de\/wp-json\/wp\/v2\/product_tag?post=417990"}],"curies":[{"name":"wp","href":"https:\/\/api.w.org\/{rel}","templated":true}]}}