{"id":417900,"date":"2026-04-03T08:42:40","date_gmt":"2026-04-03T06:42:40","guid":{"rendered":"https:\/\/interiorposter.com\/product\/obraz-na-plotnie-biale-dynie-w-subtelnej-kompozycji\/"},"modified":"2026-04-04T00:47:10","modified_gmt":"2026-04-03T22:47:10","slug":"obraz-na-plotnie-biale-dynie-w-subtelnej-kompozycji","status":"publish","type":"product","link":"https:\/\/interiorposter.com\/de\/product\/obraz-na-plotnie-biale-dynie-w-subtelnej-kompozycji\/","title":{"rendered":"Leinwandbild Wei\u00dfe K\u00fcrbisse in einer dezenten Komposition"},"content":{"rendered":"<p>Dieses stilvolle Leinwandbild mit wei\u00dfen K\u00fcrbissen begeistert durch seine Schlichtheit, Leichtigkeit und seinen modernen nat\u00fcrlichen Charakter. Die helle Komposition in Wei\u00df, Creme und sanften Beiget\u00f6nen bringt Ruhe und elegante Harmonie in den Raum. Es ist eine ideale Wahl f\u00fcr Wohnzimmer, K\u00fcche, Essbereich, Restaurant, Hotel oder Flur, \u00fcberall dort, wo eine gem\u00fctliche Atmosph\u00e4re und eine \u00e4sthetische Wandgestaltung gefragt sind. Das pflanzliche Motiv in moderner, minimalistischer Form harmoniert wunderbar mit skandinavischen, nat\u00fcrlichen und zeitgem\u00e4\u00dfen Einrichtungen. Diese Wanddekoration verleiht dem Raum W\u00e4rme und setzt einen besonderen stilvollen Akzent.<\/p>\n","protected":false},"excerpt":{"rendered":"<p>Ein helles Leinwandbild mit wei\u00dfen K\u00fcrbissen ist eine dezente Dekoration f\u00fcr Wohnzimmer, K\u00fcche und Restaurant. Die nat\u00fcrliche Farbgebung unterstreicht auf sch\u00f6ne Weise den ruhigen Charakter des Raumes.<\/p>\n","protected":false},"featured_media":407265,"comment_status":"closed","ping_status":"closed","template":"","meta":[],"product_brand":[],"product_cat":[127,72,109,75,81,139,103,106,124,90,112,84],"product_tag":[275,705,697,278],"class_list":{"0":"post-417900","1":"product","2":"type-product","3":"status-publish","4":"has-post-thumbnail","6":"product_cat-essen","7":"product_cat-flur","8":"product_cat-fotografie-de","9":"product_cat-hotel-de","10":"product_cat-kueche","11":"product_cat-makro-de","12":"product_cat-minimalistisch","13":"product_cat-modern-de","14":"product_cat-blumen","15":"product_cat-restaurant-de","16":"product_cat-skandinavisch","17":"product_cat-wohnzimmer","18":"product_tag-helle","19":"product_tag-hochformat","20":"product_tag-moderne-bilder","21":"product_tag-pastellfarben","22":"pa_size-finishing-20x30-standard-de","23":"pa_size-finishing-20x30-na-ptnie-woskim-de","24":"pa_size-finishing-20x30-premium-print-de","25":"pa_size-finishing-20x30-akustyczny-de","26":"pa_size-finishing-40x60-standard-de","27":"pa_size-finishing-40x60-na-ptnie-woskim-de","28":"pa_size-finishing-40x60-premium-print-de","29":"pa_size-finishing-40x60-akustyczny-de","30":"pa_size-finishing-40x60-w-ramie-drewnianej-naturalnej-de","31":"pa_size-finishing-40x60-w-ramie-drewnianej-czarnej-de","32":"pa_size-finishing-60x90-standard-de","33":"pa_size-finishing-60x90-na-ptnie-woskim-de","34":"pa_size-finishing-60x90-premium-print-de","35":"pa_size-finishing-60x90-akustyczny-de","36":"pa_size-finishing-60x90-w-ramie-drewnianej-naturalnej-de","37":"pa_size-finishing-60x90-w-ramie-drewnianej-czarnej-de","38":"pa_size-finishing-80x120-standard-de","39":"pa_size-finishing-80x120-na-ptnie-woskim-de","40":"pa_size-finishing-80x120-premium-print-de","41":"pa_size-finishing-80x120-akustyczny-de","42":"pa_size-finishing-80x120-w-ramie-drewnianej-naturalnej-de","43":"pa_size-finishing-80x120-w-ramie-drewnianej-czarnej-de","45":"first","46":"instock","47":"purchasable","48":"product-type-variable","49":"has-default-attributes"},"aioseo_notices":[],"_links":{"self":[{"href":"https:\/\/interiorposter.com\/de\/wp-json\/wp\/v2\/product\/417900","targetHints":{"allow":["GET"]}}],"collection":[{"href":"https:\/\/interiorposter.com\/de\/wp-json\/wp\/v2\/product"}],"about":[{"href":"https:\/\/interiorposter.com\/de\/wp-json\/wp\/v2\/types\/product"}],"replies":[{"embeddable":true,"href":"https:\/\/interiorposter.com\/de\/wp-json\/wp\/v2\/comments?post=417900"}],"wp:featuredmedia":[{"embeddable":true,"href":"https:\/\/interiorposter.com\/de\/wp-json\/wp\/v2\/media\/407265"}],"wp:attachment":[{"href":"https:\/\/interiorposter.com\/de\/wp-json\/wp\/v2\/media?parent=417900"}],"wp:term":[{"taxonomy":"product_brand","embeddable":true,"href":"https:\/\/interiorposter.com\/de\/wp-json\/wp\/v2\/product_brand?post=417900"},{"taxonomy":"product_cat","embeddable":true,"href":"https:\/\/interiorposter.com\/de\/wp-json\/wp\/v2\/product_cat?post=417900"},{"taxonomy":"product_tag","embeddable":true,"href":"https:\/\/interiorposter.com\/de\/wp-json\/wp\/v2\/product_tag?post=417900"}],"curies":[{"name":"wp","href":"https:\/\/api.w.org\/{rel}","templated":true}]}}