{"id":306547,"date":"2026-03-22T02:35:48","date_gmt":"2026-03-22T01:35:48","guid":{"rendered":"https:\/\/interiorposter.com\/product\/obraz-na-plotnie-turkusowe-pioro-lekkosci\/"},"modified":"2026-03-29T00:55:09","modified_gmt":"2026-03-28T23:55:09","slug":"obraz-na-plotnie-turkusowe-pioro-lekkosci","status":"publish","type":"product","link":"https:\/\/interiorposter.com\/de\/product\/obraz-na-plotnie-turkusowe-pioro-lekkosci\/","title":{"rendered":"Leinwandbild T\u00fcrkise Feder der Leichtigkeit"},"content":{"rendered":"<p>Dieses subtile Leinwandbild mit zartem Federmotiv bringt Leichtigkeit, Ruhe und einen eleganten k\u00fcnstlerischen Akzent in den Raum. Die luftige Form in Kombination mit einem weich verschwommenen Hintergrund und kleinen goldenen Details schafft eine harmonische Komposition, die den Blick anzieht und dem Interieur einen besonderen Charme verleiht. Die helle, pastellige Farbgestaltung in T\u00fcrkis, Blau, Gr\u00fcn, Beige und Off White passt hervorragend ins Wohnzimmer, Schlafzimmer, B\u00fcro, Hotel oder den Flur. Eine ideale Wahl f\u00fcr alle, die elegante Wandbilder, moderne Bilder f\u00fcrs Wohnzimmer und Dekorationen mit leichter und beruhigender Ausstrahlung sch\u00e4tzen.<\/p>\n","protected":false},"excerpt":{"rendered":"<p>Ein zartes Leinwandbild mit t\u00fcrkiser Feder und goldenen Akzenten. Eine subtile Dekoration f\u00fcr Wohnzimmer, Schlafzimmer, B\u00fcro und helle elegante Interieurs.<\/p>\n","protected":false},"featured_media":297164,"comment_status":"closed","ping_status":"closed","template":"","meta":[],"product_brand":[],"product_cat":[87,72,75,208,298,103,106,69,112,255,84],"product_tag":[275,697,594,703],"class_list":{"0":"post-306547","1":"product","2":"type-product","3":"status-publish","4":"has-post-thumbnail","6":"product_cat-buero","7":"product_cat-flur","8":"product_cat-hotel-de","9":"product_cat-konzeptkunst","10":"product_cat-malerei","11":"product_cat-minimalistisch","12":"product_cat-modern-de","13":"product_cat-schlafzimmer","14":"product_cat-skandinavisch","15":"product_cat-tiere-natur","16":"product_cat-wohnzimmer","17":"product_tag-helle","18":"product_tag-moderne-bilder","19":"product_tag-multicolor-de","20":"product_tag-querformat","21":"pa_size-finishing-30x20-standard-de","22":"pa_size-finishing-30x20-na-ptnie-woskim-de","23":"pa_size-finishing-30x20-premium-print-de","24":"pa_size-finishing-30x20-akustyczny-de","25":"pa_size-finishing-60x40-standard-de","26":"pa_size-finishing-60x40-na-ptnie-woskim-de","27":"pa_size-finishing-60x40-premium-print-de","28":"pa_size-finishing-60x40-akustyczny-de","29":"pa_size-finishing-60x40-w-ramie-drewnianej-naturalnej-de","30":"pa_size-finishing-60x40-w-ramie-drewnianej-czarnej-de","31":"pa_size-finishing-90x60-standard-de","32":"pa_size-finishing-90x60-na-ptnie-woskim-de","33":"pa_size-finishing-90x60-premium-print-de","34":"pa_size-finishing-90x60-akustyczny-de","35":"pa_size-finishing-90x60-w-ramie-drewnianej-naturalnej-de","36":"pa_size-finishing-90x60-w-ramie-drewnianej-czarnej-de","37":"pa_size-finishing-120x80-standard-de","38":"pa_size-finishing-120x80-na-ptnie-woskim-de","39":"pa_size-finishing-120x80-premium-print-de","40":"pa_size-finishing-120x80-akustyczny-de","41":"pa_size-finishing-120x80-w-ramie-drewnianej-naturalnej-de","42":"pa_size-finishing-120x80-w-ramie-drewnianej-czarnej-de","44":"first","45":"instock","46":"purchasable","47":"product-type-variable","48":"has-default-attributes"},"aioseo_notices":[],"_links":{"self":[{"href":"https:\/\/interiorposter.com\/de\/wp-json\/wp\/v2\/product\/306547","targetHints":{"allow":["GET"]}}],"collection":[{"href":"https:\/\/interiorposter.com\/de\/wp-json\/wp\/v2\/product"}],"about":[{"href":"https:\/\/interiorposter.com\/de\/wp-json\/wp\/v2\/types\/product"}],"replies":[{"embeddable":true,"href":"https:\/\/interiorposter.com\/de\/wp-json\/wp\/v2\/comments?post=306547"}],"wp:featuredmedia":[{"embeddable":true,"href":"https:\/\/interiorposter.com\/de\/wp-json\/wp\/v2\/media\/297164"}],"wp:attachment":[{"href":"https:\/\/interiorposter.com\/de\/wp-json\/wp\/v2\/media?parent=306547"}],"wp:term":[{"taxonomy":"product_brand","embeddable":true,"href":"https:\/\/interiorposter.com\/de\/wp-json\/wp\/v2\/product_brand?post=306547"},{"taxonomy":"product_cat","embeddable":true,"href":"https:\/\/interiorposter.com\/de\/wp-json\/wp\/v2\/product_cat?post=306547"},{"taxonomy":"product_tag","embeddable":true,"href":"https:\/\/interiorposter.com\/de\/wp-json\/wp\/v2\/product_tag?post=306547"}],"curies":[{"name":"wp","href":"https:\/\/api.w.org\/{rel}","templated":true}]}}