{"id":305804,"date":"2026-05-09T22:05:17","date_gmt":"2026-05-09T20:05:17","guid":{"rendered":"https:\/\/interiorposter.com\/product\/szeroki-obraz-na-plotnie-drzewo-fantazji-i-kolorow\/"},"modified":"2026-03-27T23:58:29","modified_gmt":"2026-03-27T22:58:29","slug":"szeroki-obraz-na-plotnie-drzewo-fantazji-i-kolorow","status":"publish","type":"product","link":"https:\/\/interiorposter.com\/de\/product\/szeroki-obraz-na-plotnie-drzewo-fantazji-i-kolorow\/","title":{"rendered":"Breites Leinwandbild Baum der Fantasie und Farben"},"content":{"rendered":"<p>Dieses breite Leinwandbild mit einem dekorativen Baum voller wirbelnder Ornamente begeistert durch seinen Formenreichtum, seine Farben und eine k\u00fcnstlerische Leichtigkeit. Fein verflochtene \u00c4ste, fantasievolle Details sowie das harmonische Zusammenspiel von Beige, Creme, Gold, T\u00fcrkis, Rot und pastelligen Akzenten schaffen eine helle, farbenreiche Komposition mit besonders wirkungsvoller Ausstrahlung. Als Bild f\u00fcr das Wohnzimmer eignet es sich ebenso hervorragend f\u00fcr Schlafzimmer, Hotel, Restaurant oder B\u00fcro und bringt Energie, Kreativit\u00e4t und einen einzigartigen dekorativen Stil in den Raum. Diese ausdrucksstarke Wanddekoration ist ideal f\u00fcr alle, die au\u00dfergew\u00f6hnliche Bilder f\u00fcr das Wohnzimmer, elegante Details und fantasievolle Kunst lieben.<\/p>\n","protected":false},"excerpt":{"rendered":"<p>Ein breites Leinwandbild mit einem fantasievollen Baum in hellen Farben und pastelligen Akzenten bringt Energie, Eleganz und k\u00fcnstlerischen Charme in den Raum.<\/p>\n","protected":false},"featured_media":292139,"comment_status":"closed","ping_status":"closed","template":"","meta":[],"product_brand":[],"product_cat":[96,87,72,100,75,290,208,298,106,124,90,69,84],"product_tag":[1303,697,594,703],"class_list":{"0":"post-305804","1":"product","2":"type-product","3":"status-publish","4":"has-post-thumbnail","6":"product_cat-abstrakt","7":"product_cat-buero","8":"product_cat-flur","9":"product_cat-glamour-de","10":"product_cat-hotel-de","11":"product_cat-illustrationen","12":"product_cat-konzeptkunst","13":"product_cat-malerei","14":"product_cat-modern-de","15":"product_cat-blumen","16":"product_cat-restaurant-de","17":"product_cat-schlafzimmer","18":"product_cat-wohnzimmer","19":"product_tag-baum","20":"product_tag-moderne-bilder","21":"product_tag-multicolor-de","22":"product_tag-querformat","23":"pa_size-finishing-120x60-premium-print-de","24":"pa_size-finishing-120x60-standard-de","25":"pa_size-finishing-120x60-akustisch","26":"pa_size-finishing-120x60-auf-italienischer-leinwand","27":"pa_size-finishing-120x60-im-naturfarbenen-holzrahmen","28":"pa_size-finishing-120x60-im-schwarzen-holzrahmen","29":"pa_size-finishing-60x30-im-naturfarbenen-holzrahmen","30":"pa_size-finishing-60x30-im-schwarzen-holzrahmen","32":"first","33":"instock","34":"purchasable","35":"product-type-variable","36":"has-default-attributes"},"aioseo_notices":[],"_links":{"self":[{"href":"https:\/\/interiorposter.com\/de\/wp-json\/wp\/v2\/product\/305804","targetHints":{"allow":["GET"]}}],"collection":[{"href":"https:\/\/interiorposter.com\/de\/wp-json\/wp\/v2\/product"}],"about":[{"href":"https:\/\/interiorposter.com\/de\/wp-json\/wp\/v2\/types\/product"}],"replies":[{"embeddable":true,"href":"https:\/\/interiorposter.com\/de\/wp-json\/wp\/v2\/comments?post=305804"}],"wp:featuredmedia":[{"embeddable":true,"href":"https:\/\/interiorposter.com\/de\/wp-json\/wp\/v2\/media\/292139"}],"wp:attachment":[{"href":"https:\/\/interiorposter.com\/de\/wp-json\/wp\/v2\/media?parent=305804"}],"wp:term":[{"taxonomy":"product_brand","embeddable":true,"href":"https:\/\/interiorposter.com\/de\/wp-json\/wp\/v2\/product_brand?post=305804"},{"taxonomy":"product_cat","embeddable":true,"href":"https:\/\/interiorposter.com\/de\/wp-json\/wp\/v2\/product_cat?post=305804"},{"taxonomy":"product_tag","embeddable":true,"href":"https:\/\/interiorposter.com\/de\/wp-json\/wp\/v2\/product_tag?post=305804"}],"curies":[{"name":"wp","href":"https:\/\/api.w.org\/{rel}","templated":true}]}}