{"id":305690,"date":"2026-03-22T00:12:48","date_gmt":"2026-03-21T23:12:48","guid":{"rendered":"https:\/\/interiorposter.com\/product\/obraz-na-plotnie-pocalunek-czerni-i-bieli\/"},"modified":"2026-03-27T23:44:06","modified_gmt":"2026-03-27T22:44:06","slug":"obraz-na-plotnie-pocalunek-czerni-i-bieli","status":"publish","type":"product","link":"https:\/\/interiorposter.com\/de\/product\/obraz-na-plotnie-pocalunek-czerni-i-bieli\/","title":{"rendered":"Leinwandbild Kuss aus Schwarz und Wei\u00df"},"content":{"rendered":"<p>Dieses sinnliche Leinwandbild, das die Begegnung zweier Figuren in einer au\u00dfergew\u00f6hnlich k\u00fcnstlerischen, flie\u00dfenden Komposition zeigt, begeistert mit Eleganz und modernem Ausdruck. Der Kontrast von tiefem Schwarz, reinem Wei\u00df und dezenten Graut\u00f6nen schafft eine wirkungsvolle monochrome Farbkomposition, die sich perfekt in stilvolle Interieurs einf\u00fcgt. Als Bild f\u00fcr das Wohnzimmer ist es auch eine wundersch\u00f6ne Erg\u00e4nzung f\u00fcr Schlafzimmer, Hotel, B\u00fcro oder Restaurant und bringt Emotion, Klasse und eine raffinierte Atmosph\u00e4re in den Raum. Diese besondere Wanddekoration ist ideal f\u00fcr alle, die moderne Bilder f\u00fcr das Wohnzimmer, eine mutige \u00c4sthetik und Dekorationen mit starkem, sinnlichem Charakter sch\u00e4tzen.<\/p>\n","protected":false},"excerpt":{"rendered":"<p>Ein Leinwandbild mit einem subtilen Motiv zweier Figuren in Schwarz und Wei\u00df ist eine elegante Wanddekoration f\u00fcr Wohnzimmer, Schlafzimmer oder B\u00fcro mit modernem Charakter.<\/p>\n","protected":false},"featured_media":290696,"comment_status":"closed","ping_status":"closed","template":"","meta":[],"product_brand":[],"product_cat":[96,87,72,100,75,208,304,106,90,69,84],"product_tag":[272,181,275,697,703],"class_list":{"0":"post-305690","1":"product","2":"type-product","3":"status-publish","4":"has-post-thumbnail","6":"product_cat-abstrakt","7":"product_cat-buero","8":"product_cat-flur","9":"product_cat-glamour-de","10":"product_cat-hotel-de","11":"product_cat-konzeptkunst","12":"product_cat-menschen","13":"product_cat-modern-de","14":"product_cat-restaurant-de","15":"product_cat-schlafzimmer","16":"product_cat-wohnzimmer","17":"product_tag-dunkel","18":"product_tag-grau","19":"product_tag-helle","20":"product_tag-moderne-bilder","21":"product_tag-querformat","22":"pa_size-finishing-30x20-standard-de","23":"pa_size-finishing-30x20-auf-italienischer-leinwand","24":"pa_size-finishing-30x20-premium-print-de","25":"pa_size-finishing-30x20-akustisch","26":"pa_size-finishing-60x40-standard-de","27":"pa_size-finishing-60x40-auf-italienischer-leinwand","28":"pa_size-finishing-60x40-premium-print-de","29":"pa_size-finishing-60x40-akustisch","30":"pa_size-finishing-60x40-im-naturfarbenen-holzrahmen","31":"pa_size-finishing-60x40-im-schwarzen-holzrahmen","32":"pa_size-finishing-90x60-standard-de","33":"pa_size-finishing-90x60-auf-italienischer-leinwand","34":"pa_size-finishing-90x60-premium-print-de","35":"pa_size-finishing-90x60-akustyczny-de","36":"pa_size-finishing-90x60-im-naturfarbenen-holzrahmen","37":"pa_size-finishing-90x60-im-schwarzen-holzrahmen","38":"pa_size-finishing-120x80-standard-de","39":"pa_size-finishing-120x80-auf-italienischer-leinwand","40":"pa_size-finishing-120x80-premium-print-de","41":"pa_size-finishing-120x80-akustisch","42":"pa_size-finishing-120x80-im-naturfarbenen-holzrahmen","43":"pa_size-finishing-120x80-im-schwarzen-holzrahmen","45":"first","46":"instock","47":"purchasable","48":"product-type-variable","49":"has-default-attributes"},"aioseo_notices":[],"_links":{"self":[{"href":"https:\/\/interiorposter.com\/de\/wp-json\/wp\/v2\/product\/305690","targetHints":{"allow":["GET"]}}],"collection":[{"href":"https:\/\/interiorposter.com\/de\/wp-json\/wp\/v2\/product"}],"about":[{"href":"https:\/\/interiorposter.com\/de\/wp-json\/wp\/v2\/types\/product"}],"replies":[{"embeddable":true,"href":"https:\/\/interiorposter.com\/de\/wp-json\/wp\/v2\/comments?post=305690"}],"wp:featuredmedia":[{"embeddable":true,"href":"https:\/\/interiorposter.com\/de\/wp-json\/wp\/v2\/media\/290696"}],"wp:attachment":[{"href":"https:\/\/interiorposter.com\/de\/wp-json\/wp\/v2\/media?parent=305690"}],"wp:term":[{"taxonomy":"product_brand","embeddable":true,"href":"https:\/\/interiorposter.com\/de\/wp-json\/wp\/v2\/product_brand?post=305690"},{"taxonomy":"product_cat","embeddable":true,"href":"https:\/\/interiorposter.com\/de\/wp-json\/wp\/v2\/product_cat?post=305690"},{"taxonomy":"product_tag","embeddable":true,"href":"https:\/\/interiorposter.com\/de\/wp-json\/wp\/v2\/product_tag?post=305690"}],"curies":[{"name":"wp","href":"https:\/\/api.w.org\/{rel}","templated":true}]}}