{"id":305609,"date":"2026-03-22T00:04:08","date_gmt":"2026-03-21T23:04:08","guid":{"rendered":"https:\/\/interiorposter.com\/product\/obraz-na-plotnie-zmyslowe-spotkanie-przeciwienstw\/"},"modified":"2026-03-27T23:37:19","modified_gmt":"2026-03-27T22:37:19","slug":"obraz-na-plotnie-zmyslowe-spotkanie-przeciwienstw","status":"publish","type":"product","link":"https:\/\/interiorposter.com\/de\/product\/obraz-na-plotnie-zmyslowe-spotkanie-przeciwienstw\/","title":{"rendered":"Leinwandbild Sinnliche Begegnung der Gegens\u00e4tze"},"content":{"rendered":"<p>Dieses ausdrucksstarke Leinwandbild mit einem weiblichen und einem m\u00e4nnlichen Gesicht in einer k\u00fcnstlerischen, dynamischen Komposition zieht mit seiner modernen Form und starken Aussage sofort die Blicke auf sich. Das Zusammenspiel von Wei\u00df, Schwarz und k\u00fchlen Graut\u00f6nen schafft eine kontrastreiche, elegante Farbkomposition, die den Charakter des Raumes stilvoll unterstreicht. Als Bild f\u00fcr das Wohnzimmer eignet es sich ebenso hervorragend f\u00fcr Schlafzimmer, B\u00fcro, Hotel oder Restaurant und verleiht dem Interieur eine besondere Atmosph\u00e4re sowie einen \u0434\u0438\u0437\u0430\u0439\u043d\u0435\u0440ischen Akzent. Diese effektvolle Wanddekoration ist ideal f\u00fcr alle, die moderne Bilder f\u00fcr das Wohnzimmer, in Kunst eingefangene Emotionen und Dekorationen mit starker visueller Wirkung sch\u00e4tzen.<\/p>\n","protected":false},"excerpt":{"rendered":"<p>Ein modernes Leinwandbild mit weiblichem und m\u00e4nnlichem Gesicht in kontrastreichem Schwarz Wei\u00df ist eine elegante Wanddekoration f\u00fcr Wohnzimmer, Schlafzimmer oder B\u00fcro.<\/p>\n","protected":false},"featured_media":290282,"comment_status":"closed","ping_status":"closed","template":"","meta":[],"product_brand":[],"product_cat":[96,87,72,75,290,208,304,106,90,69,84],"product_tag":[272,181,275,697,703],"class_list":{"0":"post-305609","1":"product","2":"type-product","3":"status-publish","4":"has-post-thumbnail","6":"product_cat-abstrakt","7":"product_cat-buero","8":"product_cat-flur","9":"product_cat-hotel-de","10":"product_cat-illustrationen","11":"product_cat-konzeptkunst","12":"product_cat-menschen","13":"product_cat-modern-de","14":"product_cat-restaurant-de","15":"product_cat-schlafzimmer","16":"product_cat-wohnzimmer","17":"product_tag-dunkel","18":"product_tag-grau","19":"product_tag-helle","20":"product_tag-moderne-bilder","21":"product_tag-querformat","22":"pa_size-finishing-30x20-standard-de","23":"pa_size-finishing-30x20-na-ptnie-woskim-de","24":"pa_size-finishing-30x20-premium-print-de","25":"pa_size-finishing-30x20-akustyczny-de","26":"pa_size-finishing-60x40-standard-de","27":"pa_size-finishing-60x40-na-ptnie-woskim-de","28":"pa_size-finishing-60x40-premium-print-de","29":"pa_size-finishing-60x40-akustyczny-de","30":"pa_size-finishing-60x40-w-ramie-drewnianej-naturalnej-de","31":"pa_size-finishing-60x40-w-ramie-drewnianej-czarnej-de","32":"pa_size-finishing-90x60-standard-de","33":"pa_size-finishing-90x60-na-ptnie-woskim-de","34":"pa_size-finishing-90x60-premium-print-de","35":"pa_size-finishing-90x60-akustyczny-de","36":"pa_size-finishing-90x60-w-ramie-drewnianej-naturalnej-de","37":"pa_size-finishing-90x60-w-ramie-drewnianej-czarnej-de","38":"pa_size-finishing-120x80-standard-de","39":"pa_size-finishing-120x80-na-ptnie-woskim-de","40":"pa_size-finishing-120x80-premium-print-de","41":"pa_size-finishing-120x80-akustyczny-de","42":"pa_size-finishing-120x80-w-ramie-drewnianej-naturalnej-de","43":"pa_size-finishing-120x80-w-ramie-drewnianej-czarnej-de","45":"first","46":"instock","47":"purchasable","48":"product-type-variable","49":"has-default-attributes"},"aioseo_notices":[],"_links":{"self":[{"href":"https:\/\/interiorposter.com\/de\/wp-json\/wp\/v2\/product\/305609","targetHints":{"allow":["GET"]}}],"collection":[{"href":"https:\/\/interiorposter.com\/de\/wp-json\/wp\/v2\/product"}],"about":[{"href":"https:\/\/interiorposter.com\/de\/wp-json\/wp\/v2\/types\/product"}],"replies":[{"embeddable":true,"href":"https:\/\/interiorposter.com\/de\/wp-json\/wp\/v2\/comments?post=305609"}],"wp:featuredmedia":[{"embeddable":true,"href":"https:\/\/interiorposter.com\/de\/wp-json\/wp\/v2\/media\/290282"}],"wp:attachment":[{"href":"https:\/\/interiorposter.com\/de\/wp-json\/wp\/v2\/media?parent=305609"}],"wp:term":[{"taxonomy":"product_brand","embeddable":true,"href":"https:\/\/interiorposter.com\/de\/wp-json\/wp\/v2\/product_brand?post=305609"},{"taxonomy":"product_cat","embeddable":true,"href":"https:\/\/interiorposter.com\/de\/wp-json\/wp\/v2\/product_cat?post=305609"},{"taxonomy":"product_tag","embeddable":true,"href":"https:\/\/interiorposter.com\/de\/wp-json\/wp\/v2\/product_tag?post=305609"}],"curies":[{"name":"wp","href":"https:\/\/api.w.org\/{rel}","templated":true}]}}