{"id":305528,"date":"2026-03-21T23:41:37","date_gmt":"2026-03-21T22:41:37","guid":{"rendered":"https:\/\/interiorposter.com\/product\/obraz-na-plotnie-minimalistyczna-kobieta-line-art\/"},"modified":"2026-03-27T22:45:31","modified_gmt":"2026-03-27T21:45:31","slug":"obraz-na-plotnie-minimalistyczna-kobieta-line-art","status":"publish","type":"product","link":"https:\/\/interiorposter.com\/de\/product\/obraz-na-plotnie-minimalistyczna-kobieta-line-art\/","title":{"rendered":"Leinwandbild Minimalistische Frau Line Art"},"content":{"rendered":"<p>Dieses subtile Leinwandbild mit einer weiblichen Silhouette im Line Art Stil ist eine elegante Dekoration, die Ruhe, Leichtigkeit und k\u00fcnstlerischen Ausdruck in den Raum bringt. Feine Linien in Verbindung mit weichen beigen und grauen Fl\u00e4chen schaffen eine helle, zur\u00fcckhaltende Farbkomposition, die perfekt zu modernen und minimalistischen Einrichtungen passt. Als Bild f\u00fcr das Wohnzimmer eignet es sich ebenso hervorragend f\u00fcr Schlafzimmer, Flur, B\u00fcro oder Hotel und unterstreicht die \u00c4sthetik des Raumes, ohne ihn zu \u00fcberladen. Diese stilvolle Wanddekoration ist ideal f\u00fcr alle, die Harmonie, Schlichtheit und zeitlose Sch\u00f6nheit sch\u00e4tzen.<\/p>\n","protected":false},"excerpt":{"rendered":"<p>Ein minimalistisches Leinwandbild mit weiblicher Line Art Silhouette in Beige und Grau verleiht dem Interieur Leichtigkeit, Eleganz und einen modernen Charakter.<\/p>\n","protected":false},"featured_media":289227,"comment_status":"closed","ping_status":"closed","template":"","meta":[],"product_brand":[],"product_cat":[87,72,75,290,208,304,103,106,69,112,84],"product_tag":[275,705,697,278],"class_list":{"0":"post-305528","1":"product","2":"type-product","3":"status-publish","4":"has-post-thumbnail","6":"product_cat-buero","7":"product_cat-flur","8":"product_cat-hotel-de","9":"product_cat-illustrationen","10":"product_cat-konzeptkunst","11":"product_cat-menschen","12":"product_cat-minimalistisch","13":"product_cat-modern-de","14":"product_cat-schlafzimmer","15":"product_cat-skandinavisch","16":"product_cat-wohnzimmer","17":"product_tag-helle","18":"product_tag-hochformat","19":"product_tag-moderne-bilder","20":"product_tag-pastellfarben","21":"pa_size-finishing-20x30-standard-de","22":"pa_size-finishing-20x30-na-ptnie-woskim-de","23":"pa_size-finishing-20x30-premium-print-de","24":"pa_size-finishing-20x30-akustyczny-de","25":"pa_size-finishing-40x60-standard-de","26":"pa_size-finishing-40x60-na-ptnie-woskim-de","27":"pa_size-finishing-40x60-premium-print-de","28":"pa_size-finishing-40x60-akustyczny-de","29":"pa_size-finishing-40x60-w-ramie-drewnianej-naturalnej-de","30":"pa_size-finishing-40x60-w-ramie-drewnianej-czarnej-de","31":"pa_size-finishing-60x90-standard-de","32":"pa_size-finishing-60x90-na-ptnie-woskim-de","33":"pa_size-finishing-60x90-premium-print-de","34":"pa_size-finishing-60x90-akustyczny-de","35":"pa_size-finishing-60x90-w-ramie-drewnianej-naturalnej-de","36":"pa_size-finishing-60x90-w-ramie-drewnianej-czarnej-de","37":"pa_size-finishing-80x120-standard-de","38":"pa_size-finishing-80x120-na-ptnie-woskim-de","39":"pa_size-finishing-80x120-premium-print-de","40":"pa_size-finishing-80x120-akustyczny-de","41":"pa_size-finishing-80x120-w-ramie-drewnianej-naturalnej-de","42":"pa_size-finishing-80x120-w-ramie-drewnianej-czarnej-de","44":"first","45":"instock","46":"purchasable","47":"product-type-variable","48":"has-default-attributes"},"aioseo_notices":[],"_links":{"self":[{"href":"https:\/\/interiorposter.com\/de\/wp-json\/wp\/v2\/product\/305528","targetHints":{"allow":["GET"]}}],"collection":[{"href":"https:\/\/interiorposter.com\/de\/wp-json\/wp\/v2\/product"}],"about":[{"href":"https:\/\/interiorposter.com\/de\/wp-json\/wp\/v2\/types\/product"}],"replies":[{"embeddable":true,"href":"https:\/\/interiorposter.com\/de\/wp-json\/wp\/v2\/comments?post=305528"}],"wp:featuredmedia":[{"embeddable":true,"href":"https:\/\/interiorposter.com\/de\/wp-json\/wp\/v2\/media\/289227"}],"wp:attachment":[{"href":"https:\/\/interiorposter.com\/de\/wp-json\/wp\/v2\/media?parent=305528"}],"wp:term":[{"taxonomy":"product_brand","embeddable":true,"href":"https:\/\/interiorposter.com\/de\/wp-json\/wp\/v2\/product_brand?post=305528"},{"taxonomy":"product_cat","embeddable":true,"href":"https:\/\/interiorposter.com\/de\/wp-json\/wp\/v2\/product_cat?post=305528"},{"taxonomy":"product_tag","embeddable":true,"href":"https:\/\/interiorposter.com\/de\/wp-json\/wp\/v2\/product_tag?post=305528"}],"curies":[{"name":"wp","href":"https:\/\/api.w.org\/{rel}","templated":true}]}}