{"id":305450,"date":"2026-03-21T22:44:37","date_gmt":"2026-03-21T21:44:37","guid":{"rendered":"https:\/\/interiorposter.com\/product\/obraz-na-plotnie-lew-w-zlotej-kompozycji\/"},"modified":"2026-03-27T22:27:57","modified_gmt":"2026-03-27T21:27:57","slug":"obraz-na-plotnie-lew-w-zlotej-kompozycji","status":"publish","type":"product","link":"https:\/\/interiorposter.com\/de\/product\/obraz-na-plotnie-lew-w-zlotej-kompozycji\/","title":{"rendered":"Leinwandbild L\u00f6we in goldener Komposition"},"content":{"rendered":"<p>Dieses ausdrucksstarke Leinwandbild mit einem L\u00f6wenmotiv bringt Kraft, Eleganz und markanten Charakter in den Raum. Die dynamische Verbindung von tiefem Schwarz, leuchtenden Goldakzenten und hellen Details der M\u00e4hne schafft eine luxuri\u00f6se, dunkle Farbkomposition, die ideal zu modernen Einrichtungen passt. Als Bild f\u00fcr das Wohnzimmer unterstreicht es stilvoll Glamour, Industrial und modernes Design, macht aber auch im B\u00fcro, Hotel, Schlafzimmer oder Restaurant eine hervorragende Figur. Diese besondere Wanddekoration ist die perfekte Wahl f\u00fcr alle, die ihrem Interieur Prestige, St\u00e4rke und eine einzigartige Atmosph\u00e4re verleihen m\u00f6chten.<\/p>\n","protected":false},"excerpt":{"rendered":"<p>Ein Leinwandbild mit einem majest\u00e4tischen L\u00f6wen in Schwarz und Gold ist eine markante Wanddekoration f\u00fcr Wohnzimmer, B\u00fcro oder Schlafzimmer. Elegant, modern und voller Charakter.<\/p>\n","protected":false},"featured_media":286571,"comment_status":"closed","ping_status":"closed","template":"","meta":[],"product_brand":[],"product_cat":[87,72,100,75,290,133,208,106,90,69,255,84],"product_tag":[272,697,703],"class_list":{"0":"post-305450","1":"product","2":"type-product","3":"status-publish","4":"has-post-thumbnail","6":"product_cat-buero","7":"product_cat-flur","8":"product_cat-glamour-de","9":"product_cat-hotel-de","10":"product_cat-illustrationen","11":"product_cat-industrie","12":"product_cat-konzeptkunst","13":"product_cat-modern-de","14":"product_cat-restaurant-de","15":"product_cat-schlafzimmer","16":"product_cat-tiere-natur","17":"product_cat-wohnzimmer","18":"product_tag-dunkel","19":"product_tag-moderne-bilder","20":"product_tag-querformat","21":"pa_size-finishing-60x40-standard-de","22":"pa_size-finishing-60x40-na-ptnie-woskim-de","23":"pa_size-finishing-60x40-premium-print-de","24":"pa_size-finishing-60x40-akustyczny-de","25":"pa_size-finishing-60x40-w-ramie-drewnianej-naturalnej-de","26":"pa_size-finishing-60x40-w-ramie-drewnianej-czarnej-de","27":"pa_size-finishing-90x60-standard-de","28":"pa_size-finishing-90x60-na-ptnie-woskim-de","29":"pa_size-finishing-90x60-premium-print-de","30":"pa_size-finishing-90x60-akustyczny-de","31":"pa_size-finishing-90x60-w-ramie-drewnianej-naturalnej-de","32":"pa_size-finishing-90x60-w-ramie-drewnianej-czarnej-de","33":"pa_size-finishing-120x80-standard-de","34":"pa_size-finishing-120x80-na-ptnie-woskim-de","35":"pa_size-finishing-120x80-premium-print-de","36":"pa_size-finishing-120x80-akustyczny-de","37":"pa_size-finishing-120x80-w-ramie-drewnianej-naturalnej-de","38":"pa_size-finishing-120x80-w-ramie-drewnianej-czarnej-de","40":"first","41":"instock","42":"purchasable","43":"product-type-variable","44":"has-default-attributes"},"aioseo_notices":[],"_links":{"self":[{"href":"https:\/\/interiorposter.com\/de\/wp-json\/wp\/v2\/product\/305450","targetHints":{"allow":["GET"]}}],"collection":[{"href":"https:\/\/interiorposter.com\/de\/wp-json\/wp\/v2\/product"}],"about":[{"href":"https:\/\/interiorposter.com\/de\/wp-json\/wp\/v2\/types\/product"}],"replies":[{"embeddable":true,"href":"https:\/\/interiorposter.com\/de\/wp-json\/wp\/v2\/comments?post=305450"}],"wp:featuredmedia":[{"embeddable":true,"href":"https:\/\/interiorposter.com\/de\/wp-json\/wp\/v2\/media\/286571"}],"wp:attachment":[{"href":"https:\/\/interiorposter.com\/de\/wp-json\/wp\/v2\/media?parent=305450"}],"wp:term":[{"taxonomy":"product_brand","embeddable":true,"href":"https:\/\/interiorposter.com\/de\/wp-json\/wp\/v2\/product_brand?post=305450"},{"taxonomy":"product_cat","embeddable":true,"href":"https:\/\/interiorposter.com\/de\/wp-json\/wp\/v2\/product_cat?post=305450"},{"taxonomy":"product_tag","embeddable":true,"href":"https:\/\/interiorposter.com\/de\/wp-json\/wp\/v2\/product_tag?post=305450"}],"curies":[{"name":"wp","href":"https:\/\/api.w.org\/{rel}","templated":true}]}}