{"id":304308,"date":"2026-03-21T00:01:10","date_gmt":"2026-03-20T23:01:10","guid":{"rendered":"https:\/\/interiorposter.com\/product\/obraz-na-plotnie-szkic-drzew-w-czarno-bialej-tonacji\/"},"modified":"2026-03-23T01:10:08","modified_gmt":"2026-03-23T00:10:08","slug":"obraz-na-plotnie-szkic-drzew-w-czarno-bialej-tonacji","status":"publish","type":"product","link":"https:\/\/interiorposter.com\/de\/product\/obraz-na-plotnie-szkic-drzew-w-czarno-bialej-tonacji\/","title":{"rendered":"Leinwandbild Skizze von B\u00e4umen in Schwarz Wei\u00df T\u00f6nen"},"content":{"rendered":"<p>Dieses subtile Leinwandbild mit Motiv schlanker B\u00e4ume begeistert durch seine leichte Form und elegante Schlichtheit. Zarte skizzenhafte Linien und eine zur\u00fcckhaltende Farbpalette aus Wei\u00df, Grau und rauchigem Schwarz schaffen eine Komposition voller Ruhe, Harmonie und modernem Ausdruck. Das Wandbild passt hervorragend ins Wohnzimmer, Schlafzimmer, B\u00fcro, Hotel oder in den Flur und unterstreicht auf stilvolle Weise den Charakter minimalistischer, skandinavischer und moderner Einrichtungen. Es ist die ideale Wahl f\u00fcr alle, die eine Dekoration mit Atmosph\u00e4re suchen, die Leichtigkeit, Ruhe und zeitlose Eleganz in den Raum bringt.<\/p>\n","protected":false},"excerpt":{"rendered":"<p>Ein zartes Leinwandbild mit skizzenhaftem Baummotiv in Wei\u00df und Graut\u00f6nen bringt Ruhe, Leichtigkeit und moderne Eleganz in den Raum.<\/p>\n","protected":false},"featured_media":269330,"comment_status":"closed","ping_status":"closed","template":"","meta":[],"product_brand":[],"product_cat":[66,87,72,75,136,298,103,106,90,69,112,84],"product_tag":[1303,181,275,705,697],"class_list":{"0":"post-304308","1":"product","2":"type-product","3":"status-publish","4":"has-post-thumbnail","6":"product_cat-badezimmer","7":"product_cat-buero","8":"product_cat-flur","9":"product_cat-hotel-de","10":"product_cat-landschaften","11":"product_cat-malerei","12":"product_cat-minimalistisch","13":"product_cat-modern-de","14":"product_cat-restaurant-de","15":"product_cat-schlafzimmer","16":"product_cat-skandinavisch","17":"product_cat-wohnzimmer","18":"product_tag-baum","19":"product_tag-grau","20":"product_tag-helle","21":"product_tag-hochformat","22":"product_tag-moderne-bilder","23":"pa_size-finishing-20x30-standard-de","24":"pa_size-finishing-20x30-auf-italienischer-leinwand","25":"pa_size-finishing-20x30-premium-print-de","26":"pa_size-finishing-20x30-akustisch","27":"pa_size-finishing-40x60-standard-de","28":"pa_size-finishing-40x60-auf-italienischer-leinwand","29":"pa_size-finishing-40x60-premium-print-de","30":"pa_size-finishing-40x60-akustisch","31":"pa_size-finishing-40x60-im-naturfarbenen-holzrahmen","32":"pa_size-finishing-40x60-im-schwarzen-holzrahmen","33":"pa_size-finishing-60x90-standard-de","34":"pa_size-finishing-60x90-auf-italienischer-leinwand","35":"pa_size-finishing-60x90-premium-print-de","36":"pa_size-finishing-60x90-akustisch","37":"pa_size-finishing-60x90-im-naturfarbenen-holzrahmen","38":"pa_size-finishing-60x90-im-schwarzen-holzrahmen","39":"pa_size-finishing-80x120-standard-de","40":"pa_size-finishing-80x120-auf-italienischer-leinwand","41":"pa_size-finishing-80x120-premium-print-de","42":"pa_size-finishing-80x120-akustisch","43":"pa_size-finishing-80x120-im-naturfarbenen-holzrahmen","44":"pa_size-finishing-80x120-im-schwarzen-holzrahmen","46":"first","47":"instock","48":"purchasable","49":"product-type-variable","50":"has-default-attributes"},"aioseo_notices":[],"_links":{"self":[{"href":"https:\/\/interiorposter.com\/de\/wp-json\/wp\/v2\/product\/304308","targetHints":{"allow":["GET"]}}],"collection":[{"href":"https:\/\/interiorposter.com\/de\/wp-json\/wp\/v2\/product"}],"about":[{"href":"https:\/\/interiorposter.com\/de\/wp-json\/wp\/v2\/types\/product"}],"replies":[{"embeddable":true,"href":"https:\/\/interiorposter.com\/de\/wp-json\/wp\/v2\/comments?post=304308"}],"wp:featuredmedia":[{"embeddable":true,"href":"https:\/\/interiorposter.com\/de\/wp-json\/wp\/v2\/media\/269330"}],"wp:attachment":[{"href":"https:\/\/interiorposter.com\/de\/wp-json\/wp\/v2\/media?parent=304308"}],"wp:term":[{"taxonomy":"product_brand","embeddable":true,"href":"https:\/\/interiorposter.com\/de\/wp-json\/wp\/v2\/product_brand?post=304308"},{"taxonomy":"product_cat","embeddable":true,"href":"https:\/\/interiorposter.com\/de\/wp-json\/wp\/v2\/product_cat?post=304308"},{"taxonomy":"product_tag","embeddable":true,"href":"https:\/\/interiorposter.com\/de\/wp-json\/wp\/v2\/product_tag?post=304308"}],"curies":[{"name":"wp","href":"https:\/\/api.w.org\/{rel}","templated":true}]}}