{"id":304225,"date":"2026-03-15T23:04:33","date_gmt":"2026-03-15T22:04:33","guid":{"rendered":"https:\/\/interiorposter.com\/product\/obraz-na-plotnie-drzewo-w-geometrycznej-kompozycji\/"},"modified":"2026-03-23T01:05:27","modified_gmt":"2026-03-23T00:05:27","slug":"obraz-na-plotnie-drzewo-w-geometrycznej-kompozycji","status":"publish","type":"product","link":"https:\/\/interiorposter.com\/de\/product\/obraz-na-plotnie-drzewo-w-geometrycznej-kompozycji\/","title":{"rendered":"Leinwandbild Baum in geometrischer Komposition"},"content":{"rendered":"<p>Dieses stilvolle Leinwandbild mit einem Baummotiv in moderner geometrischer Form zieht mit seiner eleganten Verbindung von Natur und minimalistischem Design die Blicke auf sich. Dezente T\u00f6ne von Grau, Wei\u00df, Beige und ein goldener Akzent schaffen eine harmonische Komposition, die Ruhe, Leichtigkeit und einen raffinierten Charakter in den Raum bringt. Das Wandbild eignet sich hervorragend f\u00fcr Wohnzimmer, Schlafzimmer, B\u00fcro, Hotel oder Flur und unterstreicht moderne sowie skandinavische Einrichtungen auf besonders sch\u00f6ne Weise. Es ist die ideale Wahl f\u00fcr alle, die eine von der Natur inspirierte Dekoration in einer eleganten, ausgewogenen und sehr wirkungsvollen Form suchen.<\/p>\n","protected":false},"excerpt":{"rendered":"<p>Ein elegantes Leinwandbild mit Baum in geometrischer Komposition in Grau, Wei\u00df, Beige und Gold bringt Ruhe und modernen Stil in den Raum.<\/p>\n","protected":false},"featured_media":263331,"comment_status":"closed","ping_status":"closed","template":"","meta":[],"product_brand":[],"product_cat":[87,72,211,75,290,136,103,106,69,112,84],"product_tag":[275,705,697,594],"class_list":{"0":"post-304225","1":"product","2":"type-product","3":"status-publish","4":"has-post-thumbnail","6":"product_cat-buero","7":"product_cat-flur","8":"product_cat-geometrisch","9":"product_cat-hotel-de","10":"product_cat-illustrationen","11":"product_cat-landschaften","12":"product_cat-minimalistisch","13":"product_cat-modern-de","14":"product_cat-schlafzimmer","15":"product_cat-skandinavisch","16":"product_cat-wohnzimmer","17":"product_tag-helle","18":"product_tag-hochformat","19":"product_tag-moderne-bilder","20":"product_tag-multicolor-de","21":"pa_size-finishing-20x30-standard-de","22":"pa_size-finishing-20x30-na-ptnie-woskim-de","23":"pa_size-finishing-20x30-premium-print-de","24":"pa_size-finishing-20x30-akustyczny-de","25":"pa_size-finishing-40x60-standard-de","26":"pa_size-finishing-40x60-na-ptnie-woskim-de","27":"pa_size-finishing-40x60-premium-print-de","28":"pa_size-finishing-40x60-akustyczny-de","29":"pa_size-finishing-40x60-w-ramie-drewnianej-naturalnej-de","30":"pa_size-finishing-40x60-w-ramie-drewnianej-czarnej-de","31":"pa_size-finishing-60x90-standard-de","32":"pa_size-finishing-60x90-na-ptnie-woskim-de","33":"pa_size-finishing-60x90-premium-print-de","34":"pa_size-finishing-60x90-akustyczny-de","35":"pa_size-finishing-60x90-w-ramie-drewnianej-naturalnej-de","36":"pa_size-finishing-60x90-w-ramie-drewnianej-czarnej-de","37":"pa_size-finishing-80x120-standard-de","38":"pa_size-finishing-80x120-na-ptnie-woskim-de","39":"pa_size-finishing-80x120-premium-print-de","40":"pa_size-finishing-80x120-akustyczny-de","41":"pa_size-finishing-80x120-w-ramie-drewnianej-naturalnej-de","42":"pa_size-finishing-80x120-w-ramie-drewnianej-czarnej-de","44":"first","45":"instock","46":"purchasable","47":"product-type-variable","48":"has-default-attributes"},"aioseo_notices":[],"_links":{"self":[{"href":"https:\/\/interiorposter.com\/de\/wp-json\/wp\/v2\/product\/304225","targetHints":{"allow":["GET"]}}],"collection":[{"href":"https:\/\/interiorposter.com\/de\/wp-json\/wp\/v2\/product"}],"about":[{"href":"https:\/\/interiorposter.com\/de\/wp-json\/wp\/v2\/types\/product"}],"replies":[{"embeddable":true,"href":"https:\/\/interiorposter.com\/de\/wp-json\/wp\/v2\/comments?post=304225"}],"wp:featuredmedia":[{"embeddable":true,"href":"https:\/\/interiorposter.com\/de\/wp-json\/wp\/v2\/media\/263331"}],"wp:attachment":[{"href":"https:\/\/interiorposter.com\/de\/wp-json\/wp\/v2\/media?parent=304225"}],"wp:term":[{"taxonomy":"product_brand","embeddable":true,"href":"https:\/\/interiorposter.com\/de\/wp-json\/wp\/v2\/product_brand?post=304225"},{"taxonomy":"product_cat","embeddable":true,"href":"https:\/\/interiorposter.com\/de\/wp-json\/wp\/v2\/product_cat?post=304225"},{"taxonomy":"product_tag","embeddable":true,"href":"https:\/\/interiorposter.com\/de\/wp-json\/wp\/v2\/product_tag?post=304225"}],"curies":[{"name":"wp","href":"https:\/\/api.w.org\/{rel}","templated":true}]}}