{"id":304144,"date":"2026-03-15T23:09:20","date_gmt":"2026-03-15T22:09:20","guid":{"rendered":"https:\/\/interiorposter.com\/product\/obraz-na-plotnie-pastelowe-roze-w-pudrowym-rozu\/"},"modified":"2026-03-23T01:01:16","modified_gmt":"2026-03-23T00:01:16","slug":"obraz-na-plotnie-pastelowe-roze-w-pudrowym-rozu","status":"publish","type":"product","link":"https:\/\/interiorposter.com\/de\/product\/obraz-na-plotnie-pastelowe-roze-w-pudrowym-rozu\/","title":{"rendered":"Leinwandbild Pastellrosen in Puderrosa"},"content":{"rendered":"<p>Dieses romantische Leinwandbild mit Rosenmotiv begeistert mit seiner zarten Ausstrahlung, der lichtvollen Form und einer besonders feinen Farbpalette. Puderrosa, sanft aufgehellte T\u00f6ne, weiche Lichtverl\u00e4ufe und dekorative Akzente schaffen eine Komposition voller Leichtigkeit, Frische und femininer Eleganz. Das Wandbild erg\u00e4nzt Schlafzimmer, Wohnzimmer, Flur, Hotel oder ein stilvolles B\u00fcro auf besonders sch\u00f6ne Weise und bringt eine gem\u00fctliche Stimmung sowie romantischen Charme in den Raum. Es ist die ideale Wahl f\u00fcr alle, die eine Dekoration suchen, die den Raum aufhellt und ihm eine subtile, sinnliche Note verleiht.<\/p>\n","protected":false},"excerpt":{"rendered":"<p>Ein zartes Leinwandbild mit Rosen in einer puderrosa pastelligen Farbpalette bringt romantische Stimmung, Leichtigkeit und Eleganz in den Raum.<\/p>\n","protected":false},"featured_media":263542,"comment_status":"closed","ping_status":"closed","template":"","meta":[],"product_brand":[],"product_cat":[87,72,100,75,290,298,106,124,69,84],"product_tag":[275,705,697,594,278,703],"class_list":{"0":"post-304144","1":"product","2":"type-product","3":"status-publish","4":"has-post-thumbnail","6":"product_cat-buero","7":"product_cat-flur","8":"product_cat-glamour-de","9":"product_cat-hotel-de","10":"product_cat-illustrationen","11":"product_cat-malerei","12":"product_cat-modern-de","13":"product_cat-blumen","14":"product_cat-schlafzimmer","15":"product_cat-wohnzimmer","16":"product_tag-helle","17":"product_tag-hochformat","18":"product_tag-moderne-bilder","19":"product_tag-multicolor-de","20":"product_tag-pastellfarben","21":"product_tag-querformat","22":"pa_size-finishing-20x30-standard-de","23":"pa_size-finishing-20x30-na-ptnie-woskim-de","24":"pa_size-finishing-20x30-premium-print-de","25":"pa_size-finishing-20x30-akustyczny-de","26":"pa_size-finishing-40x60-standard-de","27":"pa_size-finishing-40x60-na-ptnie-woskim-de","28":"pa_size-finishing-40x60-premium-print-de","29":"pa_size-finishing-40x60-akustyczny-de","30":"pa_size-finishing-40x60-w-ramie-drewnianej-naturalnej-de","31":"pa_size-finishing-40x60-w-ramie-drewnianej-czarnej-de","32":"pa_size-finishing-60x90-standard-de","33":"pa_size-finishing-60x90-na-ptnie-woskim-de","34":"pa_size-finishing-60x90-premium-print-de","35":"pa_size-finishing-60x90-akustyczny-de","36":"pa_size-finishing-60x90-w-ramie-drewnianej-naturalnej-de","37":"pa_size-finishing-60x90-w-ramie-drewnianej-czarnej-de","38":"pa_size-finishing-80x120-standard-de","39":"pa_size-finishing-80x120-na-ptnie-woskim-de","40":"pa_size-finishing-80x120-premium-print-de","41":"pa_size-finishing-80x120-akustyczny-de","42":"pa_size-finishing-80x120-w-ramie-drewnianej-naturalnej-de","43":"pa_size-finishing-80x120-w-ramie-drewnianej-czarnej-de","45":"first","46":"instock","47":"purchasable","48":"product-type-variable","49":"has-default-attributes"},"aioseo_notices":[],"_links":{"self":[{"href":"https:\/\/interiorposter.com\/de\/wp-json\/wp\/v2\/product\/304144","targetHints":{"allow":["GET"]}}],"collection":[{"href":"https:\/\/interiorposter.com\/de\/wp-json\/wp\/v2\/product"}],"about":[{"href":"https:\/\/interiorposter.com\/de\/wp-json\/wp\/v2\/types\/product"}],"replies":[{"embeddable":true,"href":"https:\/\/interiorposter.com\/de\/wp-json\/wp\/v2\/comments?post=304144"}],"wp:featuredmedia":[{"embeddable":true,"href":"https:\/\/interiorposter.com\/de\/wp-json\/wp\/v2\/media\/263542"}],"wp:attachment":[{"href":"https:\/\/interiorposter.com\/de\/wp-json\/wp\/v2\/media?parent=304144"}],"wp:term":[{"taxonomy":"product_brand","embeddable":true,"href":"https:\/\/interiorposter.com\/de\/wp-json\/wp\/v2\/product_brand?post=304144"},{"taxonomy":"product_cat","embeddable":true,"href":"https:\/\/interiorposter.com\/de\/wp-json\/wp\/v2\/product_cat?post=304144"},{"taxonomy":"product_tag","embeddable":true,"href":"https:\/\/interiorposter.com\/de\/wp-json\/wp\/v2\/product_tag?post=304144"}],"curies":[{"name":"wp","href":"https:\/\/api.w.org\/{rel}","templated":true}]}}