{"id":303978,"date":"2026-03-16T23:27:14","date_gmt":"2026-03-16T22:27:14","guid":{"rendered":"https:\/\/interiorposter.com\/?post_type=product&#038;p=303978"},"modified":"2026-03-23T00:43:46","modified_gmt":"2026-03-22T23:43:46","slug":"szeroki-obraz-na-plotnie-zloty-pejzaz-we-mgle","status":"publish","type":"product","link":"https:\/\/interiorposter.com\/de\/product\/szeroki-obraz-na-plotnie-zloty-pejzaz-we-mgle\/","title":{"rendered":"Breites Leinwandbild Goldene Landschaft im Nebel"},"content":{"rendered":"<p>Dieses breite Leinwandbild mit stimmungsvoller Landschaft zieht mit seiner eleganten Farbgebung und besonderen Atmosph\u00e4re sofort die Blicke auf sich. Die Verbindung aus goldenen Reflexen, tiefen Braunt\u00f6nen, Schwarz und nebligen \u00dcberg\u00e4ngen schafft eine Komposition voller Geheimnis, Ruhe und edlem Glanz. Das Panoramaformat wirkt besonders sch\u00f6n \u00fcber einem Sofa, Bett, Tisch oder einer Konsole und unterstreicht stilvoll den Charakter von Wohnzimmer, Schlafzimmer, Hotel, Restaurant oder Flur. Es ist die ideale Wanddekoration f\u00fcr alle, die ein Bild mit Klasse suchen, das Eleganz, Tiefe und eine beruhigende Stimmung in den Raum bringt.<\/p>\n","protected":false},"excerpt":{"rendered":"<p>Ein breites Leinwandbild mit goldener Landschaft im Nebel bringt Eleganz, Tiefe und eine stimmungsvolle Atmosph\u00e4re in den Raum, ideal f\u00fcr Wohnzimmer, Schlafzimmer oder Hotel.<\/p>\n","protected":false},"featured_media":274728,"comment_status":"closed","ping_status":"closed","template":"","meta":[],"product_brand":[],"product_cat":[72,100,75,136,298,106,266,90,69,255,84],"product_tag":[272,697,594,916,703],"class_list":{"0":"post-303978","1":"product","2":"type-product","3":"status-publish","4":"has-post-thumbnail","6":"product_cat-flur","7":"product_cat-glamour-de","8":"product_cat-hotel-de","9":"product_cat-landschaften","10":"product_cat-malerei","11":"product_cat-modern-de","12":"product_cat-nachtmotive","13":"product_cat-restaurant-de","14":"product_cat-schlafzimmer","15":"product_cat-tiere-natur","16":"product_cat-wohnzimmer","17":"product_tag-dunkel","18":"product_tag-moderne-bilder","19":"product_tag-multicolor-de","20":"product_tag-panoramisch","21":"product_tag-querformat","22":"pa_size-finishing-120x40-premium-print-de","23":"pa_size-finishing-120x40-standard-de","24":"pa_size-finishing-120x40-akustisch","25":"pa_size-finishing-120x40-auf-italienischer-leinwand","26":"pa_size-finishing-120x40-im-naturfarbenen-holzrahmen","27":"pa_size-finishing-120x40-im-schwarzen-holzrahmen","28":"pa_size-finishing-135x45-premium-print-de","29":"pa_size-finishing-135x45-standard-de","30":"pa_size-finishing-135x45-akustisch","31":"pa_size-finishing-135x45-auf-italienischer-leinwand","32":"pa_size-finishing-150x50-premium-print-de","33":"pa_size-finishing-150x50-standard-de","34":"pa_size-finishing-150x50-akustisch","35":"pa_size-finishing-150x50-auf-italienischer-leinwand","36":"pa_size-finishing-150x50-im-naturfarbenen-holzrahmen","37":"pa_size-finishing-150x50-im-schwarzen-holzrahmen","38":"pa_size-finishing-90x30-premium-print-de","39":"pa_size-finishing-90x30-standard-de","40":"pa_size-finishing-90x30-akustisch","41":"pa_size-finishing-90x30-auf-italienischer-leinwand","42":"pa_size-finishing-90x30-im-naturfarbenen-holzrahmen","43":"pa_size-finishing-90x30-im-schwarzen-holzrahmen","45":"first","46":"instock","47":"purchasable","48":"product-type-variable","49":"has-default-attributes"},"aioseo_notices":[],"_links":{"self":[{"href":"https:\/\/interiorposter.com\/de\/wp-json\/wp\/v2\/product\/303978","targetHints":{"allow":["GET"]}}],"collection":[{"href":"https:\/\/interiorposter.com\/de\/wp-json\/wp\/v2\/product"}],"about":[{"href":"https:\/\/interiorposter.com\/de\/wp-json\/wp\/v2\/types\/product"}],"replies":[{"embeddable":true,"href":"https:\/\/interiorposter.com\/de\/wp-json\/wp\/v2\/comments?post=303978"}],"wp:featuredmedia":[{"embeddable":true,"href":"https:\/\/interiorposter.com\/de\/wp-json\/wp\/v2\/media\/274728"}],"wp:attachment":[{"href":"https:\/\/interiorposter.com\/de\/wp-json\/wp\/v2\/media?parent=303978"}],"wp:term":[{"taxonomy":"product_brand","embeddable":true,"href":"https:\/\/interiorposter.com\/de\/wp-json\/wp\/v2\/product_brand?post=303978"},{"taxonomy":"product_cat","embeddable":true,"href":"https:\/\/interiorposter.com\/de\/wp-json\/wp\/v2\/product_cat?post=303978"},{"taxonomy":"product_tag","embeddable":true,"href":"https:\/\/interiorposter.com\/de\/wp-json\/wp\/v2\/product_tag?post=303978"}],"curies":[{"name":"wp","href":"https:\/\/api.w.org\/{rel}","templated":true}]}}