{"id":303670,"date":"2026-03-16T10:10:26","date_gmt":"2026-03-16T09:10:26","guid":{"rendered":"https:\/\/interiorposter.com\/product\/obraz-na-plotnie-drzewa-w-mglistej-abstrakcji\/"},"modified":"2026-03-23T00:15:13","modified_gmt":"2026-03-22T23:15:13","slug":"obraz-na-plotnie-drzewa-w-mglistej-abstrakcji","status":"publish","type":"product","link":"https:\/\/interiorposter.com\/de\/product\/obraz-na-plotnie-drzewa-w-mglistej-abstrakcji\/","title":{"rendered":"Leinwandbild B\u00e4ume in nebliger Abstraktion"},"content":{"rendered":"<p>Dieses stimmungsvolle Leinwandbild mit B\u00e4umen in abstrakter, verschwommener Darstellung schafft im Raum eine Atmosph\u00e4re von Ruhe, Stille und eleganter Tiefe. Die zur\u00fcckhaltende Farbpalette aus Grau, Wei\u00df und rauchigem Schwarz verleiht der Komposition einen modernen und zugleich zeitlosen Ausdruck. Das Wandbild passt hervorragend ins Wohnzimmer, Schlafzimmer, B\u00fcro, Hotel oder in den Flur und unterstreicht dezent den Charakter minimalistischer und moderner Einrichtungen. Es ist die ideale Wahl f\u00fcr alle, die eine Dekoration mit besonderer Stimmung suchen, die Harmonie und k\u00fcnstlerische Leichtigkeit in den Raum bringt.<\/p>\n","protected":false},"excerpt":{"rendered":"<p>Ein subtiles Leinwandbild mit B\u00e4umen in nebliger abstrakter Darstellung bringt Ruhe, Eleganz und eine moderne Atmosph\u00e4re in den Raum.<\/p>\n","protected":false},"featured_media":271150,"comment_status":"closed","ping_status":"closed","template":"","meta":[],"product_brand":[],"product_cat":[96,87,72,75,136,298,103,106,69,84],"product_tag":[1303,181,275,697,703],"class_list":{"0":"post-303670","1":"product","2":"type-product","3":"status-publish","4":"has-post-thumbnail","6":"product_cat-abstrakt","7":"product_cat-buero","8":"product_cat-flur","9":"product_cat-hotel-de","10":"product_cat-landschaften","11":"product_cat-malerei","12":"product_cat-minimalistisch","13":"product_cat-modern-de","14":"product_cat-schlafzimmer","15":"product_cat-wohnzimmer","16":"product_tag-baum","17":"product_tag-grau","18":"product_tag-helle","19":"product_tag-moderne-bilder","20":"product_tag-querformat","21":"pa_size-finishing-30x20-standard-de","22":"pa_size-finishing-30x20-auf-italienischer-leinwand","23":"pa_size-finishing-30x20-premium-print-de","24":"pa_size-finishing-30x20-akustisch","25":"pa_size-finishing-60x40-standard-de","26":"pa_size-finishing-60x40-auf-italienischer-leinwand","27":"pa_size-finishing-60x40-premium-print-de","28":"pa_size-finishing-60x40-akustisch","29":"pa_size-finishing-60x40-im-naturfarbenen-holzrahmen","30":"pa_size-finishing-60x40-im-schwarzen-holzrahmen","31":"pa_size-finishing-90x60-standard-de","32":"pa_size-finishing-90x60-auf-italienischer-leinwand","33":"pa_size-finishing-90x60-premium-print-de","34":"pa_size-finishing-90x60-akustyczny-de","35":"pa_size-finishing-90x60-im-naturfarbenen-holzrahmen","36":"pa_size-finishing-90x60-im-schwarzen-holzrahmen","37":"pa_size-finishing-120x80-standard-de","38":"pa_size-finishing-120x80-auf-italienischer-leinwand","39":"pa_size-finishing-120x80-premium-print-de","40":"pa_size-finishing-120x80-akustisch","41":"pa_size-finishing-120x80-im-naturfarbenen-holzrahmen","42":"pa_size-finishing-120x80-im-schwarzen-holzrahmen","44":"first","45":"instock","46":"purchasable","47":"product-type-variable","48":"has-default-attributes"},"aioseo_notices":[],"_links":{"self":[{"href":"https:\/\/interiorposter.com\/de\/wp-json\/wp\/v2\/product\/303670","targetHints":{"allow":["GET"]}}],"collection":[{"href":"https:\/\/interiorposter.com\/de\/wp-json\/wp\/v2\/product"}],"about":[{"href":"https:\/\/interiorposter.com\/de\/wp-json\/wp\/v2\/types\/product"}],"replies":[{"embeddable":true,"href":"https:\/\/interiorposter.com\/de\/wp-json\/wp\/v2\/comments?post=303670"}],"wp:featuredmedia":[{"embeddable":true,"href":"https:\/\/interiorposter.com\/de\/wp-json\/wp\/v2\/media\/271150"}],"wp:attachment":[{"href":"https:\/\/interiorposter.com\/de\/wp-json\/wp\/v2\/media?parent=303670"}],"wp:term":[{"taxonomy":"product_brand","embeddable":true,"href":"https:\/\/interiorposter.com\/de\/wp-json\/wp\/v2\/product_brand?post=303670"},{"taxonomy":"product_cat","embeddable":true,"href":"https:\/\/interiorposter.com\/de\/wp-json\/wp\/v2\/product_cat?post=303670"},{"taxonomy":"product_tag","embeddable":true,"href":"https:\/\/interiorposter.com\/de\/wp-json\/wp\/v2\/product_tag?post=303670"}],"curies":[{"name":"wp","href":"https:\/\/api.w.org\/{rel}","templated":true}]}}