{"id":303505,"date":"2026-03-16T09:50:35","date_gmt":"2026-03-16T08:50:35","guid":{"rendered":"https:\/\/interiorposter.com\/product\/obraz-na-plotnie-zlote-pioro-na-czarnym-tle\/"},"modified":"2026-03-22T23:54:54","modified_gmt":"2026-03-22T22:54:54","slug":"obraz-na-plotnie-zlote-pioro-na-czarnym-tle","status":"publish","type":"product","link":"https:\/\/interiorposter.com\/de\/product\/obraz-na-plotnie-zlote-pioro-na-czarnym-tle\/","title":{"rendered":"Leinwandbild Goldene Feder auf schwarzem Hintergrund"},"content":{"rendered":"<p>Dieses elegante Leinwandbild mit goldenem Federmotiv begeistert mit seiner markanten Form und luxuri\u00f6sen Farbgebung. Der Kontrast aus tiefem Schwarz und schimmernden Goldt\u00f6nen schafft eine eindrucksvolle Komposition, die sofort ins Auge f\u00e4llt und dem Raum einen prestigetr\u00e4chtigen Charakter verleiht. Das Wandbild passt hervorragend ins Wohnzimmer, Schlafzimmer, B\u00fcro, Hotel oder in den Flur und unterstreicht auf stilvolle Weise moderne, glamour\u00f6se und minimalistische Einrichtungen. Es ist die ideale Wahl f\u00fcr alle, die eine Dekoration voller Eleganz, einen starken visuellen Akzent und zeitlosen Stil suchen.<\/p>\n","protected":false},"excerpt":{"rendered":"<p>Ein stilvolles Leinwandbild mit goldener Feder auf schwarzem Hintergrund verleiht dem Raum Eleganz, Tiefe und einen luxuri\u00f6sen Charakter.<\/p>\n","protected":false},"featured_media":270306,"comment_status":"closed","ping_status":"closed","template":"","meta":[],"product_brand":[],"product_cat":[96,87,72,211,100,75,133,208,139,298,103,106,69,84],"product_tag":[272,705,697],"class_list":{"0":"post-303505","1":"product","2":"type-product","3":"status-publish","4":"has-post-thumbnail","6":"product_cat-abstrakt","7":"product_cat-buero","8":"product_cat-flur","9":"product_cat-geometrisch","10":"product_cat-glamour-de","11":"product_cat-hotel-de","12":"product_cat-industrie","13":"product_cat-konzeptkunst","14":"product_cat-makro-de","15":"product_cat-malerei","16":"product_cat-minimalistisch","17":"product_cat-modern-de","18":"product_cat-schlafzimmer","19":"product_cat-wohnzimmer","20":"product_tag-dunkel","21":"product_tag-hochformat","22":"product_tag-moderne-bilder","23":"pa_size-finishing-20x30-standard-de","24":"pa_size-finishing-20x30-auf-italienischer-leinwand","25":"pa_size-finishing-20x30-premium-print-de","26":"pa_size-finishing-20x30-akustisch","27":"pa_size-finishing-40x60-standard-de","28":"pa_size-finishing-40x60-auf-italienischer-leinwand","29":"pa_size-finishing-40x60-premium-print-de","30":"pa_size-finishing-40x60-akustisch","31":"pa_size-finishing-40x60-im-naturfarbenen-holzrahmen","32":"pa_size-finishing-40x60-im-schwarzen-holzrahmen","33":"pa_size-finishing-60x90-standard-de","34":"pa_size-finishing-60x90-auf-italienischer-leinwand","35":"pa_size-finishing-60x90-premium-print-de","36":"pa_size-finishing-60x90-akustisch","37":"pa_size-finishing-60x90-im-naturfarbenen-holzrahmen","38":"pa_size-finishing-60x90-im-schwarzen-holzrahmen","39":"pa_size-finishing-80x120-standard-de","40":"pa_size-finishing-80x120-auf-italienischer-leinwand","41":"pa_size-finishing-80x120-premium-print-de","42":"pa_size-finishing-80x120-akustisch","43":"pa_size-finishing-80x120-im-naturfarbenen-holzrahmen","44":"pa_size-finishing-80x120-im-schwarzen-holzrahmen","46":"first","47":"instock","48":"purchasable","49":"product-type-variable","50":"has-default-attributes"},"aioseo_notices":[],"_links":{"self":[{"href":"https:\/\/interiorposter.com\/de\/wp-json\/wp\/v2\/product\/303505","targetHints":{"allow":["GET"]}}],"collection":[{"href":"https:\/\/interiorposter.com\/de\/wp-json\/wp\/v2\/product"}],"about":[{"href":"https:\/\/interiorposter.com\/de\/wp-json\/wp\/v2\/types\/product"}],"replies":[{"embeddable":true,"href":"https:\/\/interiorposter.com\/de\/wp-json\/wp\/v2\/comments?post=303505"}],"wp:featuredmedia":[{"embeddable":true,"href":"https:\/\/interiorposter.com\/de\/wp-json\/wp\/v2\/media\/270306"}],"wp:attachment":[{"href":"https:\/\/interiorposter.com\/de\/wp-json\/wp\/v2\/media?parent=303505"}],"wp:term":[{"taxonomy":"product_brand","embeddable":true,"href":"https:\/\/interiorposter.com\/de\/wp-json\/wp\/v2\/product_brand?post=303505"},{"taxonomy":"product_cat","embeddable":true,"href":"https:\/\/interiorposter.com\/de\/wp-json\/wp\/v2\/product_cat?post=303505"},{"taxonomy":"product_tag","embeddable":true,"href":"https:\/\/interiorposter.com\/de\/wp-json\/wp\/v2\/product_tag?post=303505"}],"curies":[{"name":"wp","href":"https:\/\/api.w.org\/{rel}","templated":true}]}}