{"id":303422,"date":"2026-03-16T00:36:02","date_gmt":"2026-03-15T23:36:02","guid":{"rendered":"https:\/\/interiorposter.com\/product\/obraz-na-plotnie-drzewa-we-mgle-w-szarej-tonacji\/"},"modified":"2026-03-22T23:47:20","modified_gmt":"2026-03-22T22:47:20","slug":"obraz-na-plotnie-drzewa-we-mgle-w-szarej-tonacji","status":"publish","type":"product","link":"https:\/\/interiorposter.com\/de\/product\/obraz-na-plotnie-drzewa-we-mgle-w-szarej-tonacji\/","title":{"rendered":"Leinwandbild B\u00e4ume im Nebel in Graut\u00f6nen"},"content":{"rendered":"<p>Dieses stimmungsvolle Leinwandbild mit schlanken B\u00e4umen im Nebel bringt Ruhe, Tiefe und eine elegante geheimnisvolle Ausstrahlung in den Raum. Die zur\u00fcckhaltende Komposition in Grau, Beige und rauchigem Schwarz unterstreicht perfekt den Charakter moderner, minimalistischer und industrieller Einrichtungen. Das Wandbild eignet sich hervorragend f\u00fcr Wohnzimmer, Schlafzimmer, B\u00fcro, Hotel oder Flur und schafft eine Atmosph\u00e4re von Entspannung und Harmonie. Es ist die ideale Wahl f\u00fcr alle, die eine Dekoration mit besonderer Stimmung suchen, die dezent die Blicke auf sich zieht und dem Raum eine au\u00dfergew\u00f6hnliche Tiefe verleiht.<\/p>\n","protected":false},"excerpt":{"rendered":"<p>Ein stimmungsvolles Leinwandbild mit B\u00e4umen im Nebel in grau beigen T\u00f6nen bringt Ruhe, Eleganz und eine besondere Atmosph\u00e4re in den Raum.<\/p>\n","protected":false},"featured_media":267292,"comment_status":"closed","ping_status":"closed","template":"","meta":[],"product_brand":[],"product_cat":[87,72,109,75,133,136,103,106,69,84],"product_tag":[1303,181,697,703],"class_list":{"0":"post-303422","1":"product","2":"type-product","3":"status-publish","4":"has-post-thumbnail","6":"product_cat-buero","7":"product_cat-flur","8":"product_cat-fotografie-de","9":"product_cat-hotel-de","10":"product_cat-industrie","11":"product_cat-landschaften","12":"product_cat-minimalistisch","13":"product_cat-modern-de","14":"product_cat-schlafzimmer","15":"product_cat-wohnzimmer","16":"product_tag-baum","17":"product_tag-grau","18":"product_tag-moderne-bilder","19":"product_tag-querformat","20":"pa_size-finishing-30x20-standard-de","21":"pa_size-finishing-30x20-auf-italienischer-leinwand","22":"pa_size-finishing-30x20-premium-print-de","23":"pa_size-finishing-30x20-akustisch","24":"pa_size-finishing-60x40-standard-de","25":"pa_size-finishing-60x40-auf-italienischer-leinwand","26":"pa_size-finishing-60x40-premium-print-de","27":"pa_size-finishing-60x40-akustisch","28":"pa_size-finishing-60x40-im-naturfarbenen-holzrahmen","29":"pa_size-finishing-60x40-im-schwarzen-holzrahmen","30":"pa_size-finishing-90x60-standard-de","31":"pa_size-finishing-90x60-auf-italienischer-leinwand","32":"pa_size-finishing-90x60-premium-print-de","33":"pa_size-finishing-90x60-akustyczny-de","34":"pa_size-finishing-90x60-im-naturfarbenen-holzrahmen","35":"pa_size-finishing-90x60-im-schwarzen-holzrahmen","36":"pa_size-finishing-120x80-standard-de","37":"pa_size-finishing-120x80-auf-italienischer-leinwand","38":"pa_size-finishing-120x80-premium-print-de","39":"pa_size-finishing-120x80-akustisch","40":"pa_size-finishing-120x80-im-naturfarbenen-holzrahmen","41":"pa_size-finishing-120x80-im-schwarzen-holzrahmen","43":"first","44":"instock","45":"purchasable","46":"product-type-variable","47":"has-default-attributes"},"aioseo_notices":[],"_links":{"self":[{"href":"https:\/\/interiorposter.com\/de\/wp-json\/wp\/v2\/product\/303422","targetHints":{"allow":["GET"]}}],"collection":[{"href":"https:\/\/interiorposter.com\/de\/wp-json\/wp\/v2\/product"}],"about":[{"href":"https:\/\/interiorposter.com\/de\/wp-json\/wp\/v2\/types\/product"}],"replies":[{"embeddable":true,"href":"https:\/\/interiorposter.com\/de\/wp-json\/wp\/v2\/comments?post=303422"}],"wp:featuredmedia":[{"embeddable":true,"href":"https:\/\/interiorposter.com\/de\/wp-json\/wp\/v2\/media\/267292"}],"wp:attachment":[{"href":"https:\/\/interiorposter.com\/de\/wp-json\/wp\/v2\/media?parent=303422"}],"wp:term":[{"taxonomy":"product_brand","embeddable":true,"href":"https:\/\/interiorposter.com\/de\/wp-json\/wp\/v2\/product_brand?post=303422"},{"taxonomy":"product_cat","embeddable":true,"href":"https:\/\/interiorposter.com\/de\/wp-json\/wp\/v2\/product_cat?post=303422"},{"taxonomy":"product_tag","embeddable":true,"href":"https:\/\/interiorposter.com\/de\/wp-json\/wp\/v2\/product_tag?post=303422"}],"curies":[{"name":"wp","href":"https:\/\/api.w.org\/{rel}","templated":true}]}}