{"id":303255,"date":"2026-03-16T00:26:27","date_gmt":"2026-03-15T23:26:27","guid":{"rendered":"https:\/\/interiorposter.com\/product\/obraz-na-plotnie-abstrakcyjny-kwiat-w-kontrastach\/"},"modified":"2026-03-22T23:36:36","modified_gmt":"2026-03-22T22:36:36","slug":"obraz-na-plotnie-abstrakcyjny-kwiat-w-kontrastach","status":"publish","type":"product","link":"https:\/\/interiorposter.com\/de\/product\/obraz-na-plotnie-abstrakcyjny-kwiat-w-kontrastach\/","title":{"rendered":"Leinwandbild Abstrakte Blume in Kontrastt\u00f6nen"},"content":{"rendered":"<p>Dieses ausdrucksstarke Leinwandbild mit abstraktem Blumenmotiv zieht mit seinem starken Kontrast und der modernen Form sofort die Blicke auf sich. Die Verbindung von tiefem Schwarz, gebrochenem Wei\u00df und warmen beige goldenen Akzenten schafft eine elegante Komposition, die dem Raum Charakter und stilvolle Energie verleiht. Das Wandbild passt hervorragend ins Wohnzimmer, Schlafzimmer, B\u00fcro, Hotel oder in den Flur und wird dort zu einer wirkungsvollen Erg\u00e4nzung moderner und minimalistischer Einrichtungen. Es ist die perfekte Wahl f\u00fcr alle, die einen Raum mit einer Dekoration mit k\u00fcnstlerischer Ausstrahlung und zeitloser Farbwirkung beleben m\u00f6chten.<\/p>\n","protected":false},"excerpt":{"rendered":"<p>Ein modernes Leinwandbild mit abstrakter Blume in Schwarz, gebrochenem Wei\u00df und beige goldenen T\u00f6nen verleiht dem Raum Eleganz und einen markanten Charakter.<\/p>\n","protected":false},"featured_media":266886,"comment_status":"closed","ping_status":"closed","template":"","meta":[],"product_brand":[],"product_cat":[96,87,72,100,75,298,103,106,124,69,84],"product_tag":[272,697,594,703],"class_list":{"0":"post-303255","1":"product","2":"type-product","3":"status-publish","4":"has-post-thumbnail","6":"product_cat-abstrakt","7":"product_cat-buero","8":"product_cat-flur","9":"product_cat-glamour-de","10":"product_cat-hotel-de","11":"product_cat-malerei","12":"product_cat-minimalistisch","13":"product_cat-modern-de","14":"product_cat-blumen","15":"product_cat-schlafzimmer","16":"product_cat-wohnzimmer","17":"product_tag-dunkel","18":"product_tag-moderne-bilder","19":"product_tag-multicolor-de","20":"product_tag-querformat","21":"pa_size-finishing-30x20-standard-de","22":"pa_size-finishing-30x20-auf-italienischer-leinwand","23":"pa_size-finishing-30x20-premium-print-de","24":"pa_size-finishing-30x20-akustisch","25":"pa_size-finishing-60x40-standard-de","26":"pa_size-finishing-60x40-auf-italienischer-leinwand","27":"pa_size-finishing-60x40-premium-print-de","28":"pa_size-finishing-60x40-akustisch","29":"pa_size-finishing-60x40-im-naturfarbenen-holzrahmen","30":"pa_size-finishing-60x40-im-schwarzen-holzrahmen","31":"pa_size-finishing-90x60-standard-de","32":"pa_size-finishing-90x60-auf-italienischer-leinwand","33":"pa_size-finishing-90x60-premium-print-de","34":"pa_size-finishing-90x60-akustyczny-de","35":"pa_size-finishing-90x60-im-naturfarbenen-holzrahmen","36":"pa_size-finishing-90x60-im-schwarzen-holzrahmen","37":"pa_size-finishing-120x80-standard-de","38":"pa_size-finishing-120x80-auf-italienischer-leinwand","39":"pa_size-finishing-120x80-premium-print-de","40":"pa_size-finishing-120x80-akustisch","41":"pa_size-finishing-120x80-im-naturfarbenen-holzrahmen","42":"pa_size-finishing-120x80-im-schwarzen-holzrahmen","44":"first","45":"instock","46":"purchasable","47":"product-type-variable","48":"has-default-attributes"},"aioseo_notices":[],"_links":{"self":[{"href":"https:\/\/interiorposter.com\/de\/wp-json\/wp\/v2\/product\/303255","targetHints":{"allow":["GET"]}}],"collection":[{"href":"https:\/\/interiorposter.com\/de\/wp-json\/wp\/v2\/product"}],"about":[{"href":"https:\/\/interiorposter.com\/de\/wp-json\/wp\/v2\/types\/product"}],"replies":[{"embeddable":true,"href":"https:\/\/interiorposter.com\/de\/wp-json\/wp\/v2\/comments?post=303255"}],"wp:featuredmedia":[{"embeddable":true,"href":"https:\/\/interiorposter.com\/de\/wp-json\/wp\/v2\/media\/266886"}],"wp:attachment":[{"href":"https:\/\/interiorposter.com\/de\/wp-json\/wp\/v2\/media?parent=303255"}],"wp:term":[{"taxonomy":"product_brand","embeddable":true,"href":"https:\/\/interiorposter.com\/de\/wp-json\/wp\/v2\/product_brand?post=303255"},{"taxonomy":"product_cat","embeddable":true,"href":"https:\/\/interiorposter.com\/de\/wp-json\/wp\/v2\/product_cat?post=303255"},{"taxonomy":"product_tag","embeddable":true,"href":"https:\/\/interiorposter.com\/de\/wp-json\/wp\/v2\/product_tag?post=303255"}],"curies":[{"name":"wp","href":"https:\/\/api.w.org\/{rel}","templated":true}]}}