{"id":303172,"date":"2026-03-16T00:16:15","date_gmt":"2026-03-15T23:16:15","guid":{"rendered":"https:\/\/interiorposter.com\/product\/szeroki-obraz-na-plotnie-motyw-zlotych-kwiatow\/"},"modified":"2026-03-22T23:31:31","modified_gmt":"2026-03-22T22:31:31","slug":"szeroki-obraz-na-plotnie-motyw-zlotych-kwiatow","status":"publish","type":"product","link":"https:\/\/interiorposter.com\/de\/product\/szeroki-obraz-na-plotnie-motyw-zlotych-kwiatow\/","title":{"rendered":"Breites Leinwandbild mit Motiv goldener Blumen"},"content":{"rendered":"<p>Dieses eindrucksvolle Leinwandbild im langen Panoramaformat begeistert mit Eleganz und dekorativer Ausstrahlung. Das Motiv goldener Blumen vor tiefen Braun und Graut\u00f6nen sowie strukturartigen Effekten schafft eine Komposition voller Klasse, Glanz und raffiniertem Charakter. Als Wandbild wirkt es besonders sch\u00f6n \u00fcber einem Sofa, Bett, Tisch oder einer Konsole und unterstreicht stilvoll das Ambiente im Wohnzimmer, Schlafzimmer, Flur, Hotel oder Restaurant. Es ist die ideale Wahl f\u00fcr alle, die dem Raum einen luxuri\u00f6sen Akzent verleihen und eine Dekoration w\u00e4hlen m\u00f6chten, die mit ihrer dunklen, eleganten Farbgebung sofort ins Auge f\u00e4llt.<\/p>\n","protected":false},"excerpt":{"rendered":"<p>Ein panoramisches Leinwandbild mit goldenen Blumen in dunkler, eleganter Farbgebung verleiht dem Raum Stil und schm\u00fcckt Wohnzimmer, Schlafzimmer oder Hotel auf besondere Weise.<\/p>\n","protected":false},"featured_media":266480,"comment_status":"closed","ping_status":"closed","template":"","meta":[],"product_brand":[],"product_cat":[72,100,75,298,106,124,90,69,84],"product_tag":[272,697,594,916,703],"class_list":{"0":"post-303172","1":"product","2":"type-product","3":"status-publish","4":"has-post-thumbnail","6":"product_cat-flur","7":"product_cat-glamour-de","8":"product_cat-hotel-de","9":"product_cat-malerei","10":"product_cat-modern-de","11":"product_cat-blumen","12":"product_cat-restaurant-de","13":"product_cat-schlafzimmer","14":"product_cat-wohnzimmer","15":"product_tag-dunkel","16":"product_tag-moderne-bilder","17":"product_tag-multicolor-de","18":"product_tag-panoramisch","19":"product_tag-querformat","20":"pa_size-finishing-120x40-premium-print-de","21":"pa_size-finishing-120x40-standard-de","22":"pa_size-finishing-120x40-akustisch","23":"pa_size-finishing-120x40-auf-italienischer-leinwand","24":"pa_size-finishing-120x40-im-naturfarbenen-holzrahmen","25":"pa_size-finishing-120x40-im-schwarzen-holzrahmen","26":"pa_size-finishing-135x45-premium-print-de","27":"pa_size-finishing-135x45-standard-de","28":"pa_size-finishing-135x45-akustisch","29":"pa_size-finishing-135x45-auf-italienischer-leinwand","30":"pa_size-finishing-150x50-premium-print-de","31":"pa_size-finishing-150x50-standard-de","32":"pa_size-finishing-150x50-akustisch","33":"pa_size-finishing-150x50-auf-italienischer-leinwand","34":"pa_size-finishing-150x50-im-naturfarbenen-holzrahmen","35":"pa_size-finishing-150x50-im-schwarzen-holzrahmen","36":"pa_size-finishing-90x30-premium-print-de","37":"pa_size-finishing-90x30-standard-de","38":"pa_size-finishing-90x30-akustisch","39":"pa_size-finishing-90x30-auf-italienischer-leinwand","40":"pa_size-finishing-90x30-im-naturfarbenen-holzrahmen","41":"pa_size-finishing-90x30-im-schwarzen-holzrahmen","43":"first","44":"instock","45":"purchasable","46":"product-type-variable","47":"has-default-attributes"},"aioseo_notices":[],"_links":{"self":[{"href":"https:\/\/interiorposter.com\/de\/wp-json\/wp\/v2\/product\/303172","targetHints":{"allow":["GET"]}}],"collection":[{"href":"https:\/\/interiorposter.com\/de\/wp-json\/wp\/v2\/product"}],"about":[{"href":"https:\/\/interiorposter.com\/de\/wp-json\/wp\/v2\/types\/product"}],"replies":[{"embeddable":true,"href":"https:\/\/interiorposter.com\/de\/wp-json\/wp\/v2\/comments?post=303172"}],"wp:featuredmedia":[{"embeddable":true,"href":"https:\/\/interiorposter.com\/de\/wp-json\/wp\/v2\/media\/266480"}],"wp:attachment":[{"href":"https:\/\/interiorposter.com\/de\/wp-json\/wp\/v2\/media?parent=303172"}],"wp:term":[{"taxonomy":"product_brand","embeddable":true,"href":"https:\/\/interiorposter.com\/de\/wp-json\/wp\/v2\/product_brand?post=303172"},{"taxonomy":"product_cat","embeddable":true,"href":"https:\/\/interiorposter.com\/de\/wp-json\/wp\/v2\/product_cat?post=303172"},{"taxonomy":"product_tag","embeddable":true,"href":"https:\/\/interiorposter.com\/de\/wp-json\/wp\/v2\/product_tag?post=303172"}],"curies":[{"name":"wp","href":"https:\/\/api.w.org\/{rel}","templated":true}]}}