{"id":280782,"date":"2026-03-21T00:31:15","date_gmt":"2026-03-20T23:31:15","guid":{"rendered":"https:\/\/interiorposter.com\/product\/obraz-na-plotnie-geometryczna-architektura-w-bieli\/"},"modified":"2026-03-21T00:48:45","modified_gmt":"2026-03-20T23:48:45","slug":"obraz-na-plotnie-geometryczna-architektura-w-bieli","status":"publish","type":"product","link":"https:\/\/interiorposter.com\/de\/product\/obraz-na-plotnie-geometryczna-architektura-w-bieli\/","title":{"rendered":"Leinwandbild Geometrische Architektur in Wei\u00df"},"content":{"rendered":"<p>Dieses Leinwandbild zieht mit seinem Rhythmus aus Formen, Licht und der eleganten Schlichtheit moderner Architektur alle Blicke auf sich. Wiederkehrende Linien und sanfte B\u00f6gen schaffen eine harmonische Wirkung, die stilvolle R\u00e4ume wunderbar erg\u00e4nzt und ihnen einen geordneten, designorientierten Charakter verleiht. Die helle, dezente, monochrome Farbgebung in Wei\u00df- und Graut\u00f6nen macht dieses Bild zur idealen Wahl f\u00fcr Wohnzimmer, B\u00fcro, Schlafzimmer, Flur, Hotel oder Restaurant. Es ist perfekt f\u00fcr alle, die moderne Wandbilder, minimalistisches Design und zeitlose \u00c4sthetik sch\u00e4tzen.<\/p>\n","protected":false},"excerpt":{"rendered":"<p>Elegantes Leinwandbild mit geometrischer Architektur in heller monochromer Farbgebung. Ideal f\u00fcr Wohnzimmer, B\u00fcro und moderne Innenr\u00e4ume.<\/p>\n","protected":false},"featured_media":276165,"comment_status":"closed","ping_status":"closed","template":"","meta":[],"product_brand":[],"product_cat":[87,72,109,211,75,133,103,106,90,69,84],"product_tag":[181,275,705,697],"class_list":{"0":"post-280782","1":"product","2":"type-product","3":"status-publish","4":"has-post-thumbnail","6":"product_cat-buero","7":"product_cat-flur","8":"product_cat-fotografie-de","9":"product_cat-geometrisch","10":"product_cat-hotel-de","11":"product_cat-industrie","12":"product_cat-minimalistisch","13":"product_cat-modern-de","14":"product_cat-restaurant-de","15":"product_cat-schlafzimmer","16":"product_cat-wohnzimmer","17":"product_tag-grau","18":"product_tag-helle","19":"product_tag-hochformat","20":"product_tag-moderne-bilder","21":"pa_size-finishing-20x30-standard-de","22":"pa_size-finishing-20x30-auf-italienischer-leinwand","23":"pa_size-finishing-20x30-premium-print-de","24":"pa_size-finishing-20x30-akustisch","25":"pa_size-finishing-40x60-standard-de","26":"pa_size-finishing-40x60-auf-italienischer-leinwand","27":"pa_size-finishing-40x60-premium-print-de","28":"pa_size-finishing-40x60-akustisch","29":"pa_size-finishing-40x60-im-naturfarbenen-holzrahmen","30":"pa_size-finishing-40x60-im-schwarzen-holzrahmen","31":"pa_size-finishing-60x90-standard-de","32":"pa_size-finishing-60x90-auf-italienischer-leinwand","33":"pa_size-finishing-60x90-premium-print-de","34":"pa_size-finishing-60x90-akustisch","35":"pa_size-finishing-60x90-im-naturfarbenen-holzrahmen","36":"pa_size-finishing-60x90-im-schwarzen-holzrahmen","37":"pa_size-finishing-80x120-standard-de","38":"pa_size-finishing-80x120-auf-italienischer-leinwand","39":"pa_size-finishing-80x120-premium-print-de","40":"pa_size-finishing-80x120-akustisch","41":"pa_size-finishing-80x120-im-naturfarbenen-holzrahmen","42":"pa_size-finishing-80x120-im-schwarzen-holzrahmen","44":"first","45":"instock","46":"purchasable","47":"product-type-variable","48":"has-default-attributes"},"aioseo_notices":[],"_links":{"self":[{"href":"https:\/\/interiorposter.com\/de\/wp-json\/wp\/v2\/product\/280782","targetHints":{"allow":["GET"]}}],"collection":[{"href":"https:\/\/interiorposter.com\/de\/wp-json\/wp\/v2\/product"}],"about":[{"href":"https:\/\/interiorposter.com\/de\/wp-json\/wp\/v2\/types\/product"}],"replies":[{"embeddable":true,"href":"https:\/\/interiorposter.com\/de\/wp-json\/wp\/v2\/comments?post=280782"}],"wp:featuredmedia":[{"embeddable":true,"href":"https:\/\/interiorposter.com\/de\/wp-json\/wp\/v2\/media\/276165"}],"wp:attachment":[{"href":"https:\/\/interiorposter.com\/de\/wp-json\/wp\/v2\/media?parent=280782"}],"wp:term":[{"taxonomy":"product_brand","embeddable":true,"href":"https:\/\/interiorposter.com\/de\/wp-json\/wp\/v2\/product_brand?post=280782"},{"taxonomy":"product_cat","embeddable":true,"href":"https:\/\/interiorposter.com\/de\/wp-json\/wp\/v2\/product_cat?post=280782"},{"taxonomy":"product_tag","embeddable":true,"href":"https:\/\/interiorposter.com\/de\/wp-json\/wp\/v2\/product_tag?post=280782"}],"curies":[{"name":"wp","href":"https:\/\/api.w.org\/{rel}","templated":true}]}}