{"id":278668,"date":"2026-03-15T12:54:41","date_gmt":"2026-03-15T11:54:41","guid":{"rendered":"https:\/\/interiorposter.com\/product\/obraz-na-plotnie-zloty-pejzaz-w-orientalnym-stylu\/"},"modified":"2026-03-19T02:40:42","modified_gmt":"2026-03-19T01:40:42","slug":"obraz-na-plotnie-zloty-pejzaz-w-orientalnym-stylu","status":"publish","type":"product","link":"https:\/\/interiorposter.com\/de\/product\/obraz-na-plotnie-zloty-pejzaz-w-orientalnym-stylu\/","title":{"rendered":"Leinwandbild Goldene Landschaft im orientalischen Stil"},"content":{"rendered":"<p>Eine subtile Komposition, inspiriert von einer orientalischen Landschaft, begeistert mit Leichtigkeit, Ruhe und eleganter Ausarbeitung. Zarte Berglinien, goldene Akzente und ein heller, zur\u00fcckhaltender Hintergrund schaffen eine harmonische Wanddekoration, die dem Raum eine Atmosph\u00e4re von Gelassenheit und stilvoller Raffinesse verleiht. Dieses Leinwandbild ist eine ideale Wahl f\u00fcr Wohnzimmer, Schlafzimmer, B\u00fcro, Hotel, Restaurant oder Flur und gibt dem Raum einen besonderen, k\u00fcnstlerischen Charakter. Die helle Farbpalette aus Wei\u00df, Beige, Gold und sanft pudrigen T\u00f6nen bringt die Wand wundersch\u00f6n zur Geltung und unterstreicht die Eleganz der Einrichtung.<\/p>\n","protected":false},"excerpt":{"rendered":"","protected":false},"featured_media":260704,"comment_status":"closed","ping_status":"closed","template":"","meta":[],"product_brand":[],"product_cat":[87,72,75,208,136,298,103,106,90,69,84],"product_tag":[275,697,594,703],"class_list":{"0":"post-278668","1":"product","2":"type-product","3":"status-publish","4":"has-post-thumbnail","6":"product_cat-buero","7":"product_cat-flur","8":"product_cat-hotel-de","9":"product_cat-konzeptkunst","10":"product_cat-landschaften","11":"product_cat-malerei","12":"product_cat-minimalistisch","13":"product_cat-modern-de","14":"product_cat-restaurant-de","15":"product_cat-schlafzimmer","16":"product_cat-wohnzimmer","17":"product_tag-helle","18":"product_tag-moderne-bilder","19":"product_tag-multicolor-de","20":"product_tag-querformat","21":"pa_size-finishing-30x20-standard-de","22":"pa_size-finishing-30x20-auf-italienischer-leinwand","23":"pa_size-finishing-30x20-premium-print-de","24":"pa_size-finishing-30x20-akustisch","25":"pa_size-finishing-60x40-standard-de","26":"pa_size-finishing-60x40-auf-italienischer-leinwand","27":"pa_size-finishing-60x40-premium-print-de","28":"pa_size-finishing-60x40-akustisch","29":"pa_size-finishing-60x40-im-naturfarbenen-holzrahmen","30":"pa_size-finishing-60x40-im-schwarzen-holzrahmen","31":"pa_size-finishing-90x60-standard-de","32":"pa_size-finishing-90x60-auf-italienischer-leinwand","33":"pa_size-finishing-90x60-premium-print-de","34":"pa_size-finishing-90x60-akustyczny-de","35":"pa_size-finishing-90x60-im-naturfarbenen-holzrahmen","36":"pa_size-finishing-90x60-im-schwarzen-holzrahmen","37":"pa_size-finishing-120x80-standard-de","38":"pa_size-finishing-120x80-auf-italienischer-leinwand","39":"pa_size-finishing-120x80-premium-print-de","40":"pa_size-finishing-120x80-akustisch","41":"pa_size-finishing-120x80-im-naturfarbenen-holzrahmen","42":"pa_size-finishing-120x80-im-schwarzen-holzrahmen","44":"first","45":"instock","46":"purchasable","47":"product-type-variable","48":"has-default-attributes"},"aioseo_notices":[],"_links":{"self":[{"href":"https:\/\/interiorposter.com\/de\/wp-json\/wp\/v2\/product\/278668","targetHints":{"allow":["GET"]}}],"collection":[{"href":"https:\/\/interiorposter.com\/de\/wp-json\/wp\/v2\/product"}],"about":[{"href":"https:\/\/interiorposter.com\/de\/wp-json\/wp\/v2\/types\/product"}],"replies":[{"embeddable":true,"href":"https:\/\/interiorposter.com\/de\/wp-json\/wp\/v2\/comments?post=278668"}],"wp:featuredmedia":[{"embeddable":true,"href":"https:\/\/interiorposter.com\/de\/wp-json\/wp\/v2\/media\/260704"}],"wp:attachment":[{"href":"https:\/\/interiorposter.com\/de\/wp-json\/wp\/v2\/media?parent=278668"}],"wp:term":[{"taxonomy":"product_brand","embeddable":true,"href":"https:\/\/interiorposter.com\/de\/wp-json\/wp\/v2\/product_brand?post=278668"},{"taxonomy":"product_cat","embeddable":true,"href":"https:\/\/interiorposter.com\/de\/wp-json\/wp\/v2\/product_cat?post=278668"},{"taxonomy":"product_tag","embeddable":true,"href":"https:\/\/interiorposter.com\/de\/wp-json\/wp\/v2\/product_tag?post=278668"}],"curies":[{"name":"wp","href":"https:\/\/api.w.org\/{rel}","templated":true}]}}