{"id":278262,"date":"2026-03-15T12:18:10","date_gmt":"2026-03-15T11:18:10","guid":{"rendered":"https:\/\/interiorposter.com\/product\/obraz-na-plotnie-abstrakcyjny-pejzaz-w-szlachetnych-barwach\/"},"modified":"2026-03-19T02:10:20","modified_gmt":"2026-03-19T01:10:20","slug":"obraz-na-plotnie-abstrakcyjny-pejzaz-w-szlachetnych-barwach","status":"publish","type":"product","link":"https:\/\/interiorposter.com\/de\/product\/obraz-na-plotnie-abstrakcyjny-pejzaz-w-szlachetnych-barwach\/","title":{"rendered":"Leinwandbild Abstrakte Landschaft in edlen Farben"},"content":{"rendered":"<p>Eine Abstraktion im malerischen Stil, inspiriert von einer Landschaft, begeistert mit farblicher Tiefe und einem eleganten, k\u00fcnstlerischen Ausdruck. Die Kombination aus T\u00fcrkis, Wei\u00df, Rostbraun, ged\u00e4mpftem Orange und feinen violetten Akzenten schafft eine warme und zugleich raffinierte Komposition, die den Charakter des Raumes stilvoll unterstreicht. Dieses Leinwandbild passt perfekt ins Wohnzimmer, Schlafzimmer, B\u00fcro, Hotel, Restaurant oder in den Flur und verleiht dem Raum Stil und eine gem\u00fctliche Ausstrahlung. Es ist eine hervorragende Wahl f\u00fcr alle, die moderne Wanddekoration mit malerischer Leichtigkeit und modischer Farbgebung sch\u00e4tzen.<\/p>\n","protected":false},"excerpt":{"rendered":"","protected":false},"featured_media":259080,"comment_status":"closed","ping_status":"closed","template":"","meta":[],"product_brand":[],"product_cat":[96,87,72,75,208,136,298,106,90,69,84],"product_tag":[697,594,703],"class_list":{"0":"post-278262","1":"product","2":"type-product","3":"status-publish","4":"has-post-thumbnail","6":"product_cat-abstrakt","7":"product_cat-buero","8":"product_cat-flur","9":"product_cat-hotel-de","10":"product_cat-konzeptkunst","11":"product_cat-landschaften","12":"product_cat-malerei","13":"product_cat-modern-de","14":"product_cat-restaurant-de","15":"product_cat-schlafzimmer","16":"product_cat-wohnzimmer","17":"product_tag-moderne-bilder","18":"product_tag-multicolor-de","19":"product_tag-querformat","20":"pa_size-finishing-30x20-standard-de","21":"pa_size-finishing-30x20-auf-italienischer-leinwand","22":"pa_size-finishing-30x20-premium-print-de","23":"pa_size-finishing-30x20-akustisch","24":"pa_size-finishing-60x40-standard-de","25":"pa_size-finishing-60x40-auf-italienischer-leinwand","26":"pa_size-finishing-60x40-premium-print-de","27":"pa_size-finishing-60x40-akustisch","28":"pa_size-finishing-60x40-im-naturfarbenen-holzrahmen","29":"pa_size-finishing-60x40-im-schwarzen-holzrahmen","30":"pa_size-finishing-90x60-standard-de","31":"pa_size-finishing-90x60-auf-italienischer-leinwand","32":"pa_size-finishing-90x60-premium-print-de","33":"pa_size-finishing-90x60-akustyczny-de","34":"pa_size-finishing-90x60-im-naturfarbenen-holzrahmen","35":"pa_size-finishing-90x60-im-schwarzen-holzrahmen","36":"pa_size-finishing-120x80-standard-de","37":"pa_size-finishing-120x80-auf-italienischer-leinwand","38":"pa_size-finishing-120x80-premium-print-de","39":"pa_size-finishing-120x80-akustisch","40":"pa_size-finishing-120x80-im-naturfarbenen-holzrahmen","41":"pa_size-finishing-120x80-im-schwarzen-holzrahmen","43":"first","44":"instock","45":"purchasable","46":"product-type-variable","47":"has-default-attributes"},"aioseo_notices":[],"_links":{"self":[{"href":"https:\/\/interiorposter.com\/de\/wp-json\/wp\/v2\/product\/278262","targetHints":{"allow":["GET"]}}],"collection":[{"href":"https:\/\/interiorposter.com\/de\/wp-json\/wp\/v2\/product"}],"about":[{"href":"https:\/\/interiorposter.com\/de\/wp-json\/wp\/v2\/types\/product"}],"replies":[{"embeddable":true,"href":"https:\/\/interiorposter.com\/de\/wp-json\/wp\/v2\/comments?post=278262"}],"wp:featuredmedia":[{"embeddable":true,"href":"https:\/\/interiorposter.com\/de\/wp-json\/wp\/v2\/media\/259080"}],"wp:attachment":[{"href":"https:\/\/interiorposter.com\/de\/wp-json\/wp\/v2\/media?parent=278262"}],"wp:term":[{"taxonomy":"product_brand","embeddable":true,"href":"https:\/\/interiorposter.com\/de\/wp-json\/wp\/v2\/product_brand?post=278262"},{"taxonomy":"product_cat","embeddable":true,"href":"https:\/\/interiorposter.com\/de\/wp-json\/wp\/v2\/product_cat?post=278262"},{"taxonomy":"product_tag","embeddable":true,"href":"https:\/\/interiorposter.com\/de\/wp-json\/wp\/v2\/product_tag?post=278262"}],"curies":[{"name":"wp","href":"https:\/\/api.w.org\/{rel}","templated":true}]}}