{"id":277862,"date":"2026-03-16T08:48:06","date_gmt":"2026-03-16T07:48:06","guid":{"rendered":"https:\/\/interiorposter.com\/product\/obraz-na-plotnie-zen-kamienie-w-bezach-i-czerni\/"},"modified":"2026-03-19T01:37:23","modified_gmt":"2026-03-19T00:37:23","slug":"obraz-na-plotnie-zen-kamienie-w-bezach-i-czerni","status":"publish","type":"product","link":"https:\/\/interiorposter.com\/de\/product\/obraz-na-plotnie-zen-kamienie-w-bezach-i-czerni\/","title":{"rendered":"Leinwandbild Zen Steine in Beige und Schwarz"},"content":{"rendered":"<p>Die minimalistische Komposition, inspiriert von aufeinander geschichteten Steinen, bringt Ruhe, Ausgeglichenheit und moderne Eleganz in den Raum. Dieses Leinwandbild erg\u00e4nzt perfekt ein Wohnzimmer, Schlafzimmer, B\u00fcro, einen Flur, ein Hotel oder ein stilvolles Restaurant. Der helle Hintergrund und die zur\u00fcckhaltende Farbpalette aus Beige, Grau, Wei\u00df und tiefem Schwarz lassen die Wanddekoration leicht und zugleich ausdrucksstark wirken. Es ist eine ausgezeichnete Wahl f\u00fcr alle, die harmonische Einrichtungen lieben und eine moderne Wanddekoration mit ruhigem, nat\u00fcrlichem und zeitlosem Charakter suchen.<\/p>\n","protected":false},"excerpt":{"rendered":"","protected":false},"featured_media":267913,"comment_status":"closed","ping_status":"closed","template":"","meta":[],"product_brand":[],"product_cat":[96,87,72,211,75,290,103,106,90,69,112,84],"product_tag":[275,705,697,594],"class_list":{"0":"post-277862","1":"product","2":"type-product","3":"status-publish","4":"has-post-thumbnail","6":"product_cat-abstrakt","7":"product_cat-buero","8":"product_cat-flur","9":"product_cat-geometrisch","10":"product_cat-hotel-de","11":"product_cat-illustrationen","12":"product_cat-minimalistisch","13":"product_cat-modern-de","14":"product_cat-restaurant-de","15":"product_cat-schlafzimmer","16":"product_cat-skandinavisch","17":"product_cat-wohnzimmer","18":"product_tag-helle","19":"product_tag-hochformat","20":"product_tag-moderne-bilder","21":"product_tag-multicolor-de","22":"pa_size-finishing-20x30-standard-de","23":"pa_size-finishing-20x30-auf-italienischer-leinwand","24":"pa_size-finishing-20x30-premium-print-de","25":"pa_size-finishing-20x30-akustisch","26":"pa_size-finishing-40x60-standard-de","27":"pa_size-finishing-40x60-auf-italienischer-leinwand","28":"pa_size-finishing-40x60-premium-print-de","29":"pa_size-finishing-40x60-akustisch","30":"pa_size-finishing-40x60-im-naturfarbenen-holzrahmen","31":"pa_size-finishing-40x60-im-schwarzen-holzrahmen","32":"pa_size-finishing-60x90-standard-de","33":"pa_size-finishing-60x90-auf-italienischer-leinwand","34":"pa_size-finishing-60x90-premium-print-de","35":"pa_size-finishing-60x90-akustisch","36":"pa_size-finishing-60x90-im-naturfarbenen-holzrahmen","37":"pa_size-finishing-60x90-im-schwarzen-holzrahmen","38":"pa_size-finishing-80x120-standard-de","39":"pa_size-finishing-80x120-auf-italienischer-leinwand","40":"pa_size-finishing-80x120-premium-print-de","41":"pa_size-finishing-80x120-akustisch","42":"pa_size-finishing-80x120-im-naturfarbenen-holzrahmen","43":"pa_size-finishing-80x120-im-schwarzen-holzrahmen","45":"first","46":"instock","47":"purchasable","48":"product-type-variable","49":"has-default-attributes"},"aioseo_notices":[],"_links":{"self":[{"href":"https:\/\/interiorposter.com\/de\/wp-json\/wp\/v2\/product\/277862","targetHints":{"allow":["GET"]}}],"collection":[{"href":"https:\/\/interiorposter.com\/de\/wp-json\/wp\/v2\/product"}],"about":[{"href":"https:\/\/interiorposter.com\/de\/wp-json\/wp\/v2\/types\/product"}],"replies":[{"embeddable":true,"href":"https:\/\/interiorposter.com\/de\/wp-json\/wp\/v2\/comments?post=277862"}],"wp:featuredmedia":[{"embeddable":true,"href":"https:\/\/interiorposter.com\/de\/wp-json\/wp\/v2\/media\/267913"}],"wp:attachment":[{"href":"https:\/\/interiorposter.com\/de\/wp-json\/wp\/v2\/media?parent=277862"}],"wp:term":[{"taxonomy":"product_brand","embeddable":true,"href":"https:\/\/interiorposter.com\/de\/wp-json\/wp\/v2\/product_brand?post=277862"},{"taxonomy":"product_cat","embeddable":true,"href":"https:\/\/interiorposter.com\/de\/wp-json\/wp\/v2\/product_cat?post=277862"},{"taxonomy":"product_tag","embeddable":true,"href":"https:\/\/interiorposter.com\/de\/wp-json\/wp\/v2\/product_tag?post=277862"}],"curies":[{"name":"wp","href":"https:\/\/api.w.org\/{rel}","templated":true}]}}