{"id":277781,"date":"2026-03-16T00:21:36","date_gmt":"2026-03-15T23:21:36","guid":{"rendered":"https:\/\/interiorposter.com\/product\/obraz-na-plotnie-subtelne-kwiaty-na-blekitnym-tle\/"},"modified":"2026-03-19T01:27:37","modified_gmt":"2026-03-19T00:27:37","slug":"obraz-na-plotnie-subtelne-kwiaty-na-blekitnym-tle","status":"publish","type":"product","link":"https:\/\/interiorposter.com\/de\/product\/obraz-na-plotnie-subtelne-kwiaty-na-blekitnym-tle\/","title":{"rendered":"Leinwandbild Zarte Blumen auf blauem Hintergrund"},"content":{"rendered":"<p>Die zarte Komposition heller Blumen auf einem ruhigen blauen Hintergrund bringt Leichtigkeit, Harmonie und elegante Ruhe in den Raum. Dieses Leinwandbild passt wunderbar ins Wohnzimmer, Schlafzimmer, in den Flur, ins Hotel, B\u00fcro und auch in ein romantisch eingerichtetes Restaurant. Die helle, pastellige Farbgebung mit Nuancen aus Wei\u00df, Beige und ged\u00e4mpftem Blau l\u00e4sst den Raum freundlicher wirken und schafft eine gem\u00fctliche Atmosph\u00e4re. Es ist die perfekte Wahl f\u00fcr alle, die eine stilvolle Wanddekoration suchen, die moderne \u00c4sthetik mit einem zeitlosen Blumenmotiv verbindet.<\/p>\n","protected":false},"excerpt":{"rendered":"","protected":false},"featured_media":266683,"comment_status":"closed","ping_status":"closed","template":"","meta":[],"product_brand":[],"product_cat":[87,72,75,290,103,106,124,90,69,112,84],"product_tag":[697,278,703],"class_list":{"0":"post-277781","1":"product","2":"type-product","3":"status-publish","4":"has-post-thumbnail","6":"product_cat-buero","7":"product_cat-flur","8":"product_cat-hotel-de","9":"product_cat-illustrationen","10":"product_cat-minimalistisch","11":"product_cat-modern-de","12":"product_cat-blumen","13":"product_cat-restaurant-de","14":"product_cat-schlafzimmer","15":"product_cat-skandinavisch","16":"product_cat-wohnzimmer","17":"product_tag-moderne-bilder","18":"product_tag-pastellfarben","19":"product_tag-querformat","20":"pa_size-finishing-30x20-standard-de","21":"pa_size-finishing-30x20-auf-italienischer-leinwand","22":"pa_size-finishing-30x20-premium-print-de","23":"pa_size-finishing-30x20-akustisch","24":"pa_size-finishing-60x40-standard-de","25":"pa_size-finishing-60x40-auf-italienischer-leinwand","26":"pa_size-finishing-60x40-premium-print-de","27":"pa_size-finishing-60x40-akustisch","28":"pa_size-finishing-60x40-im-naturfarbenen-holzrahmen","29":"pa_size-finishing-60x40-im-schwarzen-holzrahmen","30":"pa_size-finishing-90x60-standard-de","31":"pa_size-finishing-90x60-auf-italienischer-leinwand","32":"pa_size-finishing-90x60-premium-print-de","33":"pa_size-finishing-90x60-akustyczny-de","34":"pa_size-finishing-90x60-im-naturfarbenen-holzrahmen","35":"pa_size-finishing-90x60-im-schwarzen-holzrahmen","36":"pa_size-finishing-120x80-standard-de","37":"pa_size-finishing-120x80-auf-italienischer-leinwand","38":"pa_size-finishing-120x80-premium-print-de","39":"pa_size-finishing-120x80-akustisch","40":"pa_size-finishing-120x80-im-naturfarbenen-holzrahmen","41":"pa_size-finishing-120x80-im-schwarzen-holzrahmen","43":"first","44":"instock","45":"purchasable","46":"product-type-variable","47":"has-default-attributes"},"aioseo_notices":[],"_links":{"self":[{"href":"https:\/\/interiorposter.com\/de\/wp-json\/wp\/v2\/product\/277781","targetHints":{"allow":["GET"]}}],"collection":[{"href":"https:\/\/interiorposter.com\/de\/wp-json\/wp\/v2\/product"}],"about":[{"href":"https:\/\/interiorposter.com\/de\/wp-json\/wp\/v2\/types\/product"}],"replies":[{"embeddable":true,"href":"https:\/\/interiorposter.com\/de\/wp-json\/wp\/v2\/comments?post=277781"}],"wp:featuredmedia":[{"embeddable":true,"href":"https:\/\/interiorposter.com\/de\/wp-json\/wp\/v2\/media\/266683"}],"wp:attachment":[{"href":"https:\/\/interiorposter.com\/de\/wp-json\/wp\/v2\/media?parent=277781"}],"wp:term":[{"taxonomy":"product_brand","embeddable":true,"href":"https:\/\/interiorposter.com\/de\/wp-json\/wp\/v2\/product_brand?post=277781"},{"taxonomy":"product_cat","embeddable":true,"href":"https:\/\/interiorposter.com\/de\/wp-json\/wp\/v2\/product_cat?post=277781"},{"taxonomy":"product_tag","embeddable":true,"href":"https:\/\/interiorposter.com\/de\/wp-json\/wp\/v2\/product_tag?post=277781"}],"curies":[{"name":"wp","href":"https:\/\/api.w.org\/{rel}","templated":true}]}}