{"id":277698,"date":"2026-03-15T23:37:40","date_gmt":"2026-03-15T22:37:40","guid":{"rendered":"https:\/\/interiorposter.com\/product\/obraz-na-plotnie-tropikalny-motyw-geometryczny\/"},"modified":"2026-03-17T14:38:04","modified_gmt":"2026-03-17T13:38:04","slug":"obraz-na-plotnie-tropikalny-motyw-geometryczny","status":"publish","type":"product","link":"https:\/\/interiorposter.com\/de\/product\/obraz-na-plotnie-tropikalny-motyw-geometryczny\/","title":{"rendered":"Leinwandbild Tropisches geometrisches Motiv"},"content":{"rendered":"<p>Dieses moderne Leinwandbild mit tropischem Motiv verbindet eine stimmungsvolle Landschaft mit markanter Geometrie und schafft eine Wanddekoration voller Tiefe und eleganter Ausstrahlung. Die von exotischer Vegetation und tropischem Flair inspirierte Komposition begeistert mit einer dunklen Farbgebung in Marineblau, Violett, Wei\u00df und feinen T\u00f6nen des Abendhimmels. Es ist eine wirkungsvolle Wahl f\u00fcr Wohnzimmer, Schlafzimmer, B\u00fcro, Hotel oder Flur, zieht die Blicke auf sich und verleiht dem Raum eine stilvolle Atmosph\u00e4re. Das Bild unterstreicht den Charakter moderner, minimalistischer und eleganter Einrichtungen mit einem Hauch von Exotik.<\/p>\n","protected":false},"excerpt":{"rendered":"","protected":false},"featured_media":264792,"comment_status":"closed","ping_status":"closed","template":"","meta":[],"product_brand":[],"product_cat":[96,87,72,211,75,290,208,103,106,124,69,84],"product_tag":[272,705,697],"class_list":{"0":"post-277698","1":"product","2":"type-product","3":"status-publish","4":"has-post-thumbnail","6":"product_cat-abstrakt","7":"product_cat-buero","8":"product_cat-flur","9":"product_cat-geometrisch","10":"product_cat-hotel-de","11":"product_cat-illustrationen","12":"product_cat-konzeptkunst","13":"product_cat-minimalistisch","14":"product_cat-modern-de","15":"product_cat-blumen","16":"product_cat-schlafzimmer","17":"product_cat-wohnzimmer","18":"product_tag-dunkel","19":"product_tag-hochformat","20":"product_tag-moderne-bilder","21":"pa_size-finishing-20x30-standard-de","22":"pa_size-finishing-20x30-auf-italienischer-leinwand","23":"pa_size-finishing-20x30-premium-print-de","24":"pa_size-finishing-20x30-akustisch","25":"pa_size-finishing-40x60-standard-de","26":"pa_size-finishing-40x60-auf-italienischer-leinwand","27":"pa_size-finishing-40x60-premium-print-de","28":"pa_size-finishing-40x60-akustisch","29":"pa_size-finishing-40x60-im-naturfarbenen-holzrahmen","30":"pa_size-finishing-40x60-im-schwarzen-holzrahmen","31":"pa_size-finishing-60x90-standard-de","32":"pa_size-finishing-60x90-auf-italienischer-leinwand","33":"pa_size-finishing-60x90-premium-print-de","34":"pa_size-finishing-60x90-akustisch","35":"pa_size-finishing-60x90-im-naturfarbenen-holzrahmen","36":"pa_size-finishing-60x90-im-schwarzen-holzrahmen","37":"pa_size-finishing-80x120-standard-de","38":"pa_size-finishing-80x120-auf-italienischer-leinwand","39":"pa_size-finishing-80x120-premium-print-de","40":"pa_size-finishing-80x120-akustisch","41":"pa_size-finishing-80x120-im-naturfarbenen-holzrahmen","42":"pa_size-finishing-80x120-im-schwarzen-holzrahmen","44":"first","45":"instock","46":"purchasable","47":"product-type-variable","48":"has-default-attributes"},"aioseo_notices":[],"_links":{"self":[{"href":"https:\/\/interiorposter.com\/de\/wp-json\/wp\/v2\/product\/277698","targetHints":{"allow":["GET"]}}],"collection":[{"href":"https:\/\/interiorposter.com\/de\/wp-json\/wp\/v2\/product"}],"about":[{"href":"https:\/\/interiorposter.com\/de\/wp-json\/wp\/v2\/types\/product"}],"replies":[{"embeddable":true,"href":"https:\/\/interiorposter.com\/de\/wp-json\/wp\/v2\/comments?post=277698"}],"wp:featuredmedia":[{"embeddable":true,"href":"https:\/\/interiorposter.com\/de\/wp-json\/wp\/v2\/media\/264792"}],"wp:attachment":[{"href":"https:\/\/interiorposter.com\/de\/wp-json\/wp\/v2\/media?parent=277698"}],"wp:term":[{"taxonomy":"product_brand","embeddable":true,"href":"https:\/\/interiorposter.com\/de\/wp-json\/wp\/v2\/product_brand?post=277698"},{"taxonomy":"product_cat","embeddable":true,"href":"https:\/\/interiorposter.com\/de\/wp-json\/wp\/v2\/product_cat?post=277698"},{"taxonomy":"product_tag","embeddable":true,"href":"https:\/\/interiorposter.com\/de\/wp-json\/wp\/v2\/product_tag?post=277698"}],"curies":[{"name":"wp","href":"https:\/\/api.w.org\/{rel}","templated":true}]}}