{"id":231839,"date":"2026-03-05T16:54:37","date_gmt":"2026-03-05T15:54:37","guid":{"rendered":"https:\/\/interiorposter.com\/product\/obraz-na-plotnie-abstrakcyjne-czerwone-maki-w-stylu-akwarelowym\/"},"modified":"2026-03-06T13:51:44","modified_gmt":"2026-03-06T12:51:44","slug":"obraz-na-plotnie-abstrakcyjne-czerwone-maki-w-stylu-akwarelowym","status":"publish","type":"product","link":"https:\/\/interiorposter.com\/de\/product\/obraz-na-plotnie-abstrakcyjne-czerwone-maki-w-stylu-akwarelowym\/","title":{"rendered":"Leinwandbild Abstrakte rote Mohnblumen im Aquarellstil"},"content":{"rendered":"<p>Dieses Leinwandbild mit dem Motiv roter Mohnblumen begeistert durch seine feine, k\u00fcnstlerische Form und bringt Leichtigkeit zusammen mit einem ausdrucksstarken Farbakzent in den Raum. Die von der Aquarellmalerei inspirierte Komposition verbindet auf subtile Weise den romantischen Charakter der Blumen mit moderner Schlichtheit, wodurch die Dekoration sofort ins Auge f\u00e4llt und die Einrichtung stilvoll erg\u00e4nzt. Der helle Hintergrund und die warme Farbpalette in Rot, Creme, Rosa und zartem Grau sorgen daf\u00fcr, dass das Bild im Wohnzimmer, Schlafzimmer, Flur, Hotel oder Restaurant hervorragend zur Geltung kommt. Es ist eine stilvolle Wahl f\u00fcr alle, die Eleganz, Leichtigkeit und zeitlose florale Motive sch\u00e4tzen.<\/p>\n","protected":false},"excerpt":{"rendered":"","protected":false},"featured_media":215273,"comment_status":"open","ping_status":"closed","template":"","meta":[],"product_brand":[],"product_cat":[72,75,290,298,124,90,69,84],"product_tag":[594,703],"class_list":{"0":"post-231839","1":"product","2":"type-product","3":"status-publish","4":"has-post-thumbnail","6":"product_cat-flur","7":"product_cat-hotel-de","8":"product_cat-illustrationen","9":"product_cat-malerei","10":"product_cat-blumen","11":"product_cat-restaurant-de","12":"product_cat-schlafzimmer","13":"product_cat-wohnzimmer","14":"product_tag-multicolor-de","15":"product_tag-querformat","17":"first","18":"instock","19":"taxable","20":"shipping-taxable","21":"purchasable","22":"product-type-variable","23":"has-default-attributes"},"aioseo_notices":[],"_links":{"self":[{"href":"https:\/\/interiorposter.com\/de\/wp-json\/wp\/v2\/product\/231839","targetHints":{"allow":["GET"]}}],"collection":[{"href":"https:\/\/interiorposter.com\/de\/wp-json\/wp\/v2\/product"}],"about":[{"href":"https:\/\/interiorposter.com\/de\/wp-json\/wp\/v2\/types\/product"}],"replies":[{"embeddable":true,"href":"https:\/\/interiorposter.com\/de\/wp-json\/wp\/v2\/comments?post=231839"}],"wp:featuredmedia":[{"embeddable":true,"href":"https:\/\/interiorposter.com\/de\/wp-json\/wp\/v2\/media\/215273"}],"wp:attachment":[{"href":"https:\/\/interiorposter.com\/de\/wp-json\/wp\/v2\/media?parent=231839"}],"wp:term":[{"taxonomy":"product_brand","embeddable":true,"href":"https:\/\/interiorposter.com\/de\/wp-json\/wp\/v2\/product_brand?post=231839"},{"taxonomy":"product_cat","embeddable":true,"href":"https:\/\/interiorposter.com\/de\/wp-json\/wp\/v2\/product_cat?post=231839"},{"taxonomy":"product_tag","embeddable":true,"href":"https:\/\/interiorposter.com\/de\/wp-json\/wp\/v2\/product_tag?post=231839"}],"curies":[{"name":"wp","href":"https:\/\/api.w.org\/{rel}","templated":true}]}}