{"id":231666,"date":"2026-03-05T21:20:28","date_gmt":"2026-03-05T20:20:28","guid":{"rendered":"https:\/\/interiorposter.com\/product\/obraz-na-plotnie-ptaki-na-galezi-o-zmierzchu\/"},"modified":"2026-03-06T11:06:01","modified_gmt":"2026-03-06T10:06:01","slug":"obraz-na-plotnie-ptaki-na-galezi-o-zmierzchu","status":"publish","type":"product","link":"https:\/\/interiorposter.com\/de\/product\/obraz-na-plotnie-ptaki-na-galezi-o-zmierzchu\/","title":{"rendered":"Leinwandbild V\u00f6gel auf einem Ast in der D\u00e4mmerung"},"content":{"rendered":"<p>Dieses Leinwandbild mit dem romantischen Motiv zweier V\u00f6gel auf einem Ast schafft eine ruhige, stimmungsvolle Atmosph\u00e4re im Raum und zieht mit seiner feinen Form sofort die Blicke auf sich. Die kontrastreichen Silhouetten vor einer weichen, malerischen Komposition verleihen der Dekoration Leichtigkeit und Eleganz und bringen zugleich W\u00e4rme und Verbundenheit in das Ambiente. Die pastellige Farbgebung mit Blau, Grau, Gr\u00fcn und zartem Rosa harmoniert wunderbar mit modernen, skandinavischen und minimalistischen Einrichtungen. Das Bild ist eine ideale Wahl f\u00fcr Wohnzimmer, Schlafzimmer, Flur, Hotel oder B\u00fcro, besonders f\u00fcr alle, die stilvolle Wandbilder mit Naturmotiv suchen.<\/p>\n","protected":false},"excerpt":{"rendered":"","protected":false},"featured_media":226857,"comment_status":"open","ping_status":"closed","template":"","meta":[],"product_brand":[],"product_cat":[87,72,75,290,298,103,69,112,255,84],"product_tag":[275,594,703],"class_list":{"0":"post-231666","1":"product","2":"type-product","3":"status-publish","4":"has-post-thumbnail","6":"product_cat-buero","7":"product_cat-flur","8":"product_cat-hotel-de","9":"product_cat-illustrationen","10":"product_cat-malerei","11":"product_cat-minimalistisch","12":"product_cat-schlafzimmer","13":"product_cat-skandinavisch","14":"product_cat-tiere-natur","15":"product_cat-wohnzimmer","16":"product_tag-helle","17":"product_tag-multicolor-de","18":"product_tag-querformat","20":"first","21":"instock","22":"taxable","23":"shipping-taxable","24":"product-type-variable","25":"has-default-attributes"},"aioseo_notices":[],"_links":{"self":[{"href":"https:\/\/interiorposter.com\/de\/wp-json\/wp\/v2\/product\/231666","targetHints":{"allow":["GET"]}}],"collection":[{"href":"https:\/\/interiorposter.com\/de\/wp-json\/wp\/v2\/product"}],"about":[{"href":"https:\/\/interiorposter.com\/de\/wp-json\/wp\/v2\/types\/product"}],"replies":[{"embeddable":true,"href":"https:\/\/interiorposter.com\/de\/wp-json\/wp\/v2\/comments?post=231666"}],"wp:featuredmedia":[{"embeddable":true,"href":"https:\/\/interiorposter.com\/de\/wp-json\/wp\/v2\/media\/226857"}],"wp:attachment":[{"href":"https:\/\/interiorposter.com\/de\/wp-json\/wp\/v2\/media?parent=231666"}],"wp:term":[{"taxonomy":"product_brand","embeddable":true,"href":"https:\/\/interiorposter.com\/de\/wp-json\/wp\/v2\/product_brand?post=231666"},{"taxonomy":"product_cat","embeddable":true,"href":"https:\/\/interiorposter.com\/de\/wp-json\/wp\/v2\/product_cat?post=231666"},{"taxonomy":"product_tag","embeddable":true,"href":"https:\/\/interiorposter.com\/de\/wp-json\/wp\/v2\/product_tag?post=231666"}],"curies":[{"name":"wp","href":"https:\/\/api.w.org\/{rel}","templated":true}]}}