{"id":176885,"date":"2026-02-19T23:13:59","date_gmt":"2026-02-19T22:13:59","guid":{"rendered":"https:\/\/interiorposter.com\/product\/obraz-na-plotnie-zachod-slonca-nad-spokojnym-morzem\/"},"modified":"2026-02-22T05:26:09","modified_gmt":"2026-02-22T04:26:09","slug":"obraz-na-plotnie-zachod-slonca-nad-spokojnym-morzem","status":"publish","type":"product","link":"https:\/\/interiorposter.com\/de\/product\/obraz-na-plotnie-zachod-slonca-nad-spokojnym-morzem\/","title":{"rendered":"Leinwandbild Sonnenuntergang \u00fcber ruhigem Meer"},"content":{"rendered":"<p>Bringen Sie W\u00e4rme und Ruhe in Ihr Zuhause, wie an einem Urlaubstag zur goldenen Stunde. Das Motiv zeigt einen Sonnenuntergang \u00fcber dem Meer im malerischen Stil, der der Szene Weichheit, Gem\u00fctlichkeit und eine elegante Ausstrahlung verleiht. Sanftes Licht, die schimmernde Wasseroberfl\u00e4che und ruhige Wellen schaffen eine entspannte Stimmung und runden die Einrichtung harmonisch ab. Dieses Leinwandbild passt ideal als Wandbild f\u00fcrs Wohnzimmer, Schlafzimmer oder B\u00fcro und ebenso in Hotel, Restaurant oder Flur. Die Farbwelt ist warm und pastellig: Gold und Orange treffen auf Blau, T\u00fcrkis und zarte Violettt\u00f6ne.<\/p>\n","protected":false},"excerpt":{"rendered":"<p>Sonnenuntergang \u00fcber dem Meer im malerischen Stil, in warmen Gold- und Pastellt\u00f6nen. Leinwandbild, das den Raum w\u00e4rmt und eine beruhigende Atmosph\u00e4re schafft.<\/p>\n","protected":false},"featured_media":163257,"comment_status":"open","ping_status":"closed","template":"","meta":[],"product_brand":[],"product_cat":[66,87,72,75,136,298,142,90,69,112,84],"product_tag":[594,703],"class_list":{"0":"post-176885","1":"product","2":"type-product","3":"status-publish","4":"has-post-thumbnail","6":"product_cat-badezimmer","7":"product_cat-buero","8":"product_cat-flur","9":"product_cat-hotel-de","10":"product_cat-landschaften","11":"product_cat-malerei","12":"product_cat-meer-kuste","13":"product_cat-restaurant-de","14":"product_cat-schlafzimmer","15":"product_cat-skandinavisch","16":"product_cat-wohnzimmer","17":"product_tag-multicolor-de","18":"product_tag-querformat","20":"first","21":"instock","22":"taxable","23":"shipping-taxable","24":"purchasable","25":"product-type-variable","26":"has-default-attributes"},"aioseo_notices":[],"_links":{"self":[{"href":"https:\/\/interiorposter.com\/de\/wp-json\/wp\/v2\/product\/176885","targetHints":{"allow":["GET"]}}],"collection":[{"href":"https:\/\/interiorposter.com\/de\/wp-json\/wp\/v2\/product"}],"about":[{"href":"https:\/\/interiorposter.com\/de\/wp-json\/wp\/v2\/types\/product"}],"replies":[{"embeddable":true,"href":"https:\/\/interiorposter.com\/de\/wp-json\/wp\/v2\/comments?post=176885"}],"wp:featuredmedia":[{"embeddable":true,"href":"https:\/\/interiorposter.com\/de\/wp-json\/wp\/v2\/media\/163257"}],"wp:attachment":[{"href":"https:\/\/interiorposter.com\/de\/wp-json\/wp\/v2\/media?parent=176885"}],"wp:term":[{"taxonomy":"product_brand","embeddable":true,"href":"https:\/\/interiorposter.com\/de\/wp-json\/wp\/v2\/product_brand?post=176885"},{"taxonomy":"product_cat","embeddable":true,"href":"https:\/\/interiorposter.com\/de\/wp-json\/wp\/v2\/product_cat?post=176885"},{"taxonomy":"product_tag","embeddable":true,"href":"https:\/\/interiorposter.com\/de\/wp-json\/wp\/v2\/product_tag?post=176885"}],"curies":[{"name":"wp","href":"https:\/\/api.w.org\/{rel}","templated":true}]}}