{"id":176481,"date":"2026-02-21T03:35:29","date_gmt":"2026-02-21T02:35:29","guid":{"rendered":"https:\/\/interiorposter.com\/product\/obraz-wieloczesciowy-spokojne-morze-i-drewniane-falochrony\/"},"modified":"2026-02-21T03:37:08","modified_gmt":"2026-02-21T02:37:08","slug":"obraz-wieloczesciowy-spokojne-morze-i-drewniane-falochrony","status":"publish","type":"product","link":"https:\/\/interiorposter.com\/de\/product\/obraz-wieloczesciowy-spokojne-morze-i-drewniane-falochrony\/","title":{"rendered":"Mehrteiliges Leinwandbild ruhiges Meer und Holz-Buhnen"},"content":{"rendered":"<p>Dieses mehrteilige Leinwandbild zeigt ein ruhiges, glattes Meer und eine Reihe h\u00f6lzerner Buhnen, die in der Ferne verschwinden und so einen beruhigenden Rhythmus sowie starke Tiefe erzeugen. Die minimalistische Komposition bringt Ruhe und Leichtigkeit in den Raum und passt ideal ins Wohnzimmer, Schlafzimmer, B\u00fcro, den Flur, ins Hotel oder Restaurant. Die Farbwelt ist k\u00fchl und zur\u00fcckhaltend: sanfte Grau- und Blaut\u00f6ne mit einem Hauch T\u00fcrkis, ausbalanciert durch nat\u00fcrliche Holzbraunt\u00f6ne und den steinigen Strand. Ein eleganter Wandschmuck, der Harmonie und modernes K\u00fcstenflair schafft.<\/p>\n","protected":false},"excerpt":{"rendered":"<p>Mehrteiliges Leinwandbild mit ruhigem Meer und Holz-Buhnen. K\u00fchle Grau- und Blaut\u00f6ne sorgen f\u00fcr eine minimalistische, entspannte Wanddeko.<\/p>\n","protected":false},"featured_media":166971,"comment_status":"open","ping_status":"closed","template":"","meta":[],"product_brand":[],"product_cat":[87,72,109,75,136,142,103,106,90,69,112,84],"product_tag":[532,594],"class_list":{"0":"post-176481","1":"product","2":"type-product","3":"status-publish","4":"has-post-thumbnail","6":"product_cat-buero","7":"product_cat-flur","8":"product_cat-fotografie-de","9":"product_cat-hotel-de","10":"product_cat-landschaften","11":"product_cat-meer-kuste","12":"product_cat-minimalistisch","13":"product_cat-modern-de","14":"product_cat-restaurant-de","15":"product_cat-schlafzimmer","16":"product_cat-skandinavisch","17":"product_cat-wohnzimmer","18":"product_tag-mehrteiliges-wandbild","19":"product_tag-multicolor-de","21":"first","22":"instock","23":"taxable","24":"shipping-taxable","25":"purchasable","26":"product-type-variable","27":"has-default-attributes"},"aioseo_notices":[],"_links":{"self":[{"href":"https:\/\/interiorposter.com\/de\/wp-json\/wp\/v2\/product\/176481","targetHints":{"allow":["GET"]}}],"collection":[{"href":"https:\/\/interiorposter.com\/de\/wp-json\/wp\/v2\/product"}],"about":[{"href":"https:\/\/interiorposter.com\/de\/wp-json\/wp\/v2\/types\/product"}],"replies":[{"embeddable":true,"href":"https:\/\/interiorposter.com\/de\/wp-json\/wp\/v2\/comments?post=176481"}],"wp:featuredmedia":[{"embeddable":true,"href":"https:\/\/interiorposter.com\/de\/wp-json\/wp\/v2\/media\/166971"}],"wp:attachment":[{"href":"https:\/\/interiorposter.com\/de\/wp-json\/wp\/v2\/media?parent=176481"}],"wp:term":[{"taxonomy":"product_brand","embeddable":true,"href":"https:\/\/interiorposter.com\/de\/wp-json\/wp\/v2\/product_brand?post=176481"},{"taxonomy":"product_cat","embeddable":true,"href":"https:\/\/interiorposter.com\/de\/wp-json\/wp\/v2\/product_cat?post=176481"},{"taxonomy":"product_tag","embeddable":true,"href":"https:\/\/interiorposter.com\/de\/wp-json\/wp\/v2\/product_tag?post=176481"}],"curies":[{"name":"wp","href":"https:\/\/api.w.org\/{rel}","templated":true}]}}