{"id":147257,"date":"2025-06-23T05:01:01","date_gmt":"2025-06-23T03:01:01","guid":{"rendered":"https:\/\/interiorposter.com\/product\/obraz-na-plotnie-zloty-zachod-slonca-nad-spokojnym-morzem\/"},"modified":"2026-02-08T04:20:47","modified_gmt":"2026-02-08T03:20:47","slug":"obraz-na-plotnie-zloty-zachod-slonca-nad-spokojnym-morzem","status":"publish","type":"product","link":"https:\/\/interiorposter.com\/de\/product\/obraz-na-plotnie-zloty-zachod-slonca-nad-spokojnym-morzem\/","title":{"rendered":"Leinwandbild Goldener Sonnenuntergang \u00fcber ruhigem Meer"},"content":{"rendered":"<p>Bringen Sie W\u00e4rme und die Ruhe des Tagesausklangs in Ihr Zuhause: Die goldene Sonne sinkt am Horizont, und ihr Licht spiegelt sich auf dem Meer und bildet einen beruhigenden, leuchtenden Pfad. Im Vordergrund sorgen heller Sand und nat\u00fcrliches, skulptural wirkendes Treibholz f\u00fcr Charakter und ein unbeschwertes Urlaubsgef\u00fchl. Dieses Leinwandbild hellt die Wand auf und schafft eine entspannte Atmosph\u00e4re, perfekt zum Abschalten. Die warme Farbpalette aus Gold, Orange und Beige, kombiniert mit k\u00fchleren Blaut\u00f6nen des Wassers, passt ideal ins Wohnzimmer, Schlafzimmer, B\u00fcro, Hotel, Restaurant oder den Flur als elegantes Wandbild mit Meeresmotiv.<\/p>\n","protected":false},"excerpt":{"rendered":"<p>Leinwandbild mit Strand und goldenem Sonnenuntergang \u00fcber dem Meer. Warme Orange- und Beiget\u00f6ne schaffen eine gem\u00fctliche Urlaubsstimmung.<\/p>\n","protected":false},"featured_media":147215,"comment_status":"open","ping_status":"closed","template":"","meta":[],"product_brand":[],"product_cat":[66,87,72,109,75,81,136,142,90,69,112,84],"product_tag":[594,703],"class_list":{"0":"post-147257","1":"product","2":"type-product","3":"status-publish","4":"has-post-thumbnail","6":"product_cat-badezimmer","7":"product_cat-buero","8":"product_cat-flur","9":"product_cat-fotografie-de","10":"product_cat-hotel-de","11":"product_cat-kueche","12":"product_cat-landschaften","13":"product_cat-meer-kuste","14":"product_cat-restaurant-de","15":"product_cat-schlafzimmer","16":"product_cat-skandinavisch","17":"product_cat-wohnzimmer","18":"product_tag-multicolor-de","19":"product_tag-querformat","21":"first","22":"instock","23":"taxable","24":"shipping-taxable","25":"purchasable","26":"product-type-variable","27":"has-default-attributes"},"aioseo_notices":[],"_links":{"self":[{"href":"https:\/\/interiorposter.com\/de\/wp-json\/wp\/v2\/product\/147257","targetHints":{"allow":["GET"]}}],"collection":[{"href":"https:\/\/interiorposter.com\/de\/wp-json\/wp\/v2\/product"}],"about":[{"href":"https:\/\/interiorposter.com\/de\/wp-json\/wp\/v2\/types\/product"}],"replies":[{"embeddable":true,"href":"https:\/\/interiorposter.com\/de\/wp-json\/wp\/v2\/comments?post=147257"}],"wp:featuredmedia":[{"embeddable":true,"href":"https:\/\/interiorposter.com\/de\/wp-json\/wp\/v2\/media\/147215"}],"wp:attachment":[{"href":"https:\/\/interiorposter.com\/de\/wp-json\/wp\/v2\/media?parent=147257"}],"wp:term":[{"taxonomy":"product_brand","embeddable":true,"href":"https:\/\/interiorposter.com\/de\/wp-json\/wp\/v2\/product_brand?post=147257"},{"taxonomy":"product_cat","embeddable":true,"href":"https:\/\/interiorposter.com\/de\/wp-json\/wp\/v2\/product_cat?post=147257"},{"taxonomy":"product_tag","embeddable":true,"href":"https:\/\/interiorposter.com\/de\/wp-json\/wp\/v2\/product_tag?post=147257"}],"curies":[{"name":"wp","href":"https:\/\/api.w.org\/{rel}","templated":true}]}}